{"id":7905,"date":"2025-09-19T13:11:59","date_gmt":"2025-09-19T11:11:59","guid":{"rendered":"https:\/\/magiiik.netstory.com.pl\/produkt\/senses\/"},"modified":"2025-09-19T13:12:18","modified_gmt":"2025-09-19T11:12:18","slug":"senses","status":"publish","type":"product","link":"https:\/\/magiiik.netstory.com.pl\/?product=senses","title":{"rendered":"SENSES"},"content":{"rendered":"<p style=\"text-align: center;\"><strong><span style=\"font-size: large;\">Ten niezwyk\u0142y rekwizyt zachwyci ka\u017cdego widza!<\/span><\/strong><\/p>\n<p style=\"text-align: center;\"><strong><span style=\"font-size: large;\">Posiada certyfikat BLACK LEBEL!<\/span><\/strong><\/p>\n<p style=\"text-align: center;\">\u00a0<\/p>\n<p style=\"text-align: center;\"><span style=\"font-size: large;\">To rekwizyt, kt\u00f3ry mo\u017cesz spotka\u0107 w wielu restauracjach, co\u015b co mo\u017cesz mie\u0107 ze sob\u0105 ca\u0142y czas! Jest fantastyczny do znikania i pojawiania drobnych przedmiot\u00f3w! Wszystkiego nauczysz si\u0119 z prawie 2-godzinnego filmu na DVD &#8211; znikanie, pojawianie, przemiany i wiele innych!<\/span><\/p>\n<p style=\"text-align: center;\"><span style=\"font-size: large;\"><strong>SENSES<\/strong> &#8211; Mo\u017cesz wzi\u0105\u0107 od widza dowolny drobny przedmiot &#8211; monet\u0119, pier\u015bcionek, ko\u015b\u0107 itd., w\u0142o\u017cy\u0107 do pojemnika i zamkn\u0105\u0107 pokrywk\u0119&#8230; Wstrz\u0105sasz, wszyscy s\u0142ysz\u0105 d\u017awi\u0119k przedmiotu, kt\u00f3ry znajduje si\u0119 w \u015brodku&#8230; D\u017awi\u0119k powoli zanika, a widzom ukazuje si\u0119 puste wn\u0119trze, przedmiot znikn\u0105\u0142! Mo\u017cesz go pojawi\u0107 ponownie w swojej r\u0119ce.<\/span><\/p>\n<p style=\"text-align: center;\">\u00a0<\/p>\n<p style=\"text-align: center;\"><strong><span style=\"font-size: large;\">* Proste w wykonaniu!<\/span><\/strong><\/p>\n<p style=\"text-align: center;\"><strong><span style=\"font-size: large;\">* Nieograniczone mo\u017cliwo\u015bci wykonania!<\/span><\/strong><\/p>\n<p style=\"text-align: center;\"><strong><span style=\"font-size: large;\">* 6 niezwyk\u0142ych sposob\u00f3w wykonania!<\/span><\/strong><\/p>\n<p style=\"text-align: center;\"><strong><span style=\"font-size: large;\">* Przej\u015bcia!<\/span><\/strong><\/p>\n<p style=\"text-align: center;\"><strong><span style=\"font-size: large;\">* Znikni\u0119cia!<\/span><\/strong><\/p>\n<p style=\"text-align: center;\"><strong><span style=\"font-size: large;\">* Pojawienia!<\/span><\/strong><\/p>\n<p style=\"text-align: center;\"><strong><span style=\"font-size: large;\">* Przemiany!<\/span><\/strong><\/p>\n<p style=\"text-align: center;\"><iframe loading=\"lazy\" src=\"http:\/\/www.youtube.com\/embed\/jnbkYh_LgPk\" width=\"425\" height=\"350\"><\/iframe><\/p>\n<p style=\"text-align: center;\">\u00a0<\/p>\n<p style=\"text-align: center;\"><strong><span style=\"font-size: large;\">POLECAMY,<\/span><\/strong><\/p>\n<p style=\"text-align: center;\"><strong><span style=\"font-size: large;\">magiiik.pl<\/span><\/strong><\/p>\n","protected":false},"excerpt":{"rendered":"<p><strong>SENSES by Christhopher Wiehl<\/strong><\/p>\n","protected":false},"featured_media":7906,"comment_status":"closed","ping_status":"open","template":"","meta":[],"product_brand":[],"product_cat":[57],"product_tag":[],"class_list":{"0":"post-7905","1":"product","2":"type-product","3":"status-publish","4":"has-post-thumbnail","6":"product_cat-ksiazki-dvd-download-black-label","8":"first","9":"instock","10":"purchasable","11":"product-type-simple"},"_links":{"self":[{"href":"https:\/\/magiiik.netstory.com.pl\/index.php?rest_route=\/wp\/v2\/product\/7905","targetHints":{"allow":["GET"]}}],"collection":[{"href":"https:\/\/magiiik.netstory.com.pl\/index.php?rest_route=\/wp\/v2\/product"}],"about":[{"href":"https:\/\/magiiik.netstory.com.pl\/index.php?rest_route=\/wp\/v2\/types\/product"}],"replies":[{"embeddable":true,"href":"https:\/\/magiiik.netstory.com.pl\/index.php?rest_route=%2Fwp%2Fv2%2Fcomments&post=7905"}],"wp:featuredmedia":[{"embeddable":true,"href":"https:\/\/magiiik.netstory.com.pl\/index.php?rest_route=\/wp\/v2\/media\/7906"}],"wp:attachment":[{"href":"https:\/\/magiiik.netstory.com.pl\/index.php?rest_route=%2Fwp%2Fv2%2Fmedia&parent=7905"}],"wp:term":[{"taxonomy":"product_brand","embeddable":true,"href":"https:\/\/magiiik.netstory.com.pl\/index.php?rest_route=%2Fwp%2Fv2%2Fproduct_brand&post=7905"},{"taxonomy":"product_cat","embeddable":true,"href":"https:\/\/magiiik.netstory.com.pl\/index.php?rest_route=%2Fwp%2Fv2%2Fproduct_cat&post=7905"},{"taxonomy":"product_tag","embeddable":true,"href":"https:\/\/magiiik.netstory.com.pl\/index.php?rest_route=%2Fwp%2Fv2%2Fproduct_tag&post=7905"}],"curies":[{"name":"wp","href":"https:\/\/api.w.org\/{rel}","templated":true}]}}