{"id":7898,"date":"2025-09-19T13:11:59","date_gmt":"2025-09-19T11:11:59","guid":{"rendered":"https:\/\/magiiik.netstory.com.pl\/produkt\/noc-karty-by-hopc\/"},"modified":"2025-09-19T13:12:14","modified_gmt":"2025-09-19T11:12:14","slug":"noc-karty-by-hopc","status":"publish","type":"product","link":"https:\/\/magiiik.netstory.com.pl\/?product=noc-karty-by-hopc","title":{"rendered":"NOC karty by HOPC!"},"content":{"rendered":"<p style=\"text-align: center;\"><strong><span style=\"font-size: large;\">\u015amia\u0142e, proste i eleganckie! Idealne dla ka\u017cdego iluzjonisty!<\/span><\/strong><\/p>\n<p style=\"text-align: center;\"><span style=\"font-size: large;\">Od 2012 roku prostota i elegancja zosta\u0142y zdefiniowane przez <strong>NOC!<\/strong> Przy ka\u017cdej edycji stajemy si\u0119 coraz lepsi i lepsi! Karty charakteryzuj\u0105 si\u0119 soczystym kolorem koszulki i bia\u0142ym obramowaniem oraz niezwyk\u0142\u0105 wytrzyma\u0142o\u015bci\u0105. To k\u0142adzie nacisk na prac\u0119, jak\u0105 wykonujesz z kartami, a nie na samych kartach!\u00a0<\/span><\/p>\n<p style=\"text-align: center;\"><strong><span style=\"font-size: large;\">Fachowo produkowane w Tajwanie!<\/span><\/strong><\/p>\n<p style=\"text-align: center;\"><span style=\"font-size: large;\">Firma produkuj\u0105ca <strong>NOC<\/strong> to expert w tej dziedzinie! <strong>NOC<\/strong> s\u0105 cienkie, ale sztywne, wyko\u0144czone po mistrzowsku, aby zapewni\u0107 najlepszy efekt Twoich magicznych sztuczek!\u00a0<\/span><\/p>\n<p style=\"text-align: center;\"><strong><span style=\"font-size: large;\">System znakowania &amp; Free Video z Serwisu<\/span><\/strong><\/p>\n<p style=\"text-align: center;\"><span style=\"font-size: large;\"><strong>NOC<\/strong> v3 s\u0105 oznaczone w spos\u00f3b subtelny, ale w \u0142atwy do odczytania spos\u00f3b. Przy zakupie <strong>NOC<\/strong>, otrzymasz bezp\u0142atny 20-minutowy film do pobrania z udzia\u0142em <strong>Alex Pandrea<\/strong>, kt\u00f3re nauczy Ci\u0119, jak korzysta\u0107 z systemu oznakowania!<\/span><\/p>\n<p style=\"text-align: center;\">\u00a0<\/p>\n<p style=\"text-align: center;\"><strong><span style=\"font-size: large;\">Dost\u0119pne w 5 uderzaj\u0105cych kolorach! Zbierz je wszystkie!<\/span><\/strong><\/p>\n<p style=\"text-align: center;\"><span style=\"font-size: large;\">Ze wzgl\u0119du na prost\u0105 konstrukcj\u0119 i \u017cywe kolory, talia <strong>NOC<\/strong> jest idealna do wszelkich zastosowa\u0144! Niewa\u017cne, czy grasz w pokera, czy wykonujesz magiczne sztuczki, <strong>NOC<\/strong> jest idealnym rozwi\u0105zaniem.<strong> NOC<\/strong> v3 jest dost\u0119pny w 5 \u017cywych kolorach, aby dopasowa\u0107 je do nastroju, ubrania, lub Twojego stylu!<\/span><\/p>\n<p style=\"text-align: center;\">\u00a0<\/p>\n<p style=\"text-align: center;\"><strong><span style=\"font-size: large;\">POLECAMY,<\/span><\/strong><\/p>\n<p style=\"text-align: center;\"><strong><span style=\"font-size: large;\">magiiik.pl<\/span><\/strong><\/p>\n","protected":false},"excerpt":{"rendered":"<p><strong>NOC<\/strong><\/p>\n","protected":false},"featured_media":7899,"comment_status":"closed","ping_status":"open","template":"","meta":[],"product_brand":[],"product_cat":[32],"product_tag":[],"class_list":{"0":"post-7898","1":"product","2":"type-product","3":"status-publish","4":"has-post-thumbnail","6":"product_cat-karty-standardowe","8":"first","9":"instock","10":"purchasable","11":"product-type-simple"},"_links":{"self":[{"href":"https:\/\/magiiik.netstory.com.pl\/index.php?rest_route=\/wp\/v2\/product\/7898","targetHints":{"allow":["GET"]}}],"collection":[{"href":"https:\/\/magiiik.netstory.com.pl\/index.php?rest_route=\/wp\/v2\/product"}],"about":[{"href":"https:\/\/magiiik.netstory.com.pl\/index.php?rest_route=\/wp\/v2\/types\/product"}],"replies":[{"embeddable":true,"href":"https:\/\/magiiik.netstory.com.pl\/index.php?rest_route=%2Fwp%2Fv2%2Fcomments&post=7898"}],"wp:featuredmedia":[{"embeddable":true,"href":"https:\/\/magiiik.netstory.com.pl\/index.php?rest_route=\/wp\/v2\/media\/7899"}],"wp:attachment":[{"href":"https:\/\/magiiik.netstory.com.pl\/index.php?rest_route=%2Fwp%2Fv2%2Fmedia&parent=7898"}],"wp:term":[{"taxonomy":"product_brand","embeddable":true,"href":"https:\/\/magiiik.netstory.com.pl\/index.php?rest_route=%2Fwp%2Fv2%2Fproduct_brand&post=7898"},{"taxonomy":"product_cat","embeddable":true,"href":"https:\/\/magiiik.netstory.com.pl\/index.php?rest_route=%2Fwp%2Fv2%2Fproduct_cat&post=7898"},{"taxonomy":"product_tag","embeddable":true,"href":"https:\/\/magiiik.netstory.com.pl\/index.php?rest_route=%2Fwp%2Fv2%2Fproduct_tag&post=7898"}],"curies":[{"name":"wp","href":"https:\/\/api.w.org\/{rel}","templated":true}]}}