{"id":7892,"date":"2025-09-19T13:11:59","date_gmt":"2025-09-19T11:11:59","guid":{"rendered":"https:\/\/magiiik.netstory.com.pl\/produkt\/thumb-tip-king-size-by-vernet\/"},"modified":"2025-09-19T13:12:12","modified_gmt":"2025-09-19T11:12:12","slug":"thumb-tip-king-size-by-vernet","status":"publish","type":"product","link":"https:\/\/magiiik.netstory.com.pl\/?product=thumb-tip-king-size-by-vernet","title":{"rendered":"Thumb Tip King Size by Vernet"},"content":{"rendered":"<p style=\"text-align: center;\"><span style=\"font-size: large;\"><strong>THUMB TIP plastik, du\u017cy, jest idealny do wykonywania rozmaitych trick\u00f3w iluzjonistycznych, w kt\u00f3rych znikaj\u0105 i pojawiaj\u0105 si\u0119 ma\u0142e przedmioty! Jest niezwykle realistyczny.<\/strong><\/span><\/p>\n<p style=\"text-align: center;\"><span style=\"font-size: large;\"><strong><br \/><\/strong><\/span><\/p>\n<p style=\"text-align: center;\"><span style=\"font-size: large;\"><strong>Rozmiary:<\/strong><\/span><\/p>\n<p style=\"text-align: center;\"><span style=\"font-size: large;\"><strong>&#8211; d\u0142ugo\u015b\u0107 6,5 cm;<\/strong><\/span><\/p>\n<p style=\"text-align: center;\"><span style=\"font-size: large;\"><strong>&#8211; \u015brednica 2,5 cm.<\/strong><\/span><\/p>\n","protected":false},"excerpt":{"rendered":"<p><strong>Thumb Tip King Size<\/strong><\/p>\n","protected":false},"featured_media":7893,"comment_status":"closed","ping_status":"open","template":"","meta":[],"product_brand":[],"product_cat":[36],"product_tag":[],"class_list":{"0":"post-7892","1":"product","2":"type-product","3":"status-publish","4":"has-post-thumbnail","6":"product_cat-akcesoria-thumb-tip-kciuki","8":"first","9":"instock","10":"purchasable","11":"product-type-simple"},"_links":{"self":[{"href":"https:\/\/magiiik.netstory.com.pl\/index.php?rest_route=\/wp\/v2\/product\/7892","targetHints":{"allow":["GET"]}}],"collection":[{"href":"https:\/\/magiiik.netstory.com.pl\/index.php?rest_route=\/wp\/v2\/product"}],"about":[{"href":"https:\/\/magiiik.netstory.com.pl\/index.php?rest_route=\/wp\/v2\/types\/product"}],"replies":[{"embeddable":true,"href":"https:\/\/magiiik.netstory.com.pl\/index.php?rest_route=%2Fwp%2Fv2%2Fcomments&post=7892"}],"wp:featuredmedia":[{"embeddable":true,"href":"https:\/\/magiiik.netstory.com.pl\/index.php?rest_route=\/wp\/v2\/media\/7893"}],"wp:attachment":[{"href":"https:\/\/magiiik.netstory.com.pl\/index.php?rest_route=%2Fwp%2Fv2%2Fmedia&parent=7892"}],"wp:term":[{"taxonomy":"product_brand","embeddable":true,"href":"https:\/\/magiiik.netstory.com.pl\/index.php?rest_route=%2Fwp%2Fv2%2Fproduct_brand&post=7892"},{"taxonomy":"product_cat","embeddable":true,"href":"https:\/\/magiiik.netstory.com.pl\/index.php?rest_route=%2Fwp%2Fv2%2Fproduct_cat&post=7892"},{"taxonomy":"product_tag","embeddable":true,"href":"https:\/\/magiiik.netstory.com.pl\/index.php?rest_route=%2Fwp%2Fv2%2Fproduct_tag&post=7892"}],"curies":[{"name":"wp","href":"https:\/\/api.w.org\/{rel}","templated":true}]}}