{"id":7880,"date":"2025-09-19T13:11:59","date_gmt":"2025-09-19T11:11:59","guid":{"rendered":"https:\/\/magiiik.netstory.com.pl\/produkt\/magic-reel-plastic\/"},"modified":"2025-09-19T13:12:10","modified_gmt":"2025-09-19T11:12:10","slug":"magic-reel-plastic","status":"publish","type":"product","link":"https:\/\/magiiik.netstory.com.pl\/?product=magic-reel-plastic","title":{"rendered":"Magic Reel plastic"},"content":{"rendered":"<p style=\"text-align: center;\"><span style=\"font-size: large;\"><strong>MAGIC REEL<\/strong> jest to podstawowy rekwizyt ka\u017cdego iluzjonisty!\u00a0<\/span><\/p>\n<p style=\"text-align: center;\"><span style=\"font-size: large;\"><br \/><\/span><\/p>\n<p style=\"text-align: center;\"><span style=\"font-size: large;\">Dzi\u0119ki niemu mo\u017cesz wykonywa\u0107 wiele niezwyk\u0142ych efekt\u00f3w magicznych, jak np. rozwi\u0105zywanie w\u0119z\u0142a, przenikanie chustki przez ucho od kubka, b\u0105d\u017a metalow\u0105 obr\u0119cz i inne.\u00a0<\/span><\/p>\n<p style=\"text-align: center;\">\u00a0<\/p>\n<p style=\"text-align: center;\"><span style=\"font-size: large;\"><br \/><\/span><\/p>\n<p style=\"text-align: center;\"><span style=\"font-size: large;\">Opr\u00f3cz gimmicka otrzymasz obszern\u0105 instrukcj\u0119 w j\u0119zyku angielskim i wieloma obrazkami!<\/span><\/p>\n<p style=\"text-align: center;\"><span style=\"font-size: large;\"><br \/><\/span><\/p>\n<p style=\"text-align: center;\"><strong><span style=\"font-size: large;\">Michael Ammar t\u0142umaczy\u0142 wykonywanie trick\u00f3w z tym rekwizytem w swoim seminarium At The Table, kt\u00f3re mo\u017cesz zakupi\u0107 w naszym sklepie <a href=\"https:\/\/magiiik.netstory.com.pl\/3\">TUTAJ!<\/a><\/span><\/strong><\/p>\n<p style=\"text-align: center;\">\u00a0<\/p>\n<p style=\"text-align: center;\"><span style=\"font-size: large;\"><br \/><\/span><\/p>\n<p style=\"text-align: center;\"><span style=\"font-size: large;\">Polecamy,<\/span><\/p>\n<p style=\"text-align: center;\"><span style=\"font-size: large;\">magiiik.pl<\/span><\/p>\n","protected":false},"excerpt":{"rendered":"<p><strong>MAGIC REEL!<\/strong><\/p>\n","protected":false},"featured_media":7881,"comment_status":"closed","ping_status":"open","template":"","meta":[],"product_brand":[],"product_cat":[53],"product_tag":[],"class_list":{"0":"post-7880","1":"product","2":"type-product","3":"status-publish","4":"has-post-thumbnail","6":"product_cat-mikro-iluzja-close-up","8":"first","9":"instock","10":"purchasable","11":"product-type-simple"},"_links":{"self":[{"href":"https:\/\/magiiik.netstory.com.pl\/index.php?rest_route=\/wp\/v2\/product\/7880","targetHints":{"allow":["GET"]}}],"collection":[{"href":"https:\/\/magiiik.netstory.com.pl\/index.php?rest_route=\/wp\/v2\/product"}],"about":[{"href":"https:\/\/magiiik.netstory.com.pl\/index.php?rest_route=\/wp\/v2\/types\/product"}],"replies":[{"embeddable":true,"href":"https:\/\/magiiik.netstory.com.pl\/index.php?rest_route=%2Fwp%2Fv2%2Fcomments&post=7880"}],"wp:featuredmedia":[{"embeddable":true,"href":"https:\/\/magiiik.netstory.com.pl\/index.php?rest_route=\/wp\/v2\/media\/7881"}],"wp:attachment":[{"href":"https:\/\/magiiik.netstory.com.pl\/index.php?rest_route=%2Fwp%2Fv2%2Fmedia&parent=7880"}],"wp:term":[{"taxonomy":"product_brand","embeddable":true,"href":"https:\/\/magiiik.netstory.com.pl\/index.php?rest_route=%2Fwp%2Fv2%2Fproduct_brand&post=7880"},{"taxonomy":"product_cat","embeddable":true,"href":"https:\/\/magiiik.netstory.com.pl\/index.php?rest_route=%2Fwp%2Fv2%2Fproduct_cat&post=7880"},{"taxonomy":"product_tag","embeddable":true,"href":"https:\/\/magiiik.netstory.com.pl\/index.php?rest_route=%2Fwp%2Fv2%2Fproduct_tag&post=7880"}],"curies":[{"name":"wp","href":"https:\/\/api.w.org\/{rel}","templated":true}]}}