{"id":7863,"date":"2025-09-19T13:11:59","date_gmt":"2025-09-19T11:11:59","guid":{"rendered":"https:\/\/magiiik.netstory.com.pl\/produkt\/invisible-deck-bicycle\/"},"modified":"2025-09-19T13:12:01","modified_gmt":"2025-09-19T11:12:01","slug":"invisible-deck-bicycle","status":"publish","type":"product","link":"https:\/\/magiiik.netstory.com.pl\/?product=invisible-deck-bicycle","title":{"rendered":"Invisible Deck BICYCLE"},"content":{"rendered":"<p style=\"text-align: center;\"><span style=\"font-size: large;\">Niesamowity, \u0142atwy do wykonania <strong>CUD MAGIIICZNY!<\/strong> Trick jest obowi\u0105zkowy dla ka\u017cdego iluzjonisty! <\/span><\/p>\n<p style=\"text-align: center;\"><strong><span style=\"font-size: large;\">Jeden z najlepiej sprzedaj\u0105cych si\u0119 trick\u00f3w wszechczas\u00f3w!<\/span><\/strong><\/p>\n<p style=\"text-align: center;\"><span style=\"font-size: large;\"><br \/><\/span><\/p>\n<p style=\"text-align: center;\"><span style=\"font-size: large;\">Widz zostaje poproszony przez magiiika, aby wybra\u0142 dowoln\u0105 kart\u0119 z talii, daj\u0105c mu zupe\u0142nie wolny wyb\u00f3r. Magiiik nast\u0119pnie prosi widza, aby powiedzia\u0142 na g\u0142os kart\u0119, kt\u00f3r\u0105 wybra\u0142. W tym momencie wysuwamy karty z pude\u0142ka i rozsuwamy je w lekki wachlarz&#8230; Ku zaskoczeniu wszystkich tylko jednak karta jest odwr\u00f3cona koszulk\u0105 do g\u00f3ry&#8230; KARTA WIDZA!<\/span><\/p>\n<p style=\"text-align: center;\"><span style=\"font-size: large;\"><br \/><\/span><\/p>\n<p style=\"text-align: center;\"><span style=\"font-size: large;\">UWAGA!<\/span><\/p>\n<p style=\"text-align: center;\"><strong><span style=\"font-size: large;\">ORYGINALNA TALIA BICYCLE POKER!<\/span><\/strong><\/p>\n<p><span style=\"font-size: small;\"><br \/><\/span><\/p>\n<p><span style=\"font-size: small;\"><strong>POLECAMY!<\/strong><\/span><\/p>\n<p><span style=\"font-size: small;\"><strong>magiiik.pl<\/strong><\/span><\/p>\n<div><span><span><br \/><\/span><\/span><\/div>\n","protected":false},"excerpt":{"rendered":"<p><strong>INVISIBLE DECK BICYCLE POKER<\/strong><\/p>\n","protected":false},"featured_media":7864,"comment_status":"closed","ping_status":"open","template":"","meta":[],"product_brand":[],"product_cat":[51],"product_tag":[],"class_list":{"0":"post-7863","1":"product","2":"type-product","3":"status-publish","4":"has-post-thumbnail","6":"product_cat-mikro-iluzja-close-up-karty-trickowe","8":"first","9":"instock","10":"purchasable","11":"product-type-simple"},"_links":{"self":[{"href":"https:\/\/magiiik.netstory.com.pl\/index.php?rest_route=\/wp\/v2\/product\/7863","targetHints":{"allow":["GET"]}}],"collection":[{"href":"https:\/\/magiiik.netstory.com.pl\/index.php?rest_route=\/wp\/v2\/product"}],"about":[{"href":"https:\/\/magiiik.netstory.com.pl\/index.php?rest_route=\/wp\/v2\/types\/product"}],"replies":[{"embeddable":true,"href":"https:\/\/magiiik.netstory.com.pl\/index.php?rest_route=%2Fwp%2Fv2%2Fcomments&post=7863"}],"wp:featuredmedia":[{"embeddable":true,"href":"https:\/\/magiiik.netstory.com.pl\/index.php?rest_route=\/wp\/v2\/media\/7864"}],"wp:attachment":[{"href":"https:\/\/magiiik.netstory.com.pl\/index.php?rest_route=%2Fwp%2Fv2%2Fmedia&parent=7863"}],"wp:term":[{"taxonomy":"product_brand","embeddable":true,"href":"https:\/\/magiiik.netstory.com.pl\/index.php?rest_route=%2Fwp%2Fv2%2Fproduct_brand&post=7863"},{"taxonomy":"product_cat","embeddable":true,"href":"https:\/\/magiiik.netstory.com.pl\/index.php?rest_route=%2Fwp%2Fv2%2Fproduct_cat&post=7863"},{"taxonomy":"product_tag","embeddable":true,"href":"https:\/\/magiiik.netstory.com.pl\/index.php?rest_route=%2Fwp%2Fv2%2Fproduct_tag&post=7863"}],"curies":[{"name":"wp","href":"https:\/\/api.w.org\/{rel}","templated":true}]}}