{"id":7861,"date":"2025-09-19T13:11:59","date_gmt":"2025-09-19T11:11:59","guid":{"rendered":"https:\/\/magiiik.netstory.com.pl\/produkt\/michael-ammar-zestaw-3-video\/"},"modified":"2025-09-19T13:12:01","modified_gmt":"2025-09-19T11:12:01","slug":"michael-ammar-zestaw-3-video","status":"publish","type":"product","link":"https:\/\/magiiik.netstory.com.pl\/?product=michael-ammar-zestaw-3-video","title":{"rendered":"MICHAEL AMMAR &#8211; ZESTAW 3 VIDEO!"},"content":{"rendered":"<p style=\"text-align: center;\"><strong><span style=\"font-size: large;\">Ammar Trilogy (3 Video Zestaw) by Michael Ammar\u00a0<\/span><\/strong><\/p>\n<p style=\"text-align: center;\"><span style=\"font-size: large;\"><br \/><\/span><\/p>\n<p style=\"text-align: center;\"><span style=\"font-size: large;\">To jest to, co ka\u017cdy pasjonat sztuki iluzji powinien mie\u0107 w swojej magiiicznej biblioteczce!\u00a0<\/span><\/p>\n<p style=\"text-align: center;\"><span style=\"font-size: large;\"><br \/><\/span><\/p>\n<p style=\"text-align: center;\"><span style=\"font-size: large;\"><strong>Michael Ammar<\/strong>, \u015bwiatowej klasy magiiik ujawnia w tych filmach swoje do\u015bwiadczenie w iluzji. Odkryje przed Tob\u0105 swoje sekrety, nauczy Ci\u0119 metod technicznych oraz opowie, dlaczego powinno si\u0119 tricki wykonywa\u0107 w taki, a nie inny spos\u00f3b oraz co zrobi\u0107, jak zareagowa\u0107, je\u015bli co\u015b p\u00f3jdzie nie tak na Twoim pokazie. <\/span><\/p>\n<p style=\"text-align: center;\"><span style=\"font-size: large;\">Jego 30 &#8211; letnie do\u015bwiadczenie w wykonywaniu sztuczek magiiicznych znajdziesz w\u0142a\u015bnie na tym DVD!<\/span><\/p>\n<p>\u00a0<\/p>\n<p>\u00a0<\/p>\n<p><strong><span style=\"font-size: medium;\">VOLUME 1 &#8211; Niesamowite tricki z przedmiotami codziennego u\u017cytku<\/span><\/strong><\/p>\n<p><span style=\"font-size: medium;\">Zdumiewaj\u0105ce sztuczki przy u\u017cyciu \u0142y\u017cki, widelca, gumki recepturki, wizyt\u00f3wki, o\u0142\u00f3wka i wiele wi\u0119cej! Te tricki dadz\u0105 Ci mo\u017cliwo\u015b\u0107 prezentacji magii w ka\u017cdym miejscu, o ka\u017cdej porze!\u00a0<\/span><\/p>\n<p><strong><span style=\"font-size: medium;\">VOLUME 2 &#8211; Niesamowite tricki z kartami<\/span><\/strong><\/p>\n<p><span style=\"font-size: medium;\">Z tego filmu nauczysz si\u0119 wykonywa\u0107 najbardziej zdumiewaj\u0105ce tricki karciane przy u\u017cyciu zwyk\u0142ej talii kart!\u00a0<\/span><\/p>\n<p><strong><span style=\"font-size: medium;\">VOLUME 3 &#8211; Niesamowite tricki z monetami<\/span><\/strong><\/p>\n<p><span style=\"font-size: medium;\">Wyobra\u017a sobie emocje id\u0105ce za trickiem, kt\u00f3ry mo\u017cesz wykona\u0107 o ka\u017cdej porze z ka\u017cd\u0105 monet\u0105 wyj\u0119t\u0105 w\u0142a\u015bnie z kieszeni! <strong>Michael Ammar<\/strong> wyja\u015bni tu podstawy pojawiania i znikania monet &#8211; w najciekawszy i najfajniejszy spos\u00f3b! B\u0119dziesz zaskoczony, jak wiele efekt\u00f3w magiiicznych mo\u017cna wykona\u0107 za pomoc\u0105 zwyk\u0142ych monet!<\/span><\/p>\n<p>\u00a0<\/p>\n<p>\u00a0<\/p>\n<p style=\"text-align: center;\"><strong><span style=\"font-size: medium;\">FILM DOST\u0118PNY DO \u015aCI\u0104GNI\u0118CIA!<\/span><\/strong><\/p>\n<p>\u00a0<\/p>\n<p><strong><span style=\"font-size: medium;\">POLECAMY<\/span><\/strong><\/p>\n<p><strong><span style=\"font-size: medium;\">magiiik.pl<\/span><\/strong><\/p>\n","protected":false},"excerpt":{"rendered":"<p><strong><span style=\"color: #444444; font-family: 'Segoe UI', Arial, Helvetica, sans-serif; font-size: 19px;\">Ammar Trilogy (3 Video Zestaw) by Michael Ammar\u00a0<\/span><\/strong><\/p>\n","protected":false},"featured_media":7862,"comment_status":"closed","ping_status":"open","template":"","meta":[],"product_brand":[],"product_cat":[55],"product_tag":[],"class_list":{"0":"post-7861","1":"product","2":"type-product","3":"status-publish","4":"has-post-thumbnail","6":"product_cat-ksiazki-dvd-download-downloads","8":"first","9":"instock","10":"purchasable","11":"product-type-simple"},"_links":{"self":[{"href":"https:\/\/magiiik.netstory.com.pl\/index.php?rest_route=\/wp\/v2\/product\/7861","targetHints":{"allow":["GET"]}}],"collection":[{"href":"https:\/\/magiiik.netstory.com.pl\/index.php?rest_route=\/wp\/v2\/product"}],"about":[{"href":"https:\/\/magiiik.netstory.com.pl\/index.php?rest_route=\/wp\/v2\/types\/product"}],"replies":[{"embeddable":true,"href":"https:\/\/magiiik.netstory.com.pl\/index.php?rest_route=%2Fwp%2Fv2%2Fcomments&post=7861"}],"wp:featuredmedia":[{"embeddable":true,"href":"https:\/\/magiiik.netstory.com.pl\/index.php?rest_route=\/wp\/v2\/media\/7862"}],"wp:attachment":[{"href":"https:\/\/magiiik.netstory.com.pl\/index.php?rest_route=%2Fwp%2Fv2%2Fmedia&parent=7861"}],"wp:term":[{"taxonomy":"product_brand","embeddable":true,"href":"https:\/\/magiiik.netstory.com.pl\/index.php?rest_route=%2Fwp%2Fv2%2Fproduct_brand&post=7861"},{"taxonomy":"product_cat","embeddable":true,"href":"https:\/\/magiiik.netstory.com.pl\/index.php?rest_route=%2Fwp%2Fv2%2Fproduct_cat&post=7861"},{"taxonomy":"product_tag","embeddable":true,"href":"https:\/\/magiiik.netstory.com.pl\/index.php?rest_route=%2Fwp%2Fv2%2Fproduct_tag&post=7861"}],"curies":[{"name":"wp","href":"https:\/\/api.w.org\/{rel}","templated":true}]}}