{"id":7859,"date":"2025-09-19T13:11:59","date_gmt":"2025-09-19T11:11:59","guid":{"rendered":"https:\/\/magiiik.netstory.com.pl\/produkt\/cuda-z-monetami-vol-3-michael-ammar\/"},"modified":"2025-09-19T13:12:00","modified_gmt":"2025-09-19T11:12:00","slug":"cuda-z-monetami-vol-3-michael-ammar","status":"publish","type":"product","link":"https:\/\/magiiik.netstory.com.pl\/?product=cuda-z-monetami-vol-3-michael-ammar","title":{"rendered":"CUDA Z MONETAMI vol. 3 &#8211; MICHAEL AMMAR"},"content":{"rendered":"<p style=\"text-align: center;\"><strong><span style=\"font-size: large;\">CUDA Z MONETAMI &#8211; MICHAEL AMMAR<\/span><\/strong><\/p>\n<p style=\"text-align: center;\">\u00a0<\/p>\n<p style=\"text-align: center;\"><span style=\"font-size: large;\"><strong>Money Miracles Volume 3 by Michael Ammar<\/strong>\u00a0to bogaty zbi\u00f3r pot\u0119\u017cnej magii z monetami!<\/span><\/p>\n<p style=\"text-align: center;\"><span style=\"font-size: large;\">Znajdziesz tu zar\u00f3wno klasyczne tricki i metody, jak i zupe\u0142nie nowe!\u00a0<\/span><\/p>\n<p style=\"text-align: center;\"><span style=\"font-size: large;\"><br \/><\/span><\/p>\n<p style=\"text-align: center;\"><span style=\"font-size: large;\">Mistrz \u015bwiata,\u00a0<strong>Michael Ammar<\/strong>\u00a0zebra\u0142 w tym filmie najlepsze, praktyczne porady, jak zachwyca\u0107 &#8222;magi\u0105 pieni\u0119\u017cn\u0105&#8221; dos\u0142ownie wsz\u0119dzie i w ka\u017cdej sytuacji!<\/span><\/p>\n<p style=\"text-align: center;\"><span style=\"font-size: large;\"><br \/><\/span><\/p>\n<p style=\"text-align: center;\"><span style=\"font-size: large;\"><br \/><\/span><\/p>\n<ul>\n<li><span style=\"font-size: medium;\">Coins Thru Silk (Michael Ammar)<\/span><\/li>\n<li><span style=\"font-size: medium;\">Dining On Dollars (Rick Johnsson)<\/span><\/li>\n<li><span style=\"font-size: medium;\">Flying Eagles (Eddie Fechter)<\/span><\/li>\n<li><span style=\"font-size: medium;\">$5 and $1 (Tom Ogden)<\/span><\/li>\n<li><span style=\"font-size: medium;\">Coin From Pen Cap (David Williamson)<\/span><\/li>\n<li><span style=\"font-size: medium;\">Chocolate Coin (Paul Harris)<\/span><\/li>\n<li><span style=\"font-size: medium;\">E-Z Money (Patrick Page &amp; Fred Kaps)<\/span><\/li>\n<li><span style=\"font-size: medium;\">The 10,000 Grains of Salt<\/span><\/li>\n<li><span style=\"font-size: medium;\">Bonus Effect &#8211; Bill To Nut (Michael Ammar &amp; Louis Falanga)<\/span><\/li>\n<li><span style=\"font-size: medium;\">Plus &#8211; The Bill To Impossible Location (Michael Ammar &amp; Louis Falanga)<\/span><\/li>\n<\/ul>\n<p style=\"text-align: center;\"><span style=\"font-size: large;\"><br \/><\/span><\/p>\n<p style=\"text-align: center;\"><span style=\"font-size: large;\"><br \/><\/span><\/p>\n<p style=\"text-align: center;\"><span style=\"font-size: large;\">FILM DOST\u0118PNY DO \u015aCI\u0104GNI\u0118CIA<\/span><\/p>\n<p style=\"text-align: center;\">\u00a0<\/p>\n","protected":false},"excerpt":{"rendered":"<p><strong>CUDA Z MONETAMI &#8211; MICHAEL AMMAR<\/strong><\/p>\n","protected":false},"featured_media":7860,"comment_status":"closed","ping_status":"open","template":"","meta":[],"product_brand":[],"product_cat":[55],"product_tag":[],"class_list":{"0":"post-7859","1":"product","2":"type-product","3":"status-publish","4":"has-post-thumbnail","6":"product_cat-ksiazki-dvd-download-downloads","8":"first","9":"instock","10":"purchasable","11":"product-type-simple"},"_links":{"self":[{"href":"https:\/\/magiiik.netstory.com.pl\/index.php?rest_route=\/wp\/v2\/product\/7859","targetHints":{"allow":["GET"]}}],"collection":[{"href":"https:\/\/magiiik.netstory.com.pl\/index.php?rest_route=\/wp\/v2\/product"}],"about":[{"href":"https:\/\/magiiik.netstory.com.pl\/index.php?rest_route=\/wp\/v2\/types\/product"}],"replies":[{"embeddable":true,"href":"https:\/\/magiiik.netstory.com.pl\/index.php?rest_route=%2Fwp%2Fv2%2Fcomments&post=7859"}],"wp:featuredmedia":[{"embeddable":true,"href":"https:\/\/magiiik.netstory.com.pl\/index.php?rest_route=\/wp\/v2\/media\/7860"}],"wp:attachment":[{"href":"https:\/\/magiiik.netstory.com.pl\/index.php?rest_route=%2Fwp%2Fv2%2Fmedia&parent=7859"}],"wp:term":[{"taxonomy":"product_brand","embeddable":true,"href":"https:\/\/magiiik.netstory.com.pl\/index.php?rest_route=%2Fwp%2Fv2%2Fproduct_brand&post=7859"},{"taxonomy":"product_cat","embeddable":true,"href":"https:\/\/magiiik.netstory.com.pl\/index.php?rest_route=%2Fwp%2Fv2%2Fproduct_cat&post=7859"},{"taxonomy":"product_tag","embeddable":true,"href":"https:\/\/magiiik.netstory.com.pl\/index.php?rest_route=%2Fwp%2Fv2%2Fproduct_tag&post=7859"}],"curies":[{"name":"wp","href":"https:\/\/api.w.org\/{rel}","templated":true}]}}