{"id":7857,"date":"2025-09-19T13:11:59","date_gmt":"2025-09-19T11:11:59","guid":{"rendered":"https:\/\/magiiik.netstory.com.pl\/produkt\/cuda-z-monetami-vol-2-michael-ammar\/"},"modified":"2025-09-19T13:12:00","modified_gmt":"2025-09-19T11:12:00","slug":"cuda-z-monetami-vol-2-michael-ammar","status":"publish","type":"product","link":"https:\/\/magiiik.netstory.com.pl\/?product=cuda-z-monetami-vol-2-michael-ammar","title":{"rendered":"CUDA Z MONETAMI vol. 2 &#8211; MICHAEL AMMAR"},"content":{"rendered":"<p style=\"text-align: center;\"><strong><span style=\"font-size: large;\">CUDA Z MONETAMI &#8211; MICHAEL AMMAR<\/span><\/strong><\/p>\n<p style=\"text-align: center;\">\u00a0<\/p>\n<p style=\"text-align: center;\"><span style=\"font-size: large;\"><strong>Money Miracles Volume 2 by Michael Ammar\u00a0<\/strong>to bogaty zbi\u00f3r pot\u0119\u017cnej magii z monetami!<\/span><\/p>\n<p style=\"text-align: center;\"><span style=\"font-size: large;\">Znajdziesz tu zar\u00f3wno klasyczne tricki i metody, jak i zupe\u0142nie nowe!\u00a0<\/span><\/p>\n<p style=\"text-align: center;\"><span style=\"font-size: large;\"><br \/><\/span><\/p>\n<p style=\"text-align: center;\"><span style=\"font-size: large;\">Mistrz \u015bwiata,\u00a0<strong>Michael Ammar<\/strong>\u00a0zebra\u0142 w tym filmie najlepsze, praktyczne porady, jak zachwyca\u0107 &#8222;magi\u0105 pieni\u0119\u017cn\u0105&#8221; dos\u0142ownie wsz\u0119dzie i w ka\u017cdej sytuacji!<\/span><\/p>\n<p style=\"text-align: center;\"><span style=\"font-size: large;\"><br \/><\/span><\/p>\n<ul>\n<li><span style=\"font-size: medium;\">Shadow Coins (Roth &amp; Ammar)<\/span><\/li>\n<li><span style=\"font-size: medium;\">BeSwitched (George Hample)<\/span><\/li>\n<li><span style=\"font-size: medium;\">Coin Flurry &amp; Jumbo Production<\/span><\/li>\n<li><span style=\"font-size: medium;\">Sensory Control (Bob Elliott)<\/span><\/li>\n<li><span style=\"font-size: medium;\">Copper Silver Transpo<\/span><\/li>\n<li><span style=\"font-size: medium;\">The $2 Bill Tear (Bert Jacques &amp; Gene Keeney)<\/span><\/li>\n<li><span style=\"font-size: medium;\">Sonic Squeeze (Michael Ammar)<\/span><\/li>\n<li><span style=\"font-size: medium;\">The 4 Coin Roll Down (Manuel)<\/span><\/li>\n<li><span style=\"font-size: medium;\">Expansion of Texture (Dai Vernon &amp; L&#8217;Homme Masque)<\/span><\/li>\n<li><span style=\"font-size: medium;\">Bonus Effect &#8211; Self &#8211; Folding Bill (Stephan Schutzer)<\/span><\/li>\n<\/ul>\n<div><span style=\"font-size: small;\"><br \/><\/span><\/div>\n<div style=\"text-align: center;\"><strong><span style=\"font-size: small;\"><br \/><\/span><\/strong><\/div>\n<div style=\"text-align: center;\"><strong><span style=\"font-size: small;\">FILM DOST\u0118PNY DO \u015aCI\u0104GNI\u0118CIA!<\/span><\/strong><\/div>\n<p style=\"text-align: center;\"><span style=\"font-size: large;\"><br \/><\/span><\/p>\n<p>\u00a0<\/p>\n","protected":false},"excerpt":{"rendered":"<p><strong>CUDA Z MONETAMI &#8211; MICHAEL AMMAR<\/strong><\/p>\n","protected":false},"featured_media":7858,"comment_status":"closed","ping_status":"open","template":"","meta":[],"product_brand":[],"product_cat":[55],"product_tag":[],"class_list":{"0":"post-7857","1":"product","2":"type-product","3":"status-publish","4":"has-post-thumbnail","6":"product_cat-ksiazki-dvd-download-downloads","8":"first","9":"instock","10":"purchasable","11":"product-type-simple"},"_links":{"self":[{"href":"https:\/\/magiiik.netstory.com.pl\/index.php?rest_route=\/wp\/v2\/product\/7857","targetHints":{"allow":["GET"]}}],"collection":[{"href":"https:\/\/magiiik.netstory.com.pl\/index.php?rest_route=\/wp\/v2\/product"}],"about":[{"href":"https:\/\/magiiik.netstory.com.pl\/index.php?rest_route=\/wp\/v2\/types\/product"}],"replies":[{"embeddable":true,"href":"https:\/\/magiiik.netstory.com.pl\/index.php?rest_route=%2Fwp%2Fv2%2Fcomments&post=7857"}],"wp:featuredmedia":[{"embeddable":true,"href":"https:\/\/magiiik.netstory.com.pl\/index.php?rest_route=\/wp\/v2\/media\/7858"}],"wp:attachment":[{"href":"https:\/\/magiiik.netstory.com.pl\/index.php?rest_route=%2Fwp%2Fv2%2Fmedia&parent=7857"}],"wp:term":[{"taxonomy":"product_brand","embeddable":true,"href":"https:\/\/magiiik.netstory.com.pl\/index.php?rest_route=%2Fwp%2Fv2%2Fproduct_brand&post=7857"},{"taxonomy":"product_cat","embeddable":true,"href":"https:\/\/magiiik.netstory.com.pl\/index.php?rest_route=%2Fwp%2Fv2%2Fproduct_cat&post=7857"},{"taxonomy":"product_tag","embeddable":true,"href":"https:\/\/magiiik.netstory.com.pl\/index.php?rest_route=%2Fwp%2Fv2%2Fproduct_tag&post=7857"}],"curies":[{"name":"wp","href":"https:\/\/api.w.org\/{rel}","templated":true}]}}