{"id":7855,"date":"2025-09-19T13:11:59","date_gmt":"2025-09-19T11:11:59","guid":{"rendered":"https:\/\/magiiik.netstory.com.pl\/produkt\/cuda-z-monetami-vol-1-michael-ammar\/"},"modified":"2025-09-19T13:11:59","modified_gmt":"2025-09-19T11:11:59","slug":"cuda-z-monetami-vol-1-michael-ammar","status":"publish","type":"product","link":"https:\/\/magiiik.netstory.com.pl\/?product=cuda-z-monetami-vol-1-michael-ammar","title":{"rendered":"CUDA Z MONETAMI vol. 1 &#8211; MICHAEL AMMAR"},"content":{"rendered":"<p style=\"text-align: center;\"><strong><span style=\"font-size: large;\">CUDA Z MONETAMI &#8211; MICHAEL AMMAR<\/span><\/strong><\/p>\n<p style=\"text-align: center;\">\u00a0<\/p>\n<p style=\"text-align: center;\"><span style=\"font-size: large;\"><strong>Money Miracles Volume 1 by Michael Ammar<\/strong> to bogaty zbi\u00f3r pot\u0119\u017cnej magii z monetami! <\/span><\/p>\n<p style=\"text-align: center;\"><span style=\"font-size: large;\">Znajdziesz tu zar\u00f3wno klasyczne tricki i metody, jak i zupe\u0142nie nowe!\u00a0<\/span><\/p>\n<p style=\"text-align: center;\"><span style=\"font-size: large;\"><br \/><\/span><\/p>\n<p style=\"text-align: center;\"><span style=\"font-size: large;\">Mistrz \u015bwiata, <strong>Michael Ammar<\/strong> zebra\u0142 w tym filmie najlepsze, praktyczne porady, jak zachwyca\u0107 &#8222;magi\u0105 pieni\u0119\u017cn\u0105&#8221; dos\u0142ownie wsz\u0119dzie i w ka\u017cdej sytuacji!<\/span><\/p>\n<p style=\"text-align: center;\">\u00a0<\/p>\n<p style=\"text-align: center;\"><span style=\"color: #000011; font-family: 'Times New Roman', Georgia, Times;\"><br \/><\/span><\/p>\n<ul>\n<li><span style=\"color: #000011; font-family: 'Times New Roman', Georgia, Times; font-size: medium;\">41 &#8211; Cent Miracle (Michael Ammar)<\/span><\/li>\n<li><span style=\"color: #000011; font-family: 'Times New Roman', Georgia, Times; font-size: medium;\">Continuous Production (Jack Chanin)<\/span><\/li>\n<li><span style=\"color: #000011; font-family: 'Times New Roman', Georgia, Times; font-size: medium;\">Credit Card Quickie (Tony Antoniou)<\/span><\/li>\n<li><span style=\"color: #000011; font-family: 'Times New Roman', Georgia, Times; font-size: medium;\">Hornswoggled (George Stark &amp; Jay Malbrough)<\/span><\/li>\n<li><span style=\"color: #000011; font-family: 'Times New Roman', Georgia, Times; font-size: medium;\">Snappy (Aldo Colombini)<\/span><\/li>\n<li><span style=\"color: #000011; font-family: 'Times New Roman', Georgia, Times; font-size: medium;\">Michael&#8217;s Matrix (Michael Ammar)<\/span><\/li>\n<li><span style=\"color: #000011; font-family: 'Times New Roman', Georgia, Times; font-size: medium;\">Star Warp (Howard Schwarzman)<\/span><\/li>\n<li><span style=\"color: #000011; font-family: 'Times New Roman', Georgia, Times; font-size: medium;\">Bent Penny Transposition (Michael Ammar)<\/span><\/li>\n<li><span style=\"color: #000011; font-family: 'Times New Roman', Georgia, Times; font-size: medium;\">Incredible Coins Across (Michael Ammar)<\/span><\/li>\n<li><span style=\"color: #000011; font-family: 'Times New Roman', Georgia, Times; font-size: medium;\">Hanging Coins (David Roth)<\/span><\/li>\n<li><span style=\"color: #000011; font-family: 'Times New Roman', Georgia, Times; font-size: medium;\">Bonus Effect &#8211; Cash Back (Peter Pit)<\/span><\/li>\n<\/ul>\n<div><strong><span style=\"color: #000011; font-family: 'Times New Roman', Georgia, Times; font-size: small;\"><br \/><\/span><\/strong><\/div>\n<div><strong><span style=\"color: #000011; font-family: 'Times New Roman', Georgia, Times; font-size: small;\">FILM DOST\u0118PNY DO \u015aCI\u0104GNI\u0118CIA!<\/span><\/strong><\/div>\n","protected":false},"excerpt":{"rendered":"<p><strong>CUDA Z MONETAMI &#8211; MICHAEL AMMAR<\/strong><\/p>\n","protected":false},"featured_media":7856,"comment_status":"closed","ping_status":"open","template":"","meta":[],"product_brand":[],"product_cat":[55],"product_tag":[],"class_list":{"0":"post-7855","1":"product","2":"type-product","3":"status-publish","4":"has-post-thumbnail","6":"product_cat-ksiazki-dvd-download-downloads","8":"first","9":"instock","10":"purchasable","11":"product-type-simple"},"_links":{"self":[{"href":"https:\/\/magiiik.netstory.com.pl\/index.php?rest_route=\/wp\/v2\/product\/7855","targetHints":{"allow":["GET"]}}],"collection":[{"href":"https:\/\/magiiik.netstory.com.pl\/index.php?rest_route=\/wp\/v2\/product"}],"about":[{"href":"https:\/\/magiiik.netstory.com.pl\/index.php?rest_route=\/wp\/v2\/types\/product"}],"replies":[{"embeddable":true,"href":"https:\/\/magiiik.netstory.com.pl\/index.php?rest_route=%2Fwp%2Fv2%2Fcomments&post=7855"}],"wp:featuredmedia":[{"embeddable":true,"href":"https:\/\/magiiik.netstory.com.pl\/index.php?rest_route=\/wp\/v2\/media\/7856"}],"wp:attachment":[{"href":"https:\/\/magiiik.netstory.com.pl\/index.php?rest_route=%2Fwp%2Fv2%2Fmedia&parent=7855"}],"wp:term":[{"taxonomy":"product_brand","embeddable":true,"href":"https:\/\/magiiik.netstory.com.pl\/index.php?rest_route=%2Fwp%2Fv2%2Fproduct_brand&post=7855"},{"taxonomy":"product_cat","embeddable":true,"href":"https:\/\/magiiik.netstory.com.pl\/index.php?rest_route=%2Fwp%2Fv2%2Fproduct_cat&post=7855"},{"taxonomy":"product_tag","embeddable":true,"href":"https:\/\/magiiik.netstory.com.pl\/index.php?rest_route=%2Fwp%2Fv2%2Fproduct_tag&post=7855"}],"curies":[{"name":"wp","href":"https:\/\/api.w.org\/{rel}","templated":true}]}}