{"id":7849,"date":"2025-09-19T13:11:19","date_gmt":"2025-09-19T11:11:19","guid":{"rendered":"https:\/\/magiiik.netstory.com.pl\/produkt\/at-the-table-live-lecture-sezon-1\/"},"modified":"2025-09-19T13:11:52","modified_gmt":"2025-09-19T11:11:52","slug":"at-the-table-live-lecture-sezon-1","status":"publish","type":"product","link":"https:\/\/magiiik.netstory.com.pl\/?product=at-the-table-live-lecture-sezon-1","title":{"rendered":"At the Table Live Lecture &#8211; SEZON 1"},"content":{"rendered":"<p style=\"text-align: center;\"><span style=\"font-size: large;\"><strong>NAJLEPSI MAGICY, NA \u017bYWO Z NIGDY NIEPUBLIKOWANYM SHOW!<\/strong><\/span><\/p>\n<p>\u00a0<\/p>\n<p style=\"text-align: center;\"><span style=\"font-size: medium;\">Pocz\u0105wszy od\u00a0<strong>05. lutego 2014<\/strong>, Tw\u00f3j ulubiony magiiiczny sklep rozpocz\u0105\u0142 nadawanie niesamowitego, na \u017cywo, interaktywnego wydarzenia z najlepszymi nazwiskami w Sztuce Iluzji!<\/span><\/p>\n<p style=\"text-align: center;\"><span style=\"font-size: medium;\">\u00a0<\/span><\/p>\n<p style=\"text-align: center;\"><span style=\"font-size: medium;\">W pierwsz\u0105 \u015brod\u0119 ka\u017cdego miesi\u0105ca, niezwyk\u0142y talent, topowy magik robi\u0142 wyk\u0142ady na \u017cywo, tylko z Tob\u0105, przed ekranem Twojego komputera! Teraz mo\u017cesz \u015bci\u0105gn\u0105\u0107 sobie ca\u0142y <strong>SEZON PIERWSZY<\/strong> na sw\u00f3j komputer i ogl\u0105da\u0107, kiedy chcesz!<\/span><\/p>\n<p style=\"text-align: center;\"><span style=\"font-size: medium;\">\u00a0<\/span><\/p>\n<p style=\"text-align: center;\"><span style=\"font-size: medium;\"><strong>Daniel Garcia, Jason England, Alex Pandrea i Jon Armstrong<\/strong>\u00a0b\u0119dzie dla Ciebie w\u00a0<strong>&#8222;AT THE TABLE&#8221;<\/strong>&#8230; <\/span><\/p>\n<p style=\"text-align: center;\"><span style=\"font-size: medium;\">A to tylko lista pierwszego sezonu!!!<\/span><\/p>\n<p style=\"text-align: center;\"><span style=\"font-size: medium;\">\u00a0<\/span><\/p>\n<ul>\n<li><strong><span style=\"font-size: small;\">UNIKALNE TRE\u015aCI, NIEDOST\u0118PNE NIGDZIE WCZE\u015aNIEJ!<\/span><\/strong><\/li>\n<li><strong><span style=\"font-size: small;\">TYLKO 75,00 Z\u0141. ZA JEDNO WYDARZENIE!<\/span><\/strong><\/li>\n<li><strong><span style=\"font-size: small;\">KUP BILET NA CA\u0141Y PIERWSZY SEZON ZA JEDYNE 150,00 Z\u0141.!<\/span><\/strong><\/li>\n<li><strong><span style=\"font-size: small;\">OGL\u0104DAJ NA \u017bYWO (Z OPCJ\u0104 CZATU), B\u0104D\u0179 USI\u0104D\u0179 WYGODNIE P\u00d3\u0179NIEJ I POBIERZ TO WYDARZENIE!<\/span><\/strong><\/li>\n<li><strong><span style=\"font-size: small;\">NIE B\u0118DZIESZ M\u00d3G\u0141 OGL\u0104DA\u0106 NA \u017bYWO? NIE MA PROBLEMU &#8211; MO\u017bESZ ZAKUPI\u0106, POBRA\u0106 I OGL\u0104DA\u0106, KIEDY CHCESZ!<\/span><\/strong><\/li>\n<li><strong><span style=\"font-size: small;\">\u0141ATWY DOST\u0118P ZA PO\u015aREDNICTWEM MAGIIIK.PL!<\/span><\/strong><\/li>\n<li><strong><span style=\"font-size: small;\">MO\u017bLIWO\u015a\u0106 OGL\u0104DANIA NA KA\u017bDYM URZ\u0104DZENIU &#8211; LAPTOPIE, TABLECIE ITD.!<\/span><\/strong><\/li>\n<\/ul>\n<div>\u00a0<\/div>\n<div style=\"text-align: center;\">\u00a0<\/div>\n<div style=\"text-align: center;\"><span style=\"font-size: large;\"><strong>Teraz wszystkie 4 szkolenia mo\u017cesz mie\u0107 za PO\u0141OW\u0118 CENY!\u00a0<\/strong><\/span><\/div>\n<div style=\"text-align: center;\"><span style=\"font-size: large;\"><strong>\u00a0<\/strong><\/span><\/div>\n<div style=\"text-align: center;\"><span style=\"font-size: large;\"><strong>Kupuj\u0105c bilet na CA\u0141Y SEZON zaoszcz\u0119dzasz a\u017c 150 z\u0142.!<\/strong><\/span><\/div>\n<div>\u00a0<\/div>\n<div>\u00a0<\/div>\n<div>\n<p>\u00a0<\/p>\n<p><span style=\"font-size: medium;\"><strong>POLECAMY i ZAPRASZAMY,<\/strong><\/span><\/p>\n<p><span style=\"font-size: medium;\"><strong>magiiik.pl<\/strong><\/span><\/p>\n<p>\u00a0<\/p>\n<p><strong>UWAGA!<\/strong><\/p>\n<p>1. Szkolenie jest w j\u0119zyku angielskim!<\/p>\n<p>2. Na seri\u0119 &#8222;At The Table&#8221; nie obowi\u0105zuje \u017bADEN rabat!<\/p>\n<\/p><\/div>\n","protected":false},"excerpt":{"rendered":"<p><strong>AT THE TABLE &#8211; SEZON 1<\/strong><\/p>\n","protected":false},"featured_media":7850,"comment_status":"closed","ping_status":"open","template":"","meta":[],"product_brand":[],"product_cat":[50],"product_tag":[],"class_list":{"0":"post-7849","1":"product","2":"type-product","3":"status-publish","4":"has-post-thumbnail","6":"product_cat-ksiazki-dvd-download-downloads-at-the-table","8":"first","9":"instock","10":"purchasable","11":"product-type-simple"},"_links":{"self":[{"href":"https:\/\/magiiik.netstory.com.pl\/index.php?rest_route=\/wp\/v2\/product\/7849","targetHints":{"allow":["GET"]}}],"collection":[{"href":"https:\/\/magiiik.netstory.com.pl\/index.php?rest_route=\/wp\/v2\/product"}],"about":[{"href":"https:\/\/magiiik.netstory.com.pl\/index.php?rest_route=\/wp\/v2\/types\/product"}],"replies":[{"embeddable":true,"href":"https:\/\/magiiik.netstory.com.pl\/index.php?rest_route=%2Fwp%2Fv2%2Fcomments&post=7849"}],"wp:featuredmedia":[{"embeddable":true,"href":"https:\/\/magiiik.netstory.com.pl\/index.php?rest_route=\/wp\/v2\/media\/7850"}],"wp:attachment":[{"href":"https:\/\/magiiik.netstory.com.pl\/index.php?rest_route=%2Fwp%2Fv2%2Fmedia&parent=7849"}],"wp:term":[{"taxonomy":"product_brand","embeddable":true,"href":"https:\/\/magiiik.netstory.com.pl\/index.php?rest_route=%2Fwp%2Fv2%2Fproduct_brand&post=7849"},{"taxonomy":"product_cat","embeddable":true,"href":"https:\/\/magiiik.netstory.com.pl\/index.php?rest_route=%2Fwp%2Fv2%2Fproduct_cat&post=7849"},{"taxonomy":"product_tag","embeddable":true,"href":"https:\/\/magiiik.netstory.com.pl\/index.php?rest_route=%2Fwp%2Fv2%2Fproduct_tag&post=7849"}],"curies":[{"name":"wp","href":"https:\/\/api.w.org\/{rel}","templated":true}]}}