{"id":7835,"date":"2025-09-19T13:11:19","date_gmt":"2025-09-19T11:11:19","guid":{"rendered":"https:\/\/magiiik.netstory.com.pl\/produkt\/at-the-table-live-lecture-alex-pandrea\/"},"modified":"2025-09-19T13:11:43","modified_gmt":"2025-09-19T11:11:43","slug":"at-the-table-live-lecture-alex-pandrea","status":"publish","type":"product","link":"https:\/\/magiiik.netstory.com.pl\/?product=at-the-table-live-lecture-alex-pandrea","title":{"rendered":"At the Table Live Lecture &#8211; Alex Pandrea"},"content":{"rendered":"<p><span style=\"font-size: large;\"><strong>AT THE TABLE &#8211; ALEX PANDREA\u00a0<\/strong><\/span><\/p>\n<p>\u00a0<\/p>\n<p>\u00a0<\/p>\n<p style=\"text-align: center;\"><span style=\"font-size: medium;\"><strong>Alex Pandrea<\/strong> to &#8222;nowy dzieciak w bran\u017cy&#8221;, ale wypracowa\u0142 ju\u017c sobie pozycj\u0119 w \u015bwiecie magii!<\/span><\/p>\n<p><span style=\"font-size: medium;\"><br \/><\/span><\/p>\n<p><span style=\"font-size: medium;\">Jest to niesamowita okazja, aby pozna\u0107 Go i sp\u0119dzi\u0107 pe\u0142ne 2 godziny ze wschodz\u0105c\u0105 Gwiazd\u0105 sztuki tworzenia z\u0142udze\u0144!<\/span><\/p>\n<p><span style=\"font-size: medium;\"><strong>Alex<\/strong> opowie nam o tym, jak w profesjonalny spos\u00f3b tworzy\u0107 iluzje, jak montowa\u0107 efekty, jakie ma indywidualne podej\u015bcie do magii. Poprosimy <strong>Alex<\/strong>&#8217;a, aby przedstawi\u0142 nam swoje ulubione sztuczki i ruchy, chwyty oraz o wyja\u015bnienie sekret\u00f3w.\u00a0<\/span><\/p>\n<p><span style=\"font-size: medium;\"><br \/><\/span><\/p>\n<p><span style=\"font-size: medium;\"><strong>Alex<\/strong>&#8217;a <strong>Pandrea<\/strong> mogli\u015bcie ju\u017c pozna\u0107 w fenomenalnym tricku <a href=\"https:\/\/magiiik.netstory.com.pl\/2\"><strong>ARSON<\/strong><\/a>, kt\u00f3ry mo\u017cecie zakupi\u0107 r\u00f3wnie\u017c na <strong>magiiik.pl<\/strong>!<\/span><\/p>\n<p><span style=\"font-size: medium;\"><br \/><\/span><\/p>\n<p style=\"text-align: center;\"><span style=\"font-size: medium;\"><strong>At The Table &#8211; Alex Pandrea<\/strong> to b\u0119d\u0105 zapchane wiedz\u0105 o kartach ca\u0142e 2 godziny!<\/span><\/p>\n<p style=\"text-align: center;\"><span style=\"font-size: large;\"><strong><br \/><\/strong><\/span><\/p>\n<p style=\"text-align: center;\"><span style=\"font-size: medium;\"><strong>KUP BILET JU\u017b TERAZ, \u015aCI\u0104GNIJ TO WYDARZENIE NA SW\u00d3J KOMPUTER I OGL\u0104DAJ, KIEDY CHCESZ!<\/strong><\/span><\/p>\n<p>\u00a0<\/p>\n<p><span><br \/><\/span><\/p>\n<p><span><br \/><\/span><\/p>\n<p><span style=\"font-size: medium;\"><strong>POLECAMY i ZAPRASZAMY,<\/strong><\/span><\/p>\n<p><span style=\"font-size: medium;\"><strong>magiiik.pl<\/strong><\/span><\/p>\n<p><span><br \/><\/span><\/p>\n<p><strong>UWAGA!<\/strong><\/p>\n<p><span>1. Szkolenie jest w j\u0119zyku angielskim!<\/span><\/p>\n<p><span>2. Na seri\u0119 &#8222;At The Table&#8221; nie obowi\u0105zuje \u017bADEN rabat!<\/span><\/p>\n","protected":false},"excerpt":{"rendered":"<p><strong>AT THE TABLE by Alex Pandrea!<\/strong><\/p>\n","protected":false},"featured_media":7836,"comment_status":"closed","ping_status":"open","template":"","meta":[],"product_brand":[],"product_cat":[50],"product_tag":[],"class_list":{"0":"post-7835","1":"product","2":"type-product","3":"status-publish","4":"has-post-thumbnail","6":"product_cat-ksiazki-dvd-download-downloads-at-the-table","8":"first","9":"instock","10":"purchasable","11":"product-type-simple"},"_links":{"self":[{"href":"https:\/\/magiiik.netstory.com.pl\/index.php?rest_route=\/wp\/v2\/product\/7835","targetHints":{"allow":["GET"]}}],"collection":[{"href":"https:\/\/magiiik.netstory.com.pl\/index.php?rest_route=\/wp\/v2\/product"}],"about":[{"href":"https:\/\/magiiik.netstory.com.pl\/index.php?rest_route=\/wp\/v2\/types\/product"}],"replies":[{"embeddable":true,"href":"https:\/\/magiiik.netstory.com.pl\/index.php?rest_route=%2Fwp%2Fv2%2Fcomments&post=7835"}],"wp:featuredmedia":[{"embeddable":true,"href":"https:\/\/magiiik.netstory.com.pl\/index.php?rest_route=\/wp\/v2\/media\/7836"}],"wp:attachment":[{"href":"https:\/\/magiiik.netstory.com.pl\/index.php?rest_route=%2Fwp%2Fv2%2Fmedia&parent=7835"}],"wp:term":[{"taxonomy":"product_brand","embeddable":true,"href":"https:\/\/magiiik.netstory.com.pl\/index.php?rest_route=%2Fwp%2Fv2%2Fproduct_brand&post=7835"},{"taxonomy":"product_cat","embeddable":true,"href":"https:\/\/magiiik.netstory.com.pl\/index.php?rest_route=%2Fwp%2Fv2%2Fproduct_cat&post=7835"},{"taxonomy":"product_tag","embeddable":true,"href":"https:\/\/magiiik.netstory.com.pl\/index.php?rest_route=%2Fwp%2Fv2%2Fproduct_tag&post=7835"}],"curies":[{"name":"wp","href":"https:\/\/api.w.org\/{rel}","templated":true}]}}