{"id":7821,"date":"2025-09-19T13:11:19","date_gmt":"2025-09-19T11:11:19","guid":{"rendered":"https:\/\/magiiik.netstory.com.pl\/produkt\/at-the-table-live-lecture-daniel-garcia\/"},"modified":"2025-09-19T13:11:33","modified_gmt":"2025-09-19T11:11:33","slug":"at-the-table-live-lecture-daniel-garcia","status":"publish","type":"product","link":"https:\/\/magiiik.netstory.com.pl\/?product=at-the-table-live-lecture-daniel-garcia","title":{"rendered":"At the Table Live Lecture &#8211; Daniel Garcia"},"content":{"rendered":"<p><span style=\"font-size: large;\"><strong>AT THE TABLE &#8211; DANIEL GARCIA<\/strong><\/span><\/p>\n<p>\u00a0<\/p>\n<p><span style=\"font-size: medium;\"><br \/><\/span><\/p>\n<p style=\"text-align: center;\"><span style=\"font-size: medium;\">Jest to <strong>JEDYNA SZANSA<\/strong>, aby wzi\u0105\u0107 udzia\u0142 w tym niezwyk\u0142ym, wyj\u0105tkowym wyk\u0142adzie, kt\u00f3ry poprowadzi <strong>Daniel Garcia<\/strong>!\u00a0<\/span><\/p>\n<p style=\"text-align: center;\"><span style=\"font-size: medium;\"><br \/><\/span><\/p>\n<p><span style=\"font-size: medium;\"><strong>Garcia<\/strong> wdar\u0142 si\u0119 na magiiiczn\u0105 scen\u0119 z wybuchowym i ca\u0142kiem innym wizualnie stylem, potem zaj\u0105\u0142 si\u0119 promowaniem i karier\u0105 telewizyjn\u0105 takich magik\u00f3w, jak <strong>Dynamo, David Blaine<\/strong> itd.<\/span><\/p>\n<p><span style=\"font-size: medium;\"><br \/><\/span><\/p>\n<p><span style=\"font-size: medium;\">Ta sesja <strong>At The Table<\/strong> b\u0119dzie skupia\u0142a si\u0119 na procesie tw\u00f3rczym. <strong>Daniel Garcia<\/strong> b\u0119dzie m\u00f3wi\u0107 o tym, jak tworzy swoje iluzje, jak magia zmieni\u0142a Jego \u017cycie oraz jakie s\u0105 Jego ulubione efekty magiczne. W mi\u0119dzy czasie <strong>Garcia<\/strong> zaprezentuje kilka z Jego ulubionych sztuczek oraz wyja\u015bni dok\u0142adnie sekrety oraz spos\u00f3b ich wykonania.\u00a0<\/span><\/p>\n<p><span style=\"font-size: medium;\"><br \/><\/span><\/p>\n<p><span style=\"font-size: medium;\"><br \/><\/span><\/p>\n<p style=\"text-align: center;\"><span style=\"font-size: large;\"><strong>Zakup JU\u017b TERAZ bilet, usi\u0105d\u017a wygodnie i ciesz si\u0119 tym niezwyk\u0142ym wydarzeniem w zaciszu Twojego domu!<\/strong><\/span><\/p>\n<p>\u00a0<\/p>\n<p><span style=\"font-size: medium;\"><strong><br \/><\/strong><\/span><\/p>\n<p><span style=\"font-size: medium;\"><strong><br \/><\/strong><\/span><\/p>\n<p><span style=\"font-size: medium;\"><strong>POLECAMY i ZAPRASZAMY,<\/strong><\/span><\/p>\n<p><span style=\"font-size: medium;\"><strong>magiiik.pl<\/strong><\/span><\/p>\n<p><span><span><br \/><\/span><\/span><\/p>\n<p><strong>UWAGA!<\/strong><\/p>\n<p><span><span>1. Szkolenie jest w j\u0119zyku angielskim!<\/span><\/span><\/p>\n<p><span><span>2. Na seri\u0119 &#8222;At The Table&#8221; nie obowi\u0105zuje \u017bADEN rabat!<\/span><\/span><\/p>\n","protected":false},"excerpt":{"rendered":"<p><strong>AT THE TABLE by Daniel Garcia<\/strong><\/p>\n","protected":false},"featured_media":7822,"comment_status":"closed","ping_status":"open","template":"","meta":[],"product_brand":[],"product_cat":[50],"product_tag":[],"class_list":{"0":"post-7821","1":"product","2":"type-product","3":"status-publish","4":"has-post-thumbnail","6":"product_cat-ksiazki-dvd-download-downloads-at-the-table","8":"first","9":"instock","10":"purchasable","11":"product-type-simple"},"_links":{"self":[{"href":"https:\/\/magiiik.netstory.com.pl\/index.php?rest_route=\/wp\/v2\/product\/7821","targetHints":{"allow":["GET"]}}],"collection":[{"href":"https:\/\/magiiik.netstory.com.pl\/index.php?rest_route=\/wp\/v2\/product"}],"about":[{"href":"https:\/\/magiiik.netstory.com.pl\/index.php?rest_route=\/wp\/v2\/types\/product"}],"replies":[{"embeddable":true,"href":"https:\/\/magiiik.netstory.com.pl\/index.php?rest_route=%2Fwp%2Fv2%2Fcomments&post=7821"}],"wp:featuredmedia":[{"embeddable":true,"href":"https:\/\/magiiik.netstory.com.pl\/index.php?rest_route=\/wp\/v2\/media\/7822"}],"wp:attachment":[{"href":"https:\/\/magiiik.netstory.com.pl\/index.php?rest_route=%2Fwp%2Fv2%2Fmedia&parent=7821"}],"wp:term":[{"taxonomy":"product_brand","embeddable":true,"href":"https:\/\/magiiik.netstory.com.pl\/index.php?rest_route=%2Fwp%2Fv2%2Fproduct_brand&post=7821"},{"taxonomy":"product_cat","embeddable":true,"href":"https:\/\/magiiik.netstory.com.pl\/index.php?rest_route=%2Fwp%2Fv2%2Fproduct_cat&post=7821"},{"taxonomy":"product_tag","embeddable":true,"href":"https:\/\/magiiik.netstory.com.pl\/index.php?rest_route=%2Fwp%2Fv2%2Fproduct_tag&post=7821"}],"curies":[{"name":"wp","href":"https:\/\/api.w.org\/{rel}","templated":true}]}}