{"id":7819,"date":"2025-09-19T13:11:19","date_gmt":"2025-09-19T11:11:19","guid":{"rendered":"https:\/\/magiiik.netstory.com.pl\/produkt\/sharpie-sansminds\/"},"modified":"2025-09-19T13:11:33","modified_gmt":"2025-09-19T11:11:33","slug":"sharpie-sansminds","status":"publish","type":"product","link":"https:\/\/magiiik.netstory.com.pl\/?product=sharpie-sansminds","title":{"rendered":"SHARPIE &#8211; SansMinds"},"content":{"rendered":"<p style=\"text-align: center;\"><span style=\"font-size: large;\"><strong>CO\u015a FANTASTYCZNEGO!\u00a0<\/strong><\/span><\/p>\n<p style=\"text-align: center;\"><span style=\"font-size: large;\"><strong>D\u0142ugo przez nas zapowiadany i d\u0142ugo oczekiwany &#8211; SHARPIE, w ko\u0144cu jest na magiiik.pl!<\/strong><\/span><\/p>\n<p style=\"text-align: center;\"><span style=\"font-size: large;\"><strong>\u00a0<\/strong><\/span><\/p>\n<p style=\"text-align: left;\"><span style=\"font-size: large;\">Rysujesz dowolny wz\u00f3r na d\u0142oni widza, aby w magiiiczny spos\u00f3b przesun\u0105\u0107 go w inne miejsce Jego cia\u0142a, b\u0105d\u017a&#8230; na swoj\u0105 d\u0142o\u0144! Ka\u017cdy mo\u017ce sprawdzi\u0107, \u017ce narysowanego wzoru nie da si\u0119 zmy\u0107!\u00a0<\/span><\/p>\n<p style=\"text-align: center;\"><strong><span style=\"font-size: large;\">Posiada certyfikat\u00a0<a href=\"\/pl\/n\/5\">BLACK LABEL!<\/a><\/span><\/strong><\/p>\n<p style=\"text-align: left;\"><span style=\"font-size: large;\">\u00a0<\/span><\/p>\n<p style=\"text-align: center;\"><strong><span style=\"font-size: large;\">Poni\u017cej filmik prezentuj\u0105cy ten niezwyk\u0142y efekt:<\/span><\/strong><\/p>\n<p style=\"text-align: center;\"><strong><span style=\"font-size: large;\"><iframe loading=\"lazy\" src=\"http:\/\/www.youtube.com\/embed\/DMkD6d4D37U\" width=\"425\" height=\"350\"><\/iframe><\/span><\/strong><\/p>\n<p style=\"text-align: center;\"><strong><span style=\"font-size: large;\">\u00a0<\/span><\/strong><\/p>\n<p><strong><span style=\"font-size: large;\">W zestawie:<\/span><\/strong><\/p>\n<p>&#8211; Sharpie;<\/p>\n<p>&#8211; DVD instrukta\u017cowe.\u00a0<\/p>\n<p style=\"text-align: left;\"><span style=\"font-size: large;\">\u00a0<\/span><\/p>\n","protected":false},"excerpt":{"rendered":"<p><strong>SHARPIE by SansMinds<\/strong><\/p>\n","protected":false},"featured_media":7820,"comment_status":"closed","ping_status":"open","template":"","meta":[],"product_brand":[],"product_cat":[54],"product_tag":[],"class_list":{"0":"post-7819","1":"product","2":"type-product","3":"status-publish","4":"has-post-thumbnail","6":"product_cat-ksiazki-dvd-download-sansminds","8":"first","9":"instock","10":"purchasable","11":"product-type-simple"},"_links":{"self":[{"href":"https:\/\/magiiik.netstory.com.pl\/index.php?rest_route=\/wp\/v2\/product\/7819","targetHints":{"allow":["GET"]}}],"collection":[{"href":"https:\/\/magiiik.netstory.com.pl\/index.php?rest_route=\/wp\/v2\/product"}],"about":[{"href":"https:\/\/magiiik.netstory.com.pl\/index.php?rest_route=\/wp\/v2\/types\/product"}],"replies":[{"embeddable":true,"href":"https:\/\/magiiik.netstory.com.pl\/index.php?rest_route=%2Fwp%2Fv2%2Fcomments&post=7819"}],"wp:featuredmedia":[{"embeddable":true,"href":"https:\/\/magiiik.netstory.com.pl\/index.php?rest_route=\/wp\/v2\/media\/7820"}],"wp:attachment":[{"href":"https:\/\/magiiik.netstory.com.pl\/index.php?rest_route=%2Fwp%2Fv2%2Fmedia&parent=7819"}],"wp:term":[{"taxonomy":"product_brand","embeddable":true,"href":"https:\/\/magiiik.netstory.com.pl\/index.php?rest_route=%2Fwp%2Fv2%2Fproduct_brand&post=7819"},{"taxonomy":"product_cat","embeddable":true,"href":"https:\/\/magiiik.netstory.com.pl\/index.php?rest_route=%2Fwp%2Fv2%2Fproduct_cat&post=7819"},{"taxonomy":"product_tag","embeddable":true,"href":"https:\/\/magiiik.netstory.com.pl\/index.php?rest_route=%2Fwp%2Fv2%2Fproduct_tag&post=7819"}],"curies":[{"name":"wp","href":"https:\/\/api.w.org\/{rel}","templated":true}]}}