{"id":7811,"date":"2025-09-19T13:11:19","date_gmt":"2025-09-19T11:11:19","guid":{"rendered":"https:\/\/magiiik.netstory.com.pl\/produkt\/arson-alex-pandrea\/"},"modified":"2025-09-19T13:11:30","modified_gmt":"2025-09-19T11:11:30","slug":"arson-alex-pandrea","status":"publish","type":"product","link":"https:\/\/magiiik.netstory.com.pl\/?product=arson-alex-pandrea","title":{"rendered":"ARSON &#8211; Alex Pandrea"},"content":{"rendered":"<p style=\"text-align: center;\"><span style=\"font-size: large;\"><strong>ARSON to niesamowity efekt magiczny, kt\u00f3ry zaskoczy ka\u017cdego!<\/strong><\/span><\/p>\n<p style=\"text-align: center;\"><span style=\"font-size: large;\"><strong><br \/><\/strong><\/span><\/p>\n<p style=\"text-align: left;\"><span style=\"font-size: medium;\">Prosisz, aby widz wybra\u0142 z talii jedn\u0105 kart\u0119, kt\u00f3r\u0105 ma zapami\u0119ta\u0107 i w\u0142o\u017cy\u0107 do \u015brodka. Magiiik wyjmuje z kieszeni zapalniczk\u0119 i zapala p\u0142omie\u0144 na chwil\u0119 pod d\u0142oni\u0105, na kt\u00f3rej jest talia kart, a nast\u0119pnie sprawia, \u017ce zapalniczka znika!<\/span><\/p>\n<p style=\"text-align: left;\"><span style=\"font-size: medium;\">Teraz iluzjonista rozsuwa tali\u0119 i okazuje si\u0119, \u017ce jedna z kart jest lekko &#8222;popalona&#8221;! Okazuje si\u0119, \u017ce to karta wybrana przez widza! Nast\u0119pnie magiiik pojawia zapalniczk\u0119, a karta widza z powrotem jest nienaruszona.<\/span><\/p>\n<p style=\"text-align: left;\"><span style=\"font-size: medium;\"><strong><br \/><\/strong><\/span><\/p>\n<p style=\"text-align: left;\"><span style=\"font-size: medium;\"><strong>Alex Pandrea<\/strong> to jeden z wybitniejszych iluzjonist\u00f3w, kt\u00f3ry na tym DVD zaprezentuje Ci standardowe chwyty, kt\u00f3re nale\u017cy zna\u0107, aby osi\u0105gn\u0105\u0107 maksymalny efekt tego tricku! Otrzymasz r\u00f3wnie\u017c niezb\u0119dny gimmick.\u00a0<\/span><\/p>\n<p style=\"text-align: left;\"><strong><span style=\"font-size: medium;\">Na DVD znajdziesz 3 r\u00f3\u017cna metody wykonania tego tricku!<\/span><\/strong><\/p>\n<p><strong><\/strong><\/p>\n<p style=\"text-align: center;\"><strong><span style=\"font-size: medium;\">PRZYPOMINAMY, \u017ce Alex Pandrea poprowadzi swoje SZKOLENIE <\/span><\/strong><\/p>\n<p style=\"text-align: center;\"><strong><span style=\"font-size: medium;\">w &#8222;At The Table&#8221; ju\u017c 7. maja 2014! <\/span><\/strong><\/p>\n<p style=\"text-align: center;\"><strong><span style=\"font-size: medium;\">KUP BILET JU\u017b TERAZ!<\/span><\/strong><\/p>\n<p style=\"text-align: center;\"><strong><span style=\"font-size: medium;\"><br \/><\/span><\/strong><\/p>\n<p style=\"text-align: center;\"><strong><span style=\"font-size: medium;\"><iframe loading=\"lazy\" src=\"http:\/\/www.youtube.com\/embed\/duiQxcgvbAQ\" width=\"425\" height=\"350\" frameborder=\"0\"><\/iframe><\/span><\/strong><\/p>\n<p style=\"text-align: center;\"><strong><span style=\"font-size: medium;\"><br \/><\/span><\/strong><\/p>\n<p style=\"text-align: center;\"><strong><span style=\"font-size: medium;\">POLECAMY,<\/span><\/strong><\/p>\n<p style=\"text-align: center;\"><strong><span style=\"font-size: medium;\">magiiik.pl<\/span><\/strong><\/p>\n<p style=\"text-align: center;\"><span style=\"font-size: large;\"><strong><br \/><\/strong><\/span><\/p>\n","protected":false},"excerpt":{"rendered":"<p><strong>ARSON by Alex Pandrea!<\/strong><\/p>\n","protected":false},"featured_media":7812,"comment_status":"closed","ping_status":"open","template":"","meta":[],"product_brand":[],"product_cat":[41],"product_tag":[],"class_list":{"0":"post-7811","1":"product","2":"type-product","3":"status-publish","4":"has-post-thumbnail","6":"product_cat-mikro-iluzja-close-up-efekty-z-kartami","8":"first","9":"instock","10":"purchasable","11":"product-type-simple"},"_links":{"self":[{"href":"https:\/\/magiiik.netstory.com.pl\/index.php?rest_route=\/wp\/v2\/product\/7811","targetHints":{"allow":["GET"]}}],"collection":[{"href":"https:\/\/magiiik.netstory.com.pl\/index.php?rest_route=\/wp\/v2\/product"}],"about":[{"href":"https:\/\/magiiik.netstory.com.pl\/index.php?rest_route=\/wp\/v2\/types\/product"}],"replies":[{"embeddable":true,"href":"https:\/\/magiiik.netstory.com.pl\/index.php?rest_route=%2Fwp%2Fv2%2Fcomments&post=7811"}],"wp:featuredmedia":[{"embeddable":true,"href":"https:\/\/magiiik.netstory.com.pl\/index.php?rest_route=\/wp\/v2\/media\/7812"}],"wp:attachment":[{"href":"https:\/\/magiiik.netstory.com.pl\/index.php?rest_route=%2Fwp%2Fv2%2Fmedia&parent=7811"}],"wp:term":[{"taxonomy":"product_brand","embeddable":true,"href":"https:\/\/magiiik.netstory.com.pl\/index.php?rest_route=%2Fwp%2Fv2%2Fproduct_brand&post=7811"},{"taxonomy":"product_cat","embeddable":true,"href":"https:\/\/magiiik.netstory.com.pl\/index.php?rest_route=%2Fwp%2Fv2%2Fproduct_cat&post=7811"},{"taxonomy":"product_tag","embeddable":true,"href":"https:\/\/magiiik.netstory.com.pl\/index.php?rest_route=%2Fwp%2Fv2%2Fproduct_tag&post=7811"}],"curies":[{"name":"wp","href":"https:\/\/api.w.org\/{rel}","templated":true}]}}