{"id":7764,"date":"2025-09-19T13:10:40","date_gmt":"2025-09-19T11:10:40","guid":{"rendered":"https:\/\/magiiik.netstory.com.pl\/produkt\/sponge-dvd-4-gabczaki-by-jay-noblezada\/"},"modified":"2025-09-19T13:11:09","modified_gmt":"2025-09-19T11:11:09","slug":"sponge-dvd-4-gabczaki-by-jay-noblezada","status":"publish","type":"product","link":"https:\/\/magiiik.netstory.com.pl\/?product=sponge-dvd-4-gabczaki-by-jay-noblezada","title":{"rendered":"Sponge (DVD + 4 g\u0105bczaki) by Jay Noblezada"},"content":{"rendered":"<p style=\"text-align: center;\"><span style=\"font-size: large;\"><strong>Jeden z lepszych film\u00f3w instrukta\u017cowych o g\u0105bczakach!<\/strong><\/span><\/p>\n<p>\u00a0<\/p>\n<p><span style=\"font-size: medium;\"><strong>Sponge by\u00a0Jay Noblezada<\/strong> to niezwyk\u0142y zestaw DVD oraz 4 g\u0105bczak\u00f3w 5 cm. supersoft.<\/span><\/p>\n<p>\u00a0<\/p>\n<p><span style=\"font-size: medium;\">Sztuki z g\u0105bczakami mo\u017cesz wykonywa\u0107 dos\u0142ownie wsz\u0119dzie! Kiedy jeste\u015b na ulicy! Podczas pracy! Kiedy jeste\u015b w restauracji, b\u0105d\u017a na koncercie! Je\u015bli tylko masz g\u0105bczaki w kieszeni, to mo\u017cesz zaprezentowa\u0107 niezapomniane show!\u00a0<\/span><\/p>\n<p><span style=\"font-size: medium;\">Pi\u0142eczki z g\u0105bki przeskakuj\u0105 z r\u0119ki do r\u0119ki, mno\u017c\u0105 si\u0119, pojawiaj\u0105, znikaj\u0105 i to wszystko na oczach Twoich widz\u00f3w!<\/span><\/p>\n<p><span style=\"font-size: medium;\">\u00a0<\/span><\/p>\n<p><span style=\"font-size: medium;\">Ale to nie zrobi si\u0119 samo! Musisz si\u0119 najpierw tego nauczy\u0107&#8230; W tym w\u0142a\u015bnie pomo\u017ce Ci ten zestaw!<\/span><\/p>\n<p><span style=\"font-size: medium;\"><strong>Jay Noblezada<\/strong> stworzy\u0142 kurs, na kt\u00f3rym poznasz wszystkie podstawy trick\u00f3w z g\u0105bczakami. Poka\u017ce Ci r\u00f3\u017cne metody i techniki &#8211; klasyczne, jak i nowoczesne.<\/span><\/p>\n<p>\u00a0<\/p>\n<p>\u00a0<\/p>\n<p><span style=\"font-size: medium;\"><strong>Dzi\u0119ki temu DVD nauczysz si\u0119:<\/strong><\/span><\/p>\n<p><strong><span style=\"font-size: medium;\">Palmowanie:<\/span><\/strong><br \/><span style=\"font-size: medium;\">&#8211; finger palm <\/span><br \/><span style=\"font-size: medium;\">&#8211; front clip <\/span><br \/><span style=\"font-size: medium;\">&#8211; thumb palm <\/span><br \/><span style=\"font-size: medium;\">&#8211; back thumb clip <\/span><br \/><span style=\"font-size: medium;\">&#8211; sponge ball classic<\/span><\/p>\n<p><strong><span style=\"font-size: medium;\">Znikanie:<\/span><\/strong><br \/><span style=\"font-size: medium;\">&#8211; standard vanish <\/span><br \/><span style=\"font-size: medium;\">&#8211; thumb palm vanish <\/span><br \/><span style=\"font-size: medium;\">&#8211; retention vanish <\/span><br \/><span style=\"font-size: medium;\">&#8211; take vanish <\/span><br \/><span style=\"font-size: medium;\">&#8211; french drop <\/span><br \/><span style=\"font-size: medium;\">&#8211; 2 hand vanish <\/span><br \/><span style=\"font-size: medium;\">&#8211; misdirection<\/span><\/p>\n<p><strong><span style=\"font-size: medium;\">Pojawianie:<\/span><\/strong><br \/><span style=\"font-size: medium;\">&#8211; push out <\/span><br \/><span style=\"font-size: medium;\">&#8211; pinch production (Gary Darwin) <\/span><br \/><span style=\"font-size: medium;\">&#8211; stage production <\/span><br \/><span style=\"font-size: medium;\">&#8211; pocket steals<\/span><\/p>\n<p><strong><span style=\"font-size: medium;\">Rozmna\u017canie:<\/span><\/strong><br \/><span style=\"font-size: medium;\">&#8211; standard load <\/span><br \/><span style=\"font-size: medium;\">&#8211; bold load <\/span><br \/><span style=\"font-size: medium;\">&#8211; the shuttle pass <\/span><br \/><span style=\"font-size: medium;\">&#8211; sawing in half <\/span><br \/><span style=\"font-size: medium;\">&#8211; rip split <\/span><br \/><span style=\"font-size: medium;\">&#8211; optical split <\/span><br \/><span style=\"font-size: medium;\">&#8211; final loads<\/span><\/p>\n<p><strong><span style=\"font-size: medium;\">Rutyna:<\/span><\/strong><br \/><span style=\"font-size: medium;\">-full length routine <\/span><br \/><span style=\"font-size: medium;\">&#8211; 2 in the hand, 1 in the pocket <\/span><br \/><span style=\"font-size: medium;\">&#8211; the 10 count<\/span><br \/><span style=\"font-size: medium;\">+ Bonus Specjalny<\/span><\/p>\n<p>\u00a0<\/p>\n<p><span style=\"font-size: medium;\"><strong>Jay Noblezada<\/strong> zaprowadzi Ci\u0119 r\u00f3wnie\u017c za kulisy muzeum, gdzie legenda, <strong>Gary Darwin<\/strong> nauczy Ci\u0119 kilku niesamowitych technik! To jest okazja, aby uczy\u0107 si\u0119 od najlepszych!<\/span><\/p>\n<p>\u00a0<\/p>\n<p><strong><span style=\"font-size: medium;\">Ca\u0142y film trwa 90 minut.<\/span><\/strong><\/p>\n","protected":false},"excerpt":{"rendered":"<p><strong>Sponge by Jay Noblezada<\/strong><\/p>\n","protected":false},"featured_media":7765,"comment_status":"closed","ping_status":"open","template":"","meta":[],"product_brand":[],"product_cat":[33],"product_tag":[],"class_list":{"0":"post-7764","1":"product","2":"type-product","3":"status-publish","4":"has-post-thumbnail","6":"product_cat-akcesoria-sponge-gabczaki","8":"first","9":"instock","10":"purchasable","11":"product-type-simple"},"_links":{"self":[{"href":"https:\/\/magiiik.netstory.com.pl\/index.php?rest_route=\/wp\/v2\/product\/7764","targetHints":{"allow":["GET"]}}],"collection":[{"href":"https:\/\/magiiik.netstory.com.pl\/index.php?rest_route=\/wp\/v2\/product"}],"about":[{"href":"https:\/\/magiiik.netstory.com.pl\/index.php?rest_route=\/wp\/v2\/types\/product"}],"replies":[{"embeddable":true,"href":"https:\/\/magiiik.netstory.com.pl\/index.php?rest_route=%2Fwp%2Fv2%2Fcomments&post=7764"}],"wp:featuredmedia":[{"embeddable":true,"href":"https:\/\/magiiik.netstory.com.pl\/index.php?rest_route=\/wp\/v2\/media\/7765"}],"wp:attachment":[{"href":"https:\/\/magiiik.netstory.com.pl\/index.php?rest_route=%2Fwp%2Fv2%2Fmedia&parent=7764"}],"wp:term":[{"taxonomy":"product_brand","embeddable":true,"href":"https:\/\/magiiik.netstory.com.pl\/index.php?rest_route=%2Fwp%2Fv2%2Fproduct_brand&post=7764"},{"taxonomy":"product_cat","embeddable":true,"href":"https:\/\/magiiik.netstory.com.pl\/index.php?rest_route=%2Fwp%2Fv2%2Fproduct_cat&post=7764"},{"taxonomy":"product_tag","embeddable":true,"href":"https:\/\/magiiik.netstory.com.pl\/index.php?rest_route=%2Fwp%2Fv2%2Fproduct_tag&post=7764"}],"curies":[{"name":"wp","href":"https:\/\/api.w.org\/{rel}","templated":true}]}}