{"id":7754,"date":"2025-09-19T13:10:40","date_gmt":"2025-09-19T11:10:40","guid":{"rendered":"https:\/\/magiiik.netstory.com.pl\/produkt\/at-the-table-live-lecture-michael-ammar\/"},"modified":"2025-09-19T13:10:52","modified_gmt":"2025-09-19T11:10:52","slug":"at-the-table-live-lecture-michael-ammar","status":"publish","type":"product","link":"https:\/\/magiiik.netstory.com.pl\/?product=at-the-table-live-lecture-michael-ammar","title":{"rendered":"At the Table Live Lecture &#8211; Michael Ammar"},"content":{"rendered":"<p><span style=\"font-size: medium;\"><strong>AT THE TABLE &#8211; MICHAEL AMMAR<\/strong><\/span><\/p>\n<p><span><br \/><\/span><\/p>\n<p><span style=\"font-size: small;\">Hmm&#8230;, je\u015bli szukasz wyja\u015bnie\u0144 trick\u00f3w magicznych w internecie, czemu by nie zacz\u0105\u0107 od Mistrza, niekwestionowanego, najlepszego wyk\u0142adowcy wszech czas\u00f3w, niezr\u00f3wnanego <strong>Michael Ammar<\/strong>?!\u00a0<\/span><\/p>\n<p>\u00a0<\/p>\n<p><span style=\"font-size: small;\">Wielu z Was na pewno widzia\u0142o ju\u017c szkolenia, seminaria tego magika, ale nigdy wcze\u015bniej nie by\u0142o czego\u015b takiego! Michael przedstawi kilka rzeczy, kt\u00f3rych <strong>NIGDY wcze\u015bniej nie prezentowa\u0142<\/strong> na swoich wyk\u0142adach! Z prowadz\u0105cym b\u0119dzie r\u00f3wnie\u017c rozmawia\u0142 o swojej karierze, udzieli porad dla innych iluzjonist\u00f3w, skupi si\u0119 na kreatywno\u015bci, na trendach w magii, co przyniesie rok 2014 w tej bran\u017cy! <strong>B\u0119dzie to osobiste, 2 godzinne spotkanie z tym wspania\u0142ym magikiem, jakim jest MICHAEL AMMAR!<\/strong><\/span><\/p>\n<p>\u00a0<\/p>\n<p><span style=\"font-size: small;\">B\u0119dziemy utrzymywa\u0107 program w \u015bcis\u0142ych ramach, aby by\u0142y to 2 fascynuj\u0105ce godziny i obiecujemy, \u017ce b\u0119d\u0105 one wype\u0142nione po brzegi MAGI\u0104, tricki w pe\u0142ni wykonane i wyja\u015bnione.\u00a0<\/span><\/p>\n<p>\u00a0<\/p>\n<p><span style=\"font-size: small;\">Chcemy pokaza\u0107, jak niesamowita jest technologia, daj\u0105c Ci mo\u017cliwo\u015b\u0107 uczestniczenia w wyk\u0142adzie <strong>Michael Ammar w zaciszu Twojego domu!<\/strong>\u00a0<\/span><\/p>\n<p>\u00a0<\/p>\n<p style=\"text-align: center;\"><span style=\"font-size: medium;\"><strong>KUP BILET JU\u017b TERAZ, \u015aCI\u0104GNIJ TO WYDARZENIE NA SW\u00d3J KOMPUTER I OGL\u0104DAJ, KIEDY CHCESZ!<\/strong><\/span><\/p>\n<p>\u00a0<\/p>\n<p><span style=\"font-size: small;\"><br \/><\/span><\/p>\n<p><strong><span style=\"font-size: small;\">POLECAMY i ZAPRASZAMY,<\/span><\/strong><\/p>\n<p><strong><span style=\"font-size: small;\">magiiik.pl<\/span><\/strong><\/p>\n<p><strong><span style=\"font-size: small;\"><br \/><\/span><\/strong><\/p>\n<p><strong><span style=\"font-size: small;\">UWAGA! <\/span><\/strong><\/p>\n<p><strong><span style=\"font-size: small;\">1. Szkolenie jest w j\u0119zyku angielskim!<\/span><\/strong><\/p>\n<p><strong><span style=\"font-size: small;\">2. Na seri\u0119 &#8222;At The Table&#8221; nie obowi\u0105zuje \u017bADEN rabat!<\/span><\/strong><\/p>\n","protected":false},"excerpt":{"rendered":"<p><strong>AT THE TABLE by Michael Ammar<\/strong><\/p>\n","protected":false},"featured_media":7755,"comment_status":"closed","ping_status":"open","template":"","meta":[],"product_brand":[],"product_cat":[50],"product_tag":[],"class_list":{"0":"post-7754","1":"product","2":"type-product","3":"status-publish","4":"has-post-thumbnail","6":"product_cat-ksiazki-dvd-download-downloads-at-the-table","8":"first","9":"instock","10":"purchasable","11":"product-type-simple"},"_links":{"self":[{"href":"https:\/\/magiiik.netstory.com.pl\/index.php?rest_route=\/wp\/v2\/product\/7754","targetHints":{"allow":["GET"]}}],"collection":[{"href":"https:\/\/magiiik.netstory.com.pl\/index.php?rest_route=\/wp\/v2\/product"}],"about":[{"href":"https:\/\/magiiik.netstory.com.pl\/index.php?rest_route=\/wp\/v2\/types\/product"}],"replies":[{"embeddable":true,"href":"https:\/\/magiiik.netstory.com.pl\/index.php?rest_route=%2Fwp%2Fv2%2Fcomments&post=7754"}],"wp:featuredmedia":[{"embeddable":true,"href":"https:\/\/magiiik.netstory.com.pl\/index.php?rest_route=\/wp\/v2\/media\/7755"}],"wp:attachment":[{"href":"https:\/\/magiiik.netstory.com.pl\/index.php?rest_route=%2Fwp%2Fv2%2Fmedia&parent=7754"}],"wp:term":[{"taxonomy":"product_brand","embeddable":true,"href":"https:\/\/magiiik.netstory.com.pl\/index.php?rest_route=%2Fwp%2Fv2%2Fproduct_brand&post=7754"},{"taxonomy":"product_cat","embeddable":true,"href":"https:\/\/magiiik.netstory.com.pl\/index.php?rest_route=%2Fwp%2Fv2%2Fproduct_cat&post=7754"},{"taxonomy":"product_tag","embeddable":true,"href":"https:\/\/magiiik.netstory.com.pl\/index.php?rest_route=%2Fwp%2Fv2%2Fproduct_tag&post=7754"}],"curies":[{"name":"wp","href":"https:\/\/api.w.org\/{rel}","templated":true}]}}