{"id":7749,"date":"2025-09-19T13:10:40","date_gmt":"2025-09-19T11:10:40","guid":{"rendered":"https:\/\/magiiik.netstory.com.pl\/produkt\/essential-in-magic-invisible-deck-dvd\/"},"modified":"2025-09-19T13:10:51","modified_gmt":"2025-09-19T11:10:51","slug":"essential-in-magic-invisible-deck-dvd","status":"publish","type":"product","link":"https:\/\/magiiik.netstory.com.pl\/?product=essential-in-magic-invisible-deck-dvd","title":{"rendered":"Essential in Magic &#8211; INVISIBLE DECK (DVD)"},"content":{"rendered":"<p style=\"text-align: center;\"><span style=\"font-size: large;\"><strong>To niezwyk\u0142e DVD pomo\u017ce Ci sta\u0107 si\u0119 profesjonalist\u0105 w sztukach z INVISIBLE DECK!<\/strong><\/span><\/p>\n<p style=\"text-align: center;\"><span style=\"font-size: large;\"><strong><br \/><\/strong><\/span><\/p>\n<p style=\"text-align: center;\"><span style=\"font-size: small;\"><strong>Invisible Deck jest jedn\u0105 z najbardziej popularnych talii kart magiiicznych na \u015bwiecie!<\/strong><\/span><\/p>\n<p style=\"text-align: center;\"><span style=\"font-size: small;\"><strong> Je\u015bli chcesz wykona\u0107 zabawne cuda praktycznie bez umiej\u0119tno\u015bci technicznych, si\u0119gnij po Invisible Deck. Wyobra\u017a sobie, \u017ce niewidzialna talia kart staje si\u0119 widoczna, a Ty jeste\u015b w stanie dok\u0142adnie przewidzie\u0107 dowolnie wybran\u0105 kart\u0119.<\/strong><\/span><\/p>\n<p style=\"text-align: center;\">\u00a0<\/p>\n<p style=\"text-align: center;\"><span style=\"font-size: small;\"><strong>W tym DVD, Mistrz FISM Z\u0142oty Medal w Close -Up, Daryl, przedstawi Ci krok po kroku dzia\u0142anie tej niezwyk\u0142ej talii kart. Poznasz niesamowite procedury i wskaz\u00f3wki klasycznej Invisible Deck Eddie Fields, Steve Bedwell, Neil Elias, Don Alan, i inne.\u00a0<\/strong><\/span><\/p>\n<p>\u00a0<\/p>\n<p><strong>POLECAMY<\/strong><\/p>\n<p><strong>magiiik.pl<\/strong><\/p>\n","protected":false},"excerpt":{"rendered":"<p><strong>ESSENTIAL IN MAGIC &#8211; INVISIBLE DECK!<\/strong><\/p>\n","protected":false},"featured_media":7750,"comment_status":"closed","ping_status":"open","template":"","meta":[],"product_brand":[],"product_cat":[47],"product_tag":[],"class_list":{"0":"post-7749","1":"product","2":"type-product","3":"status-publish","4":"has-post-thumbnail","6":"product_cat-ksiazki-dvd-download-filmy-dvd","8":"first","9":"instock","10":"purchasable","11":"product-type-simple"},"_links":{"self":[{"href":"https:\/\/magiiik.netstory.com.pl\/index.php?rest_route=\/wp\/v2\/product\/7749","targetHints":{"allow":["GET"]}}],"collection":[{"href":"https:\/\/magiiik.netstory.com.pl\/index.php?rest_route=\/wp\/v2\/product"}],"about":[{"href":"https:\/\/magiiik.netstory.com.pl\/index.php?rest_route=\/wp\/v2\/types\/product"}],"replies":[{"embeddable":true,"href":"https:\/\/magiiik.netstory.com.pl\/index.php?rest_route=%2Fwp%2Fv2%2Fcomments&post=7749"}],"wp:featuredmedia":[{"embeddable":true,"href":"https:\/\/magiiik.netstory.com.pl\/index.php?rest_route=\/wp\/v2\/media\/7750"}],"wp:attachment":[{"href":"https:\/\/magiiik.netstory.com.pl\/index.php?rest_route=%2Fwp%2Fv2%2Fmedia&parent=7749"}],"wp:term":[{"taxonomy":"product_brand","embeddable":true,"href":"https:\/\/magiiik.netstory.com.pl\/index.php?rest_route=%2Fwp%2Fv2%2Fproduct_brand&post=7749"},{"taxonomy":"product_cat","embeddable":true,"href":"https:\/\/magiiik.netstory.com.pl\/index.php?rest_route=%2Fwp%2Fv2%2Fproduct_cat&post=7749"},{"taxonomy":"product_tag","embeddable":true,"href":"https:\/\/magiiik.netstory.com.pl\/index.php?rest_route=%2Fwp%2Fv2%2Fproduct_tag&post=7749"}],"curies":[{"name":"wp","href":"https:\/\/api.w.org\/{rel}","templated":true}]}}