{"id":7745,"date":"2025-09-19T13:10:40","date_gmt":"2025-09-19T11:10:40","guid":{"rendered":"https:\/\/magiiik.netstory.com.pl\/produkt\/essentials-in-magic-sponge-balls-dvd\/"},"modified":"2025-09-19T13:10:49","modified_gmt":"2025-09-19T11:10:49","slug":"essentials-in-magic-sponge-balls-dvd","status":"publish","type":"product","link":"https:\/\/magiiik.netstory.com.pl\/?product=essentials-in-magic-sponge-balls-dvd","title":{"rendered":"Essentials in Magic Sponge Balls &#8211; DVD"},"content":{"rendered":"<p style=\"text-align: center;\"><span style=\"font-size: large;\"><strong>To niezwyk\u0142e DVD pomo\u017ce Ci sta\u0107 si\u0119 profesjonalist\u0105 w sztukach z G\u0104BCZAKAMI!<\/strong><\/span><\/p>\n<p style=\"text-align: center;\"><span style=\"font-size: large;\"><strong><br \/><\/strong><\/span><\/p>\n<p style=\"text-align: left;\"><span style=\"font-size: small;\"><strong>W tym DVD poznasz sekrety:<\/strong><\/span><\/p>\n<p><span style=\"font-size: small;\"><strong>Passe Passe Sponge;<\/strong><\/span><br \/><span style=\"font-size: small;\"><strong>Concealments;<\/strong><\/span><br \/><span style=\"font-size: small;\"><strong>Producing the Ball;<\/strong><\/span><br \/><span style=\"font-size: small;\"><strong>Sawing a Ball in Two &#8211; Poi Yung Chong;<\/strong><\/span><br \/><span style=\"font-size: small;\"><strong>Passes and Vanishes;<\/strong><\/span><br \/><span style=\"font-size: small;\"><strong>Retention Passes;<\/strong><\/span><br \/><span style=\"font-size: small;\"><strong>Ball to Spectator&#8217;s Hand;<\/strong><\/span><br \/><span style=\"font-size: small;\"><strong>Routines;<\/strong><\/span><\/p>\n<p style=\"text-align: left;\"><span style=\"font-size: small;\"><strong>Wiele wiele wi\u0119cej!<\/strong><\/span><\/p>\n<p style=\"text-align: left;\"><span style=\"font-size: small;\"><strong><br \/><\/strong><\/span><\/p>\n<div><span style=\"font-size: small;\">Kolekcja\u00a0<strong>&#8222;Essentials in Magic&#8221;\u00a0Sponge Balls<\/strong> daje mo\u017cliwo\u015b\u0107 spotkania si\u0119 jeden na jeden z Daryl&#8217;em. Znany i szanowany jako jeden z najlepszych nauczycieli na \u015bwiecie w sztuce iluzji. Daryl w tym filmie jest Twoim osobistym mentorem i w jasny, \u0142atwy do zrozumienia spos\u00f3b pomaga rozwija\u0107 umiej\u0119tno\u015bci i techniki nigdy wcze\u015bniej nie publikowane.<\/span><\/div>\n<div><span style=\"font-size: small;\"><br \/><\/span><\/div>\n<div><span style=\"font-size: small;\"><strong>POLECAMY!<\/strong><\/span><\/div>\n<div><span style=\"font-size: small;\"><strong>magiiik.pl<\/strong><\/span><\/div>\n<p style=\"text-align: left;\"><span style=\"font-size: small;\"><strong><br \/><\/strong><\/span><\/p>\n","protected":false},"excerpt":{"rendered":"<p><strong>ESSENTIAL IN MAGIC &#8211; SPONGE BALLS!<\/strong><\/p>\n","protected":false},"featured_media":7746,"comment_status":"closed","ping_status":"open","template":"","meta":[],"product_brand":[],"product_cat":[47],"product_tag":[],"class_list":{"0":"post-7745","1":"product","2":"type-product","3":"status-publish","4":"has-post-thumbnail","6":"product_cat-ksiazki-dvd-download-filmy-dvd","8":"first","9":"instock","10":"purchasable","11":"product-type-simple"},"_links":{"self":[{"href":"https:\/\/magiiik.netstory.com.pl\/index.php?rest_route=\/wp\/v2\/product\/7745","targetHints":{"allow":["GET"]}}],"collection":[{"href":"https:\/\/magiiik.netstory.com.pl\/index.php?rest_route=\/wp\/v2\/product"}],"about":[{"href":"https:\/\/magiiik.netstory.com.pl\/index.php?rest_route=\/wp\/v2\/types\/product"}],"replies":[{"embeddable":true,"href":"https:\/\/magiiik.netstory.com.pl\/index.php?rest_route=%2Fwp%2Fv2%2Fcomments&post=7745"}],"wp:featuredmedia":[{"embeddable":true,"href":"https:\/\/magiiik.netstory.com.pl\/index.php?rest_route=\/wp\/v2\/media\/7746"}],"wp:attachment":[{"href":"https:\/\/magiiik.netstory.com.pl\/index.php?rest_route=%2Fwp%2Fv2%2Fmedia&parent=7745"}],"wp:term":[{"taxonomy":"product_brand","embeddable":true,"href":"https:\/\/magiiik.netstory.com.pl\/index.php?rest_route=%2Fwp%2Fv2%2Fproduct_brand&post=7745"},{"taxonomy":"product_cat","embeddable":true,"href":"https:\/\/magiiik.netstory.com.pl\/index.php?rest_route=%2Fwp%2Fv2%2Fproduct_cat&post=7745"},{"taxonomy":"product_tag","embeddable":true,"href":"https:\/\/magiiik.netstory.com.pl\/index.php?rest_route=%2Fwp%2Fv2%2Fproduct_tag&post=7745"}],"curies":[{"name":"wp","href":"https:\/\/api.w.org\/{rel}","templated":true}]}}