{"id":7733,"date":"2025-09-19T13:10:40","date_gmt":"2025-09-19T11:10:40","guid":{"rendered":"https:\/\/magiiik.netstory.com.pl\/produkt\/floating-bill-lewitujacy-banknot-by-jon-jensens\/"},"modified":"2025-09-19T13:10:46","modified_gmt":"2025-09-19T11:10:46","slug":"floating-bill-lewitujacy-banknot-by-jon-jensens","status":"publish","type":"product","link":"https:\/\/magiiik.netstory.com.pl\/?product=floating-bill-lewitujacy-banknot-by-jon-jensens","title":{"rendered":"Floating Bill (Lewituj\u0105cy banknot) by Jon Jensen&#8217;s"},"content":{"rendered":"<p style=\"text-align: center;\"><span style=\"font-size: large;\"><strong>To jest naprawd\u0119 jedna z najciekawszych magicznych sztuczek, jakie kiedykolwiek wynaleziono!<\/strong><\/span><\/p>\n<p style=\"text-align: center;\"><span style=\"font-size: small;\"><strong>Przy odrobinie praktyki, b\u0119dziesz w stanie dokona\u0107 cudu! Po\u017cyczasz banknot od widza i zwijasz go w lu\u017an\u0105 kuleczk\u0119, kt\u00f3r\u0105 umieszczasz na otwartej d\u0142oni. Banknot nagle unosi si\u0119 nad r\u0119k\u0105, a nast\u0119pnie &#8222;przep\u0142ywa&#8221; z r\u0119ki do r\u0119ki. Z r\u0105k tworzysz okr\u0105g, przez kt\u00f3ry przepuszczasz lewituj\u0105cy banknot. Na koniec oddajesz go do obejrzenia&#8230;\u00a0<\/strong><\/span><\/p>\n<p>\u00a0<\/p>\n<p><strong>W zestawie:<\/strong><\/p>\n<p><strong>&#8211; gimmick;<\/strong><\/p>\n<p><strong>&#8211; dok\u0142adna instrukcja z obrazkami w j\u0119zyku angielskim.<\/strong><\/p>\n","protected":false},"excerpt":{"rendered":"<p><strong>LEWITUJ\u0104CY BANKNOT!<\/strong><\/p>\n","protected":false},"featured_media":7734,"comment_status":"closed","ping_status":"open","template":"","meta":[],"product_brand":[],"product_cat":[45],"product_tag":[],"class_list":{"0":"post-7733","1":"product","2":"type-product","3":"status-publish","4":"has-post-thumbnail","6":"product_cat-iluzja-sceniczna-lewitacja","8":"first","9":"instock","10":"purchasable","11":"product-type-simple"},"_links":{"self":[{"href":"https:\/\/magiiik.netstory.com.pl\/index.php?rest_route=\/wp\/v2\/product\/7733","targetHints":{"allow":["GET"]}}],"collection":[{"href":"https:\/\/magiiik.netstory.com.pl\/index.php?rest_route=\/wp\/v2\/product"}],"about":[{"href":"https:\/\/magiiik.netstory.com.pl\/index.php?rest_route=\/wp\/v2\/types\/product"}],"replies":[{"embeddable":true,"href":"https:\/\/magiiik.netstory.com.pl\/index.php?rest_route=%2Fwp%2Fv2%2Fcomments&post=7733"}],"wp:featuredmedia":[{"embeddable":true,"href":"https:\/\/magiiik.netstory.com.pl\/index.php?rest_route=\/wp\/v2\/media\/7734"}],"wp:attachment":[{"href":"https:\/\/magiiik.netstory.com.pl\/index.php?rest_route=%2Fwp%2Fv2%2Fmedia&parent=7733"}],"wp:term":[{"taxonomy":"product_brand","embeddable":true,"href":"https:\/\/magiiik.netstory.com.pl\/index.php?rest_route=%2Fwp%2Fv2%2Fproduct_brand&post=7733"},{"taxonomy":"product_cat","embeddable":true,"href":"https:\/\/magiiik.netstory.com.pl\/index.php?rest_route=%2Fwp%2Fv2%2Fproduct_cat&post=7733"},{"taxonomy":"product_tag","embeddable":true,"href":"https:\/\/magiiik.netstory.com.pl\/index.php?rest_route=%2Fwp%2Fv2%2Fproduct_tag&post=7733"}],"curies":[{"name":"wp","href":"https:\/\/api.w.org\/{rel}","templated":true}]}}