{"id":7731,"date":"2025-09-19T13:10:40","date_gmt":"2025-09-19T11:10:40","guid":{"rendered":"https:\/\/magiiik.netstory.com.pl\/produkt\/crystal-box-by-ickle-pickle\/"},"modified":"2025-09-19T13:10:45","modified_gmt":"2025-09-19T11:10:45","slug":"crystal-box-by-ickle-pickle","status":"publish","type":"product","link":"https:\/\/magiiik.netstory.com.pl\/?product=crystal-box-by-ickle-pickle","title":{"rendered":"Crystal Box by Ickle Pickle"},"content":{"rendered":"<p style=\"text-align: center;\"><span style=\"font-size: large;\"><strong>CRYSTAL BOX &#8211; prze\u017aroczyste pude\u0142ko, kt\u00f3re urozmaici Twoje show!<\/strong><\/span><\/p>\n<p style=\"text-align: center;\"><span style=\"font-size: small;\"><strong>Prezentujesz trick ze znikaj\u0105c\u0105 chusteczk\u0105&#8230; Chusteczka rozp\u0142ywa si\u0119 w powietrzu&#8230; Pokazujesz widzom to magiiiczne pude\u0142ko&#8230; Jest ca\u0142e prze\u017aroczyste i \u0142atwo dostrzec, \u017ce nic w nim nie ukrywasz&#8230; Jednak w mgnieniu oka pojawia si\u0119 w nim chusteczka, kt\u00f3ra przed momentem znikn\u0119\u0142a w Twoich d\u0142oniach!<\/strong><\/span><\/p>\n<p style=\"text-align: center;\"><span style=\"font-size: small;\"><strong><br \/><\/strong><\/span><\/p>\n<p style=\"text-align: center;\"><span style=\"font-size: small;\"><strong>Wymiary:<\/strong><\/span><\/p>\n<p style=\"text-align: center;\"><span style=\"font-size: small;\"><strong>10 cm. x 10 cm.<\/strong><\/span><\/p>\n<p>\u00a0<\/p>\n<p><strong>W zestawie:<\/strong><\/p>\n<p><strong>&#8211; prze\u017aroczyste pude\u0142ko;<\/strong><\/p>\n<p><strong>&#8211; instrukcja w j\u0119zyku angielskim.<\/strong><\/p>\n","protected":false},"excerpt":{"rendered":"<p><strong>CRYSTAL BOX!<\/strong><\/p>\n","protected":false},"featured_media":7732,"comment_status":"closed","ping_status":"open","template":"","meta":[],"product_brand":[],"product_cat":[18],"product_tag":[],"class_list":{"0":"post-7731","1":"product","2":"type-product","3":"status-publish","4":"has-post-thumbnail","6":"product_cat-iluzja-dla-dzieci","8":"first","9":"instock","10":"purchasable","11":"product-type-simple"},"_links":{"self":[{"href":"https:\/\/magiiik.netstory.com.pl\/index.php?rest_route=\/wp\/v2\/product\/7731","targetHints":{"allow":["GET"]}}],"collection":[{"href":"https:\/\/magiiik.netstory.com.pl\/index.php?rest_route=\/wp\/v2\/product"}],"about":[{"href":"https:\/\/magiiik.netstory.com.pl\/index.php?rest_route=\/wp\/v2\/types\/product"}],"replies":[{"embeddable":true,"href":"https:\/\/magiiik.netstory.com.pl\/index.php?rest_route=%2Fwp%2Fv2%2Fcomments&post=7731"}],"wp:featuredmedia":[{"embeddable":true,"href":"https:\/\/magiiik.netstory.com.pl\/index.php?rest_route=\/wp\/v2\/media\/7732"}],"wp:attachment":[{"href":"https:\/\/magiiik.netstory.com.pl\/index.php?rest_route=%2Fwp%2Fv2%2Fmedia&parent=7731"}],"wp:term":[{"taxonomy":"product_brand","embeddable":true,"href":"https:\/\/magiiik.netstory.com.pl\/index.php?rest_route=%2Fwp%2Fv2%2Fproduct_brand&post=7731"},{"taxonomy":"product_cat","embeddable":true,"href":"https:\/\/magiiik.netstory.com.pl\/index.php?rest_route=%2Fwp%2Fv2%2Fproduct_cat&post=7731"},{"taxonomy":"product_tag","embeddable":true,"href":"https:\/\/magiiik.netstory.com.pl\/index.php?rest_route=%2Fwp%2Fv2%2Fproduct_tag&post=7731"}],"curies":[{"name":"wp","href":"https:\/\/api.w.org\/{rel}","templated":true}]}}