{"id":7708,"date":"2025-09-19T13:10:07","date_gmt":"2025-09-19T11:10:07","guid":{"rendered":"https:\/\/magiiik.netstory.com.pl\/produkt\/cups-and-balls-aluminium\/"},"modified":"2025-09-19T13:10:33","modified_gmt":"2025-09-19T11:10:33","slug":"cups-and-balls-aluminium","status":"publish","type":"product","link":"https:\/\/magiiik.netstory.com.pl\/?product=cups-and-balls-aluminium","title":{"rendered":"Cups and balls (aluminium)"},"content":{"rendered":"<p style=\"text-align: center;\"><span style=\"font-size: large;\"><strong>Trzy ma\u0142e pi\u0142eczki umieszczone w trzech metalowych kubkach w magiczny spos\u00f3b przeskakuj\u0105 z kubka do kubka, ca\u0142kowicie znikaj\u0105 i pojawiaj\u0105 si\u0119 ponownie! To klasyczny trick, kt\u00f3ry do dzi\u015b wywo\u0142uje ogromne emocje!<\/strong><\/span><\/p>\n<p style=\"text-align: center;\"><span style=\"font-size: large;\"><strong>Te b\u0142yszcz\u0105ce chromowane kubki s\u0105 idealne dla ka\u017cdego pocz\u0105tkuj\u0105cego, jak i zaawansowanego iluzjonisty. \u00a0<\/strong><\/span><\/p>\n<p style=\"text-align: center;\"><span style=\"font-size: large;\"><strong><br \/><\/strong><\/span><\/p>\n<p style=\"text-align: left;\"><span style=\"font-size: small;\"><strong>W zestawie:<\/strong><\/span><\/p>\n<p style=\"text-align: left;\"><span style=\"font-size: small;\"><strong>&#8211; 4 r\u0119cznie szyde\u0142kowane pi\u0142eczki;<\/strong><\/span><\/p>\n<p style=\"text-align: left;\"><span style=\"font-size: small;\"><strong>&#8211; 3 aluminiowe kubki;<\/strong><\/span><\/p>\n<p style=\"text-align: left;\"><span style=\"font-size: small;\"><strong>&#8211; woreczek do przechowywania;<\/strong><\/span><\/p>\n<p style=\"text-align: left;\"><span style=\"font-size: small;\"><strong>&#8211; instrukcja z obrazkami w j\u0119zyku angielskim.<\/strong><\/span><\/p>\n<p style=\"text-align: center;\"><span style=\"font-size: large;\"><strong><br \/><\/strong><\/span><\/p>\n","protected":false},"excerpt":{"rendered":"<p><strong>Cups&amp;Balls (aluminium)<\/strong><\/p>\n","protected":false},"featured_media":7709,"comment_status":"closed","ping_status":"open","template":"","meta":[],"product_brand":[],"product_cat":[44],"product_tag":[],"class_list":{"0":"post-7708","1":"product","2":"type-product","3":"status-publish","4":"has-post-thumbnail","6":"product_cat-mikro-iluzja-close-up-cups-balls","8":"first","9":"instock","10":"purchasable","11":"product-type-simple"},"_links":{"self":[{"href":"https:\/\/magiiik.netstory.com.pl\/index.php?rest_route=\/wp\/v2\/product\/7708","targetHints":{"allow":["GET"]}}],"collection":[{"href":"https:\/\/magiiik.netstory.com.pl\/index.php?rest_route=\/wp\/v2\/product"}],"about":[{"href":"https:\/\/magiiik.netstory.com.pl\/index.php?rest_route=\/wp\/v2\/types\/product"}],"replies":[{"embeddable":true,"href":"https:\/\/magiiik.netstory.com.pl\/index.php?rest_route=%2Fwp%2Fv2%2Fcomments&post=7708"}],"wp:featuredmedia":[{"embeddable":true,"href":"https:\/\/magiiik.netstory.com.pl\/index.php?rest_route=\/wp\/v2\/media\/7709"}],"wp:attachment":[{"href":"https:\/\/magiiik.netstory.com.pl\/index.php?rest_route=%2Fwp%2Fv2%2Fmedia&parent=7708"}],"wp:term":[{"taxonomy":"product_brand","embeddable":true,"href":"https:\/\/magiiik.netstory.com.pl\/index.php?rest_route=%2Fwp%2Fv2%2Fproduct_brand&post=7708"},{"taxonomy":"product_cat","embeddable":true,"href":"https:\/\/magiiik.netstory.com.pl\/index.php?rest_route=%2Fwp%2Fv2%2Fproduct_cat&post=7708"},{"taxonomy":"product_tag","embeddable":true,"href":"https:\/\/magiiik.netstory.com.pl\/index.php?rest_route=%2Fwp%2Fv2%2Fproduct_tag&post=7708"}],"curies":[{"name":"wp","href":"https:\/\/api.w.org\/{rel}","templated":true}]}}