{"id":7704,"date":"2025-09-19T13:10:07","date_gmt":"2025-09-19T11:10:07","guid":{"rendered":"https:\/\/magiiik.netstory.com.pl\/produkt\/bicycle-americana\/"},"modified":"2025-09-19T13:10:32","modified_gmt":"2025-09-19T11:10:32","slug":"bicycle-americana","status":"publish","type":"product","link":"https:\/\/magiiik.netstory.com.pl\/?product=bicycle-americana","title":{"rendered":"Bicycle Americana"},"content":{"rendered":"<p style=\"text-align: center;\"><span style=\"font-size: large;\"><strong>Ta talia to co\u015b wi\u0119cej ni\u017c tylko nowy design standardowych Bicycle!<\/strong><\/span><\/p>\n<p style=\"text-align: center;\"><span style=\"font-size: large;\"><strong><br \/><\/strong><\/span><\/p>\n<p style=\"text-align: center;\"><span style=\"font-size: large;\"><strong>Niezwyk\u0142e, bardzo efektowne, oryginalne w swoim wygl\u0105dzie. Pop\u0119kane, wyblakni\u0119te, postarza\u0142e.\u00a0<\/strong><\/span><\/p>\n<p style=\"text-align: center;\"><span style=\"font-size: large;\"><strong><br \/><\/strong><\/span><\/p>\n<p style=\"text-align: center;\"><span style=\"font-size: large;\"><strong>Bicycle USA<\/strong><\/span><\/p>\n","protected":false},"excerpt":{"rendered":"<p><strong>AMERICANA DECK BICYCLE!<\/strong><\/p>\n","protected":false},"featured_media":7705,"comment_status":"closed","ping_status":"open","template":"","meta":[],"product_brand":[],"product_cat":[46],"product_tag":[],"class_list":{"0":"post-7704","1":"product","2":"type-product","3":"status-publish","4":"has-post-thumbnail","6":"product_cat-mikro-iluzja-close-up-karty-kolekcjonerskie","8":"first","9":"instock","10":"purchasable","11":"product-type-simple"},"_links":{"self":[{"href":"https:\/\/magiiik.netstory.com.pl\/index.php?rest_route=\/wp\/v2\/product\/7704","targetHints":{"allow":["GET"]}}],"collection":[{"href":"https:\/\/magiiik.netstory.com.pl\/index.php?rest_route=\/wp\/v2\/product"}],"about":[{"href":"https:\/\/magiiik.netstory.com.pl\/index.php?rest_route=\/wp\/v2\/types\/product"}],"replies":[{"embeddable":true,"href":"https:\/\/magiiik.netstory.com.pl\/index.php?rest_route=%2Fwp%2Fv2%2Fcomments&post=7704"}],"wp:featuredmedia":[{"embeddable":true,"href":"https:\/\/magiiik.netstory.com.pl\/index.php?rest_route=\/wp\/v2\/media\/7705"}],"wp:attachment":[{"href":"https:\/\/magiiik.netstory.com.pl\/index.php?rest_route=%2Fwp%2Fv2%2Fmedia&parent=7704"}],"wp:term":[{"taxonomy":"product_brand","embeddable":true,"href":"https:\/\/magiiik.netstory.com.pl\/index.php?rest_route=%2Fwp%2Fv2%2Fproduct_brand&post=7704"},{"taxonomy":"product_cat","embeddable":true,"href":"https:\/\/magiiik.netstory.com.pl\/index.php?rest_route=%2Fwp%2Fv2%2Fproduct_cat&post=7704"},{"taxonomy":"product_tag","embeddable":true,"href":"https:\/\/magiiik.netstory.com.pl\/index.php?rest_route=%2Fwp%2Fv2%2Fproduct_tag&post=7704"}],"curies":[{"name":"wp","href":"https:\/\/api.w.org\/{rel}","templated":true}]}}