{"id":7698,"date":"2025-09-19T13:10:07","date_gmt":"2025-09-19T11:10:07","guid":{"rendered":"https:\/\/magiiik.netstory.com.pl\/produkt\/niezwykle-tricki-z-gabczakami-dvd\/"},"modified":"2025-09-19T13:10:30","modified_gmt":"2025-09-19T11:10:30","slug":"niezwykle-tricki-z-gabczakami-dvd","status":"publish","type":"product","link":"https:\/\/magiiik.netstory.com.pl\/?product=niezwykle-tricki-z-gabczakami-dvd","title":{"rendered":"NIEZWYK\u0141E TRICKI Z G\u0104BCZAKAMI (DVD)"},"content":{"rendered":"<p style=\"text-align: center;\"><span style=\"font-size: large;\"><strong>Film na DVD, kt\u00f3ry nauczy Ci\u0119 niesamowitych sztuczek z g\u0105bczakami!<\/strong><\/span><\/p>\n<p style=\"text-align: center;\"><span style=\"font-size: large;\"><strong><br \/><\/strong><\/span><\/p>\n<p style=\"text-align: center;\"><span style=\"font-size: small;\">Pi\u0142eczki z g\u0105bki to najpot\u0119\u017cniejszy arsena\u0142 profesjonalnych magiiik\u00f3w. Dzi\u0119ki temu DVD b\u0119dziesz na dobrej drodze do opanowania tych niezwyk\u0142ych trick\u00f3w.<\/span><\/p>\n<p style=\"text-align: center;\"><span style=\"font-size: x-small;\"><br \/><\/span><\/p>\n<p style=\"text-align: center;\">\u00a0<\/p>\n<p><span style=\"font-size: x-small;\">Z filmu nauczysz si\u0119, jak:<\/span><\/p>\n<p style=\"text-align: center;\">\u00a0<\/p>\n<p><span style=\"font-size: x-small;\">&#8211; pojawia\u0107 i znika\u0107 g\u0105bczaki;<\/span><br \/><span style=\"font-size: x-small;\">&#8211; zmieni\u0107 kolor g\u0105bczaka;<\/span><br \/><span style=\"font-size: x-small;\">&#8211; przenikn\u0105\u0107 g\u0105bczaka z Twojej d\u0142oni do d\u0142oni widza;<\/span><br \/><span style=\"font-size: x-small;\">&#8211; zamieni\u0107 kostk\u0119 na pi\u0142k\u0119;<\/span><br \/><span style=\"font-size: x-small;\">&#8211; wiele, wiele innych!<\/span><\/p>\n<p><span style=\"font-size: x-small;\"><br \/><\/span><\/p>\n<p><strong><span style=\"font-size: x-small;\">POLECAMY!<\/span><\/strong><\/p>\n<p><strong><span style=\"font-size: x-small;\">magiiik.pl<\/span><\/strong><\/p>\n<p style=\"text-align: center;\"><span style=\"font-size: x-small;\"><br \/><\/span><\/p>\n","protected":false},"excerpt":{"rendered":"<p><strong>NIESAMOWITE TRICKI Z G\u0104BCZAKAMI!<\/strong><\/p>\n","protected":false},"featured_media":7699,"comment_status":"closed","ping_status":"open","template":"","meta":[],"product_brand":[],"product_cat":[47],"product_tag":[],"class_list":{"0":"post-7698","1":"product","2":"type-product","3":"status-publish","4":"has-post-thumbnail","6":"product_cat-ksiazki-dvd-download-filmy-dvd","8":"first","9":"instock","10":"purchasable","11":"product-type-simple"},"_links":{"self":[{"href":"https:\/\/magiiik.netstory.com.pl\/index.php?rest_route=\/wp\/v2\/product\/7698","targetHints":{"allow":["GET"]}}],"collection":[{"href":"https:\/\/magiiik.netstory.com.pl\/index.php?rest_route=\/wp\/v2\/product"}],"about":[{"href":"https:\/\/magiiik.netstory.com.pl\/index.php?rest_route=\/wp\/v2\/types\/product"}],"replies":[{"embeddable":true,"href":"https:\/\/magiiik.netstory.com.pl\/index.php?rest_route=%2Fwp%2Fv2%2Fcomments&post=7698"}],"wp:featuredmedia":[{"embeddable":true,"href":"https:\/\/magiiik.netstory.com.pl\/index.php?rest_route=\/wp\/v2\/media\/7699"}],"wp:attachment":[{"href":"https:\/\/magiiik.netstory.com.pl\/index.php?rest_route=%2Fwp%2Fv2%2Fmedia&parent=7698"}],"wp:term":[{"taxonomy":"product_brand","embeddable":true,"href":"https:\/\/magiiik.netstory.com.pl\/index.php?rest_route=%2Fwp%2Fv2%2Fproduct_brand&post=7698"},{"taxonomy":"product_cat","embeddable":true,"href":"https:\/\/magiiik.netstory.com.pl\/index.php?rest_route=%2Fwp%2Fv2%2Fproduct_cat&post=7698"},{"taxonomy":"product_tag","embeddable":true,"href":"https:\/\/magiiik.netstory.com.pl\/index.php?rest_route=%2Fwp%2Fv2%2Fproduct_tag&post=7698"}],"curies":[{"name":"wp","href":"https:\/\/api.w.org\/{rel}","templated":true}]}}