{"id":7691,"date":"2025-09-19T13:10:07","date_gmt":"2025-09-19T11:10:07","guid":{"rendered":"https:\/\/magiiik.netstory.com.pl\/produkt\/the-swami-gimmick\/"},"modified":"2025-09-19T13:10:28","modified_gmt":"2025-09-19T11:10:28","slug":"the-swami-gimmick","status":"publish","type":"product","link":"https:\/\/magiiik.netstory.com.pl\/?product=the-swami-gimmick","title":{"rendered":"The Swami Gimmick"},"content":{"rendered":"<p style=\"text-align: center;\"><strong><span style=\"font-size: 12pt; font-family: arial, helvetica, sans-serif;\">S\u0105 pewne efekty magiczne, kt\u00f3re wywo\u0142uj\u0105 naprawd\u0119 ogromne wra\u017cenie na publiczno\u015bci. <\/span><\/strong><\/p>\n<p style=\"text-align: center;\"><span style=\"font-size: 12pt; font-family: arial, helvetica, sans-serif;\">W\u015br\u00f3d takich efekt\u00f3w s\u0105 tricki mentalne, w tym przewidywanie my\u015bli widza i jego wybor\u00f3w. Jedne z najlepszych sztuczek tego typu wykonasz w\u0142a\u015bnie za pomoc\u0105 <strong>Swami Gimmick<\/strong>.<\/span><\/p>\n<p style=\"text-align: center;\">\u00a0<\/p>\n<p style=\"text-align: left;\"><strong><span style=\"font-size: 12pt; font-family: arial, helvetica, sans-serif;\">W zestawie otrzymasz:<\/span><\/strong><\/p>\n<p style=\"text-align: left;\"><span style=\"font-size: 12pt; font-family: arial, helvetica, sans-serif;\">&#8211; gimmick;<\/span><\/p>\n<p style=\"text-align: left;\"><span style=\"font-size: 12pt; font-family: arial, helvetica, sans-serif;\">&#8211; ksi\u0105\u017ceczk\u0119 z dok\u0142adnymi instrukcjami w j\u0119zyku angielskim.<\/span><\/p>\n<p style=\"text-align: left;\">\u00a0<\/p>\n<p style=\"text-align: left;\"><strong><span style=\"font-size: 12pt; font-family: arial, helvetica, sans-serif;\">Polecamy,<\/span><\/strong><\/p>\n<p style=\"text-align: left;\"><strong><span style=\"font-size: 12pt; font-family: arial, helvetica, sans-serif;\">magiiik.pl<\/span><\/strong><\/p>\n<p style=\"text-align: center;\">\u00a0<\/p>\n","protected":false},"excerpt":{"rendered":"<p><strong>The Swami Gimmick<\/strong><\/p>\n","protected":false},"featured_media":7692,"comment_status":"closed","ping_status":"open","template":"","meta":[],"product_brand":[],"product_cat":[36],"product_tag":[],"class_list":{"0":"post-7691","1":"product","2":"type-product","3":"status-publish","4":"has-post-thumbnail","6":"product_cat-akcesoria-thumb-tip-kciuki","8":"first","9":"instock","10":"purchasable","11":"product-type-simple"},"_links":{"self":[{"href":"https:\/\/magiiik.netstory.com.pl\/index.php?rest_route=\/wp\/v2\/product\/7691","targetHints":{"allow":["GET"]}}],"collection":[{"href":"https:\/\/magiiik.netstory.com.pl\/index.php?rest_route=\/wp\/v2\/product"}],"about":[{"href":"https:\/\/magiiik.netstory.com.pl\/index.php?rest_route=\/wp\/v2\/types\/product"}],"replies":[{"embeddable":true,"href":"https:\/\/magiiik.netstory.com.pl\/index.php?rest_route=%2Fwp%2Fv2%2Fcomments&post=7691"}],"wp:featuredmedia":[{"embeddable":true,"href":"https:\/\/magiiik.netstory.com.pl\/index.php?rest_route=\/wp\/v2\/media\/7692"}],"wp:attachment":[{"href":"https:\/\/magiiik.netstory.com.pl\/index.php?rest_route=%2Fwp%2Fv2%2Fmedia&parent=7691"}],"wp:term":[{"taxonomy":"product_brand","embeddable":true,"href":"https:\/\/magiiik.netstory.com.pl\/index.php?rest_route=%2Fwp%2Fv2%2Fproduct_brand&post=7691"},{"taxonomy":"product_cat","embeddable":true,"href":"https:\/\/magiiik.netstory.com.pl\/index.php?rest_route=%2Fwp%2Fv2%2Fproduct_cat&post=7691"},{"taxonomy":"product_tag","embeddable":true,"href":"https:\/\/magiiik.netstory.com.pl\/index.php?rest_route=%2Fwp%2Fv2%2Fproduct_tag&post=7691"}],"curies":[{"name":"wp","href":"https:\/\/api.w.org\/{rel}","templated":true}]}}