{"id":7689,"date":"2025-09-19T13:10:07","date_gmt":"2025-09-19T11:10:07","guid":{"rendered":"https:\/\/magiiik.netstory.com.pl\/produkt\/sznur-z-4-koncami\/"},"modified":"2025-09-19T13:10:28","modified_gmt":"2025-09-19T11:10:28","slug":"sznur-z-4-koncami","status":"publish","type":"product","link":"https:\/\/magiiik.netstory.com.pl\/?product=sznur-z-4-koncami","title":{"rendered":"Sznur z 4 ko\u0144cami"},"content":{"rendered":"<p style=\"text-align: center;\"><span style=\"font-size: large;\"><strong>PROFESJONALNIE WYKONANA MAGIA ZE SZNURAMI ZADZIWIA DO DZI\u015a!<\/strong><\/span><\/p>\n<p style=\"text-align: center;\">\u00a0<\/p>\n<p style=\"text-align: center;\"><span style=\"font-size: small;\"><strong>Prezentujesz widzom zwyk\u0142y, \u017c\u00f3\u0142ty sznur&#8230; Opowiadasz histori\u0119, \u017ce jest to magiiiczny i rzadko spotykany kawa\u0142ek sznura, dlatego \u017ce ma&#8230; (w tym momencie pojawiaj\u0105 si\u0119 dwa dodatkowe ko\u0144ce) 4 ko\u0144ce! W jednej sekundzie jeste\u015b w stanie przywr\u00f3ci\u0107 sznur do normalnego wygl\u0105du \ud83d\ude09<\/strong><\/span><\/p>\n<p style=\"text-align: center;\">\u00a0<\/p>\n<p><strong>W zestawie:<\/strong><\/p>\n<p><strong>&#8211; sznur;<\/strong><\/p>\n<p><strong>&#8211; instrukcja w j\u0119zyku angielskim.<\/strong><\/p>\n","protected":false},"excerpt":{"rendered":"<p><strong>SZNUR Z 4 KO\u0143CAMI!<\/strong><\/p>\n","protected":false},"featured_media":7690,"comment_status":"closed","ping_status":"open","template":"","meta":[],"product_brand":[],"product_cat":[40],"product_tag":[],"class_list":{"0":"post-7689","1":"product","2":"type-product","3":"status-publish","4":"has-post-thumbnail","6":"product_cat-iluzja-sceniczna-sznury","8":"first","9":"instock","10":"purchasable","11":"product-type-simple"},"_links":{"self":[{"href":"https:\/\/magiiik.netstory.com.pl\/index.php?rest_route=\/wp\/v2\/product\/7689","targetHints":{"allow":["GET"]}}],"collection":[{"href":"https:\/\/magiiik.netstory.com.pl\/index.php?rest_route=\/wp\/v2\/product"}],"about":[{"href":"https:\/\/magiiik.netstory.com.pl\/index.php?rest_route=\/wp\/v2\/types\/product"}],"replies":[{"embeddable":true,"href":"https:\/\/magiiik.netstory.com.pl\/index.php?rest_route=%2Fwp%2Fv2%2Fcomments&post=7689"}],"wp:featuredmedia":[{"embeddable":true,"href":"https:\/\/magiiik.netstory.com.pl\/index.php?rest_route=\/wp\/v2\/media\/7690"}],"wp:attachment":[{"href":"https:\/\/magiiik.netstory.com.pl\/index.php?rest_route=%2Fwp%2Fv2%2Fmedia&parent=7689"}],"wp:term":[{"taxonomy":"product_brand","embeddable":true,"href":"https:\/\/magiiik.netstory.com.pl\/index.php?rest_route=%2Fwp%2Fv2%2Fproduct_brand&post=7689"},{"taxonomy":"product_cat","embeddable":true,"href":"https:\/\/magiiik.netstory.com.pl\/index.php?rest_route=%2Fwp%2Fv2%2Fproduct_cat&post=7689"},{"taxonomy":"product_tag","embeddable":true,"href":"https:\/\/magiiik.netstory.com.pl\/index.php?rest_route=%2Fwp%2Fv2%2Fproduct_tag&post=7689"}],"curies":[{"name":"wp","href":"https:\/\/api.w.org\/{rel}","templated":true}]}}