{"id":7667,"date":"2025-09-19T13:10:07","date_gmt":"2025-09-19T11:10:07","guid":{"rendered":"https:\/\/magiiik.netstory.com.pl\/produkt\/tarantula-ii-by-yigal-mesika\/"},"modified":"2025-09-19T13:10:17","modified_gmt":"2025-09-19T11:10:17","slug":"tarantula-ii-by-yigal-mesika","status":"publish","type":"product","link":"https:\/\/magiiik.netstory.com.pl\/?product=tarantula-ii-by-yigal-mesika","title":{"rendered":"TARANTULA II by Yigal Mesika"},"content":{"rendered":"<p style=\"color: #111111; font-size: 13px; font-family: &quot;&quot;; text-align: center;\">\u00a0<\/p>\n<p style=\"text-align: center;\"><span style=\"color: #808080;\"><em><span style=\"font-size: 12pt; font-family: arial, helvetica, sans-serif;\">&#8222;Niesamowite innowacje!&#8221;<\/span><\/em><\/span><br \/><strong><span style=\"color: #808080;\"><em><span style=\"font-size: 12pt; font-family: arial, helvetica, sans-serif;\">&#8211; Dynamo<\/span><\/em><\/span><\/strong><\/p>\n<p style=\"text-align: center;\">\u00a0<\/p>\n<p style=\"text-align: center;\"><span style=\"color: #808080;\"><em><span style=\"font-size: 12pt; font-family: arial, helvetica, sans-serif;\">&#8222;Tarantula II jest magicznym geniuszem!&#8221;<\/span><\/em><\/span><br \/><strong><span style=\"color: #808080;\"><em><span style=\"font-size: 12pt; font-family: arial, helvetica, sans-serif;\">&#8211; Cyryl<\/span><\/em><\/span><\/strong><\/p>\n<p style=\"text-align: center;\">\u00a0<\/p>\n<p style=\"text-align: center;\"><span style=\"color: #808080;\"><em><span style=\"font-size: 12pt; font-family: arial, helvetica, sans-serif;\">&#8222;Zn\u00f3w Yigal wzni\u00f3s\u0142 magi\u0119 na wy\u017cyny!&#8221;<\/span><\/em><\/span><br \/><strong><span style=\"color: #808080;\"><em><span style=\"font-size: 12pt; font-family: arial, helvetica, sans-serif;\">&#8211; Dan White<\/span><\/em><\/span><\/strong><\/p>\n<p style=\"text-align: center;\">\u00a0<\/p>\n<p style=\"text-align: center;\"><span style=\"font-size: 12pt; font-family: arial, helvetica, sans-serif;\">Kiedy po raz pierwszy \u015bwiat ujrza\u0142 prze\u0142omowy rekwizyt Mesiki, &#8222;<strong>Tarantul\u0119<\/strong>&#8222;, iluzjoni\u015bci na ca\u0142ym \u015bwiecie nazwali go <em><strong>&#8222;najpot\u0119\u017cniejszym urz\u0105dzeniem do lewitacji wszechczas\u00f3w&#8221;<\/strong><\/em>! Teraz po 7 latach (!) <strong>TARANTULA<\/strong> wraca &#8211; pe\u0142na udoskonale\u0144, lepsza ni\u017c kiedykolwiek!\u00a0<\/span><\/p>\n<p style=\"text-align: center;\">\u00a0<\/p>\n<p style=\"text-align: center;\"><span style=\"font-size: 12pt; font-family: arial, helvetica, sans-serif;\"><iframe loading=\"lazy\" src=\"\/\/www.youtube.com\/embed\/E_Pas8Q5KPk\" width=\"554\" height=\"381\"><\/iframe><\/span><\/p>\n<p style=\"text-align: left;\"><strong><span style=\"font-size: 12pt; font-family: arial, helvetica, sans-serif;\">NOWO\u015aCI:<\/span><\/strong><\/p>\n<p style=\"text-align: left;\"><span style=\"font-size: 12pt; font-family: arial, helvetica, sans-serif;\">1. Akumulator, kt\u00f3ry wytrzymuje a\u017c do 50 prezentacji! Nigdy wi\u0119cej drogich baterii!<\/span><\/p>\n<p style=\"text-align: left;\"><span style=\"font-size: 12pt; font-family: arial, helvetica, sans-serif;\">2. W ka\u017cdej chwili mo\u017cna zablokowa\u0107 i odblokowa\u0107 silniczek!\u00a0<\/span><\/p>\n<p style=\"text-align: left;\">\u00a0<\/p>\n<p style=\"text-align: left;\"><span style=\"font-size: 12pt; font-family: arial, helvetica, sans-serif;\">3. Mikro-silnik jest prawie nies\u0142yszalny i zapewnia ci\u0105g\u0142e napr\u0119\u017cenie niewidzialnej nici!<\/span><\/p>\n<p style=\"text-align: left;\"><span style=\"font-size: 12pt; font-family: arial, helvetica, sans-serif;\">4. Zapomnij o dawnej aktywacji silniczka za pomoc\u0105 przycisku! Nowa, opatentowana technologia\u00a0<span style=\"color: #444444;\"><strong>Soul Technology\u2122<\/strong> pozwala Ci obs\u0142ugiwa\u0107 rekwizyt z pustymi r\u0119koma!\u00a0<\/span><\/span><\/p>\n<p style=\"text-align: left;\"><span style=\"font-size: 12pt; font-family: arial, helvetica, sans-serif;\">5. Zupe\u0142nie nowe video Mesiki, w kt\u00f3rym prezentuje nowe efekty, daje wskaz\u00f3wki, kt\u00f3re podnios\u0105 poziom Twojej prezentacji. Pocz\u0105tkuj\u0105cy u\u017cytkownicy Tarantuli, jak i zaawansowani b\u0119d\u0105 zdumieni t\u0105 now\u0105 tre\u015bci\u0105!<\/span><\/p>\n<p style=\"text-align: center;\">\u00a0<\/p>\n<p style=\"text-align: left;\">\u00a0<\/p>\n<p style=\"text-align: left;\"><span style=\"font-size: 12pt; font-family: arial, helvetica, sans-serif;\">Efekty, jakich si\u0119 nauczysz:<\/span><\/p>\n<ul style=\"color: #444444; font-size: 13px; font-family: Arial, sans-serif; text-align: center;\">\n<li style=\"text-align: left;\"><strong><span style=\"font-size: 12pt; font-family: arial, helvetica, sans-serif;\">Floating Candy\/Lifesaver<\/span><\/strong><\/li>\n<li style=\"text-align: left;\"><strong><span style=\"font-size: 12pt; font-family: arial, helvetica, sans-serif;\">Hover-Ring<\/span><\/strong><\/li>\n<li style=\"text-align: left;\"><strong><span style=\"font-size: 12pt; font-family: arial, helvetica, sans-serif;\">Haunted Pack<\/span><\/strong><\/li>\n<li style=\"text-align: left;\"><strong><span style=\"font-size: 12pt; font-family: arial, helvetica, sans-serif;\">Floating Bill<\/span><\/strong><\/li>\n<li style=\"text-align: left;\"><strong><span style=\"font-size: 12pt; font-family: arial, helvetica, sans-serif;\">Magnetic Bill<\/span><\/strong><\/li>\n<li style=\"text-align: left;\"><strong><span style=\"font-size: 12pt; font-family: arial, helvetica, sans-serif;\">Bonus PK Touches<\/span><\/strong><\/li>\n<\/ul>\n<p>\u00a0<\/p>\n<p style=\"text-align: center;\">\u00a0<\/p>\n<p style=\"text-align: center;\"><span style=\"font-size: 12pt; font-family: arial, helvetica, sans-serif;\"><strong>TARANTULA II<\/strong> to prawdziwa magia, kt\u00f3r\u0105 mo\u017cesz prezentowa\u0107 wsz\u0119dzie i o ka\u017cdej porze, w ka\u017cdych warunkach! Mo\u017cesz j\u0105 pokazywa\u0107 z zupe\u0142nie pustymi d\u0142o\u0144mi bez ubierania specjalnej odzie\u017cy, czy bi\u017cuterii! Iluzja dzieje si\u0119 tu\u017c przed nosami Twoich widz\u00f3w!\u00a0<\/span><\/p>\n<p style=\"text-align: center;\"><strong><span style=\"font-size: 12pt; font-family: arial, helvetica, sans-serif;\">To unikalne urz\u0105dzenie jest \u0142atwe w opanowaniu i daje nieograniczone mo\u017cliwo\u015bci!<\/span><\/strong><\/p>\n<p style=\"text-align: center;\">\u00a0<\/p>\n<p style=\"text-align: center;\"><strong><span style=\"color: #000000;\">Polecamy,<\/span><\/strong><\/p>\n<p style=\"text-align: center;\"><strong><span style=\"color: #000000;\">magiiik.pl<\/span><\/strong><\/p>\n<p style=\"text-align: center;\">\u00a0<\/p>\n","protected":false},"excerpt":{"rendered":"<p style=\"text-align: center;\"><strong>Tarantula II by Yigal Mesika<\/strong><\/p>\n<p style=\"text-align: center;\"><strong>Idealne urz\u0105dzenie do lewitacji i telekinezy<\/strong><\/p>\n","protected":false},"featured_media":7668,"comment_status":"closed","ping_status":"open","template":"","meta":[],"product_brand":[],"product_cat":[45],"product_tag":[],"class_list":{"0":"post-7667","1":"product","2":"type-product","3":"status-publish","4":"has-post-thumbnail","6":"product_cat-iluzja-sceniczna-lewitacja","8":"first","9":"instock","10":"purchasable","11":"product-type-simple"},"_links":{"self":[{"href":"https:\/\/magiiik.netstory.com.pl\/index.php?rest_route=\/wp\/v2\/product\/7667","targetHints":{"allow":["GET"]}}],"collection":[{"href":"https:\/\/magiiik.netstory.com.pl\/index.php?rest_route=\/wp\/v2\/product"}],"about":[{"href":"https:\/\/magiiik.netstory.com.pl\/index.php?rest_route=\/wp\/v2\/types\/product"}],"replies":[{"embeddable":true,"href":"https:\/\/magiiik.netstory.com.pl\/index.php?rest_route=%2Fwp%2Fv2%2Fcomments&post=7667"}],"wp:featuredmedia":[{"embeddable":true,"href":"https:\/\/magiiik.netstory.com.pl\/index.php?rest_route=\/wp\/v2\/media\/7668"}],"wp:attachment":[{"href":"https:\/\/magiiik.netstory.com.pl\/index.php?rest_route=%2Fwp%2Fv2%2Fmedia&parent=7667"}],"wp:term":[{"taxonomy":"product_brand","embeddable":true,"href":"https:\/\/magiiik.netstory.com.pl\/index.php?rest_route=%2Fwp%2Fv2%2Fproduct_brand&post=7667"},{"taxonomy":"product_cat","embeddable":true,"href":"https:\/\/magiiik.netstory.com.pl\/index.php?rest_route=%2Fwp%2Fv2%2Fproduct_cat&post=7667"},{"taxonomy":"product_tag","embeddable":true,"href":"https:\/\/magiiik.netstory.com.pl\/index.php?rest_route=%2Fwp%2Fv2%2Fproduct_tag&post=7667"}],"curies":[{"name":"wp","href":"https:\/\/api.w.org\/{rel}","templated":true}]}}