{"id":7664,"date":"2025-09-19T13:10:07","date_gmt":"2025-09-19T11:10:07","guid":{"rendered":"https:\/\/magiiik.netstory.com.pl\/produkt\/chop-cup-by-uday\/"},"modified":"2025-09-19T13:10:17","modified_gmt":"2025-09-19T11:10:17","slug":"chop-cup-by-uday","status":"publish","type":"product","link":"https:\/\/magiiik.netstory.com.pl\/?product=chop-cup-by-uday","title":{"rendered":"Chop Cup by Uday"},"content":{"rendered":"<p style=\"text-align:center;\"><span style=\"font-size:large;\"><strong>KLASYCZNY TRICK, kt\u00f3ry zna ka\u017cdy PROFESJONALNY MAGIIIK!<\/strong><\/span><\/p>\n<p style=\"text-align:center;\">\u00a0<\/p>\n<p style=\"text-align:center;\"><strong><span style=\"font-size:small;\">Prezentujesz widzom masywny, aluminiowy kubek, z kt\u00f3rym wykonujesz niezwyk\u0142e, zaskakuj\u0105ce tricki &#8211; pi\u0142eczka znika, pojawia si\u0119, raz pod kubkiem, raz na denku, co rusz w innym, nieprzewidzianym miejscu, by na koniec pi\u0142eczka znikn\u0119\u0142a, a pojawi\u0142a si\u0119 np. CYTRYNA! \ud83d\ude09 To niezwyk\u0142y trick, kt\u00f3ry nadal bawi i zadziwia \ud83d\ude42<\/span><\/strong><\/p>\n<p>\u00a0<\/p>\n<p><strong>W zestawie:<\/strong><\/p>\n<p><strong>&#8211; Wszystko do wykonania tricku;<\/strong><\/p>\n<p><strong>&#8211; Instrukcja z j\u0119zyku angielskim;<\/strong><\/p>\n<p><strong>&#8211; UWAGA! Zestaw nie zawiera laseczki! Mo\u017cesz j\u0105 dokupi\u0107 u nas za jedyne 24,50 z\u0142.!<\/strong><\/p>\n","protected":false},"excerpt":{"rendered":"<p>CLASSIC CHOP CUP!<\/p>\n","protected":false},"featured_media":7665,"comment_status":"closed","ping_status":"open","template":"","meta":[],"product_brand":[],"product_cat":[44],"product_tag":[],"class_list":{"0":"post-7664","1":"product","2":"type-product","3":"status-publish","4":"has-post-thumbnail","6":"product_cat-mikro-iluzja-close-up-cups-balls","8":"first","9":"instock","10":"purchasable","11":"product-type-simple"},"_links":{"self":[{"href":"https:\/\/magiiik.netstory.com.pl\/index.php?rest_route=\/wp\/v2\/product\/7664","targetHints":{"allow":["GET"]}}],"collection":[{"href":"https:\/\/magiiik.netstory.com.pl\/index.php?rest_route=\/wp\/v2\/product"}],"about":[{"href":"https:\/\/magiiik.netstory.com.pl\/index.php?rest_route=\/wp\/v2\/types\/product"}],"replies":[{"embeddable":true,"href":"https:\/\/magiiik.netstory.com.pl\/index.php?rest_route=%2Fwp%2Fv2%2Fcomments&post=7664"}],"wp:featuredmedia":[{"embeddable":true,"href":"https:\/\/magiiik.netstory.com.pl\/index.php?rest_route=\/wp\/v2\/media\/7665"}],"wp:attachment":[{"href":"https:\/\/magiiik.netstory.com.pl\/index.php?rest_route=%2Fwp%2Fv2%2Fmedia&parent=7664"}],"wp:term":[{"taxonomy":"product_brand","embeddable":true,"href":"https:\/\/magiiik.netstory.com.pl\/index.php?rest_route=%2Fwp%2Fv2%2Fproduct_brand&post=7664"},{"taxonomy":"product_cat","embeddable":true,"href":"https:\/\/magiiik.netstory.com.pl\/index.php?rest_route=%2Fwp%2Fv2%2Fproduct_cat&post=7664"},{"taxonomy":"product_tag","embeddable":true,"href":"https:\/\/magiiik.netstory.com.pl\/index.php?rest_route=%2Fwp%2Fv2%2Fproduct_tag&post=7664"}],"curies":[{"name":"wp","href":"https:\/\/api.w.org\/{rel}","templated":true}]}}