{"id":7633,"date":"2025-09-19T13:09:02","date_gmt":"2025-09-19T11:09:02","guid":{"rendered":"https:\/\/magiiik.netstory.com.pl\/produkt\/metamorfoza-chusteczki-by-mr-magic\/"},"modified":"2025-09-19T13:10:00","modified_gmt":"2025-09-19T11:10:00","slug":"metamorfoza-chusteczki-by-mr-magic","status":"publish","type":"product","link":"https:\/\/magiiik.netstory.com.pl\/?product=metamorfoza-chusteczki-by-mr-magic","title":{"rendered":"Metamorfoza Chusteczki by Mr Magic"},"content":{"rendered":"<p style=\"text-align: center;\"><span style=\"font-size: 14pt; font-family: arial, helvetica, sans-serif;\">Iluzjonista pokazuje pust\u0105 puszk\u0119 w kolorze czarnym, w bia\u0142e grochy oraz dwie jedwabne chusteczki.<\/span><\/p>\n<p style=\"text-align: center;\">\u00a0<\/p>\n<p><span style=\"font-size: 12pt; font-family: arial, helvetica, sans-serif;\">&#8211; <em>&#8222;To jest bia\u0142a chusteczka, a to jest czarna chusteczka&#8221;<\/em> &#8211; m\u00f3wi magik.\u00a0<\/span><\/p>\n<p><span style=\"font-size: 12pt; font-family: arial, helvetica, sans-serif;\">&#8211; <em>&#8222;A to jest moja magiczna czarna puszka w bia\u0142e groszki&#8221;<\/em> &#8211; dodaje.<\/span><\/p>\n<p><span style=\"font-size: 12pt; font-family: arial, helvetica, sans-serif;\">Teraz umieszcza dwie chusteczki w puszce po czym wyci\u0105ga je ponownie i m\u00f3wi:<\/span><\/p>\n<p><span style=\"font-size: 12pt; font-family: arial, helvetica, sans-serif;\">&#8211; <em>&#8222;Jak zauwa\u017cyli\u015bcie bia\u0142a chusteczka zamieni\u0142a si\u0119 w czarn\u0105, a czarn\u0105 w bia\u0142\u0105&#8230;&#8221;.<\/em><\/span><\/p>\n<p><span style=\"font-size: 12pt; font-family: arial, helvetica, sans-serif;\">Ponownie umieszcza chusteczki do pojemnika, kilka magicznych ruch\u00f3w i&#8230; z puszki znikn\u0119\u0142y bia\u0142e groszki! Magik wyci\u0105ga dwie chusteczki ze \u015brodka i okazuje si\u0119, \u017ce na czarnej chusteczce pojawi\u0142y si\u0119 bia\u0142e grochy, a na bia\u0142ej czarne grochy&#8230;<\/span><\/p>\n<p>\u00a0<\/p>\n<p style=\"text-align: center;\"><span style=\"font-size: 12pt; font-family: arial, helvetica, sans-serif;\"><iframe loading=\"lazy\" src=\"\/\/www.youtube.com\/embed\/3ddiUg2_Jkk\" width=\"540\" height=\"445\"><\/iframe><\/span><\/p>\n<p style=\"text-align: left;\"><span style=\"font-size: 12pt; font-family: arial, helvetica, sans-serif;\"><strong>W zestawie:<\/strong><\/span><\/p>\n<p style=\"text-align: left;\"><span style=\"font-size: 12pt; font-family: arial, helvetica, sans-serif;\"><strong>&#8211; magiczna puszka;<\/strong><\/span><\/p>\n<p style=\"text-align: left;\"><span style=\"font-size: 12pt; font-family: arial, helvetica, sans-serif;\"><strong>&#8211; bia\u0142a i czarna chusteczka jedwabna;<\/strong><\/span><\/p>\n<p style=\"text-align: left;\"><span style=\"font-size: 12pt; font-family: arial, helvetica, sans-serif;\"><strong>&#8211; jedwabne chusteczki w groszki;<\/strong><\/span><\/p>\n<p style=\"text-align: left;\"><span style=\"font-size: 12pt; font-family: arial, helvetica, sans-serif;\"><strong>&#8211; instrukcja w j\u0119zyku angielskim.<\/strong><\/span><\/p>\n<p style=\"text-align: left;\">\u00a0<\/p>\n<p style=\"text-align: left;\"><span style=\"font-size: 12pt; font-family: arial, helvetica, sans-serif;\"><strong>Polecamy,<\/strong><\/span><\/p>\n<p style=\"text-align: left;\"><span style=\"font-size: 12pt; font-family: arial, helvetica, sans-serif;\"><strong>magiiik.pl<\/strong><\/span><\/p>\n","protected":false},"excerpt":{"rendered":"<p><strong>Metamorpho Spots by Mr Magic<\/strong><\/p>\n","protected":false},"featured_media":7634,"comment_status":"closed","ping_status":"open","template":"","meta":[],"product_brand":[],"product_cat":[38],"product_tag":[],"class_list":{"0":"post-7633","1":"product","2":"type-product","3":"status-publish","4":"has-post-thumbnail","6":"product_cat-akcesoria-silks-chusty","8":"first","9":"instock","10":"purchasable","11":"product-type-simple"},"_links":{"self":[{"href":"https:\/\/magiiik.netstory.com.pl\/index.php?rest_route=\/wp\/v2\/product\/7633","targetHints":{"allow":["GET"]}}],"collection":[{"href":"https:\/\/magiiik.netstory.com.pl\/index.php?rest_route=\/wp\/v2\/product"}],"about":[{"href":"https:\/\/magiiik.netstory.com.pl\/index.php?rest_route=\/wp\/v2\/types\/product"}],"replies":[{"embeddable":true,"href":"https:\/\/magiiik.netstory.com.pl\/index.php?rest_route=%2Fwp%2Fv2%2Fcomments&post=7633"}],"wp:featuredmedia":[{"embeddable":true,"href":"https:\/\/magiiik.netstory.com.pl\/index.php?rest_route=\/wp\/v2\/media\/7634"}],"wp:attachment":[{"href":"https:\/\/magiiik.netstory.com.pl\/index.php?rest_route=%2Fwp%2Fv2%2Fmedia&parent=7633"}],"wp:term":[{"taxonomy":"product_brand","embeddable":true,"href":"https:\/\/magiiik.netstory.com.pl\/index.php?rest_route=%2Fwp%2Fv2%2Fproduct_brand&post=7633"},{"taxonomy":"product_cat","embeddable":true,"href":"https:\/\/magiiik.netstory.com.pl\/index.php?rest_route=%2Fwp%2Fv2%2Fproduct_cat&post=7633"},{"taxonomy":"product_tag","embeddable":true,"href":"https:\/\/magiiik.netstory.com.pl\/index.php?rest_route=%2Fwp%2Fv2%2Fproduct_tag&post=7633"}],"curies":[{"name":"wp","href":"https:\/\/api.w.org\/{rel}","templated":true}]}}