{"id":7604,"date":"2025-09-19T13:09:02","date_gmt":"2025-09-19T11:09:02","guid":{"rendered":"https:\/\/magiiik.netstory.com.pl\/produkt\/sponge-balls-gabczaki-3-75-cm-supersoft\/"},"modified":"2025-09-19T13:09:44","modified_gmt":"2025-09-19T11:09:44","slug":"sponge-balls-gabczaki-3-75-cm-supersoft","status":"publish","type":"product","link":"https:\/\/magiiik.netstory.com.pl\/?product=sponge-balls-gabczaki-3-75-cm-supersoft","title":{"rendered":"Sponge Balls &#8211; G\u0105bczaki 3&#8243; 7,5 cm SUPERSOFT!"},"content":{"rendered":"<p style=\"text-align: center;\"><span style=\"font-size: large;\"><strong>G\u0104BCZAKI, kt\u00f3re musisz mie\u0107 ju\u017c DZISIAJ!!!<\/strong><\/span><\/p>\n<p style=\"text-align: center;\"><span style=\"font-size: large;\"><strong><br \/><\/strong><\/span><\/p>\n<p style=\"text-align: center;\"><span style=\"font-size: large;\"><strong>SUPERSOFT BIG!!! 3&#8243; = 7,5 cm.!!!<\/strong><\/span><\/p>\n<p style=\"text-align: center;\"><span style=\"font-size: large;\"><strong><br \/><\/strong><\/span><\/p>\n<p style=\"text-align: center;\"><span style=\"font-size: small;\"><strong>G\u0105bczaki, to magiiiczne zwierz\u0105tka, kt\u00f3re znikaj\u0105, pojawiaj\u0105 si\u0119 i&#8230; rozmna\u017caj\u0105 w ogromnych ilo\u015bciach, w u\u0142amku sekundy! Z tymi mi\u0119kkimi pi\u0142eczkami mo\u017cesz robi\u0107 najr\u00f3\u017cniejsze cuda, kt\u00f3re zafascynuj\u0105 ka\u017cdego widza!<\/strong><\/span><\/p>\n<p style=\"text-align: center;\"><span style=\"font-size: small;\"><strong><br \/><\/strong><\/span><\/p>\n<p style=\"text-align: center;\"><span style=\"font-size: small;\"><strong><iframe loading=\"lazy\" src=\"http:\/\/www.youtube.com\/embed\/Wza-Bte1-fo\" width=\"425\" height=\"350\" frameborder=\"0\"><\/iframe><br \/><\/strong><\/span><\/p>\n<p>\u00a0<\/p>\n<p><strong>Kolor: czerwony;<\/strong><\/p>\n<p><strong>Rozmiar: 7<\/strong><strong>,5 cm;<\/strong><\/p>\n","protected":false},"excerpt":{"rendered":"<p><strong>G\u0104BCZAKI SUPERSOFT BIG!!!<\/strong><\/p>\n","protected":false},"featured_media":7605,"comment_status":"closed","ping_status":"open","template":"","meta":[],"product_brand":[],"product_cat":[33],"product_tag":[],"class_list":{"0":"post-7604","1":"product","2":"type-product","3":"status-publish","4":"has-post-thumbnail","6":"product_cat-akcesoria-sponge-gabczaki","8":"first","9":"instock","10":"purchasable","11":"product-type-simple"},"_links":{"self":[{"href":"https:\/\/magiiik.netstory.com.pl\/index.php?rest_route=\/wp\/v2\/product\/7604","targetHints":{"allow":["GET"]}}],"collection":[{"href":"https:\/\/magiiik.netstory.com.pl\/index.php?rest_route=\/wp\/v2\/product"}],"about":[{"href":"https:\/\/magiiik.netstory.com.pl\/index.php?rest_route=\/wp\/v2\/types\/product"}],"replies":[{"embeddable":true,"href":"https:\/\/magiiik.netstory.com.pl\/index.php?rest_route=%2Fwp%2Fv2%2Fcomments&post=7604"}],"wp:featuredmedia":[{"embeddable":true,"href":"https:\/\/magiiik.netstory.com.pl\/index.php?rest_route=\/wp\/v2\/media\/7605"}],"wp:attachment":[{"href":"https:\/\/magiiik.netstory.com.pl\/index.php?rest_route=%2Fwp%2Fv2%2Fmedia&parent=7604"}],"wp:term":[{"taxonomy":"product_brand","embeddable":true,"href":"https:\/\/magiiik.netstory.com.pl\/index.php?rest_route=%2Fwp%2Fv2%2Fproduct_brand&post=7604"},{"taxonomy":"product_cat","embeddable":true,"href":"https:\/\/magiiik.netstory.com.pl\/index.php?rest_route=%2Fwp%2Fv2%2Fproduct_cat&post=7604"},{"taxonomy":"product_tag","embeddable":true,"href":"https:\/\/magiiik.netstory.com.pl\/index.php?rest_route=%2Fwp%2Fv2%2Fproduct_tag&post=7604"}],"curies":[{"name":"wp","href":"https:\/\/api.w.org\/{rel}","templated":true}]}}