{"id":7588,"date":"2025-09-19T13:09:02","date_gmt":"2025-09-19T11:09:02","guid":{"rendered":"https:\/\/magiiik.netstory.com.pl\/produkt\/gabczaki-kroliczki\/"},"modified":"2025-09-19T13:09:34","modified_gmt":"2025-09-19T11:09:34","slug":"gabczaki-kroliczki","status":"publish","type":"product","link":"https:\/\/magiiik.netstory.com.pl\/?product=gabczaki-kroliczki","title":{"rendered":"G\u0105bczaki kr\u00f3liczki"},"content":{"rendered":"<p style=\"text-align: center;\"><span style=\"font-size: 14pt; font-family: arial, helvetica, sans-serif;\"><strong>G\u0104BCZAKI KR\u00d3LICZKI, to \u015bwietny rekwizyt dla magiiik\u00f3w wykonuj\u0105cych tricki z g\u0105bczakami!<\/strong><\/span><\/p>\n<p><span style=\"font-size: 14pt; font-family: arial, helvetica, sans-serif;\">\u00a0<\/span><\/p>\n<p><span style=\"font-size: 14pt; font-family: arial, helvetica, sans-serif;\"><strong>W zestawie:<\/strong><\/span><\/p>\n<p><span style=\"font-size: 14pt; font-family: arial, helvetica, sans-serif;\"><strong>&#8211; 6 kr\u00f3liczk\u00f3w z \u017c\u00f3\u0142tej g\u0105bki (4 ma\u0142e i 2 du\u017ce);<\/strong><\/span><\/p>\n<p><span style=\"font-size: 14pt; font-family: arial, helvetica, sans-serif;\"><strong>&#8211; instrukcja w j\u0119zyku angielskim.<\/strong><\/span><\/p>\n","protected":false},"excerpt":{"rendered":"<p><strong>G\u0105bczaki kr\u00f3liczki<\/strong><\/p>\n","protected":false},"featured_media":7589,"comment_status":"closed","ping_status":"open","template":"","meta":[],"product_brand":[],"product_cat":[33],"product_tag":[],"class_list":{"0":"post-7588","1":"product","2":"type-product","3":"status-publish","4":"has-post-thumbnail","6":"product_cat-akcesoria-sponge-gabczaki","8":"first","9":"instock","10":"purchasable","11":"product-type-simple"},"_links":{"self":[{"href":"https:\/\/magiiik.netstory.com.pl\/index.php?rest_route=\/wp\/v2\/product\/7588","targetHints":{"allow":["GET"]}}],"collection":[{"href":"https:\/\/magiiik.netstory.com.pl\/index.php?rest_route=\/wp\/v2\/product"}],"about":[{"href":"https:\/\/magiiik.netstory.com.pl\/index.php?rest_route=\/wp\/v2\/types\/product"}],"replies":[{"embeddable":true,"href":"https:\/\/magiiik.netstory.com.pl\/index.php?rest_route=%2Fwp%2Fv2%2Fcomments&post=7588"}],"wp:featuredmedia":[{"embeddable":true,"href":"https:\/\/magiiik.netstory.com.pl\/index.php?rest_route=\/wp\/v2\/media\/7589"}],"wp:attachment":[{"href":"https:\/\/magiiik.netstory.com.pl\/index.php?rest_route=%2Fwp%2Fv2%2Fmedia&parent=7588"}],"wp:term":[{"taxonomy":"product_brand","embeddable":true,"href":"https:\/\/magiiik.netstory.com.pl\/index.php?rest_route=%2Fwp%2Fv2%2Fproduct_brand&post=7588"},{"taxonomy":"product_cat","embeddable":true,"href":"https:\/\/magiiik.netstory.com.pl\/index.php?rest_route=%2Fwp%2Fv2%2Fproduct_cat&post=7588"},{"taxonomy":"product_tag","embeddable":true,"href":"https:\/\/magiiik.netstory.com.pl\/index.php?rest_route=%2Fwp%2Fv2%2Fproduct_tag&post=7588"}],"curies":[{"name":"wp","href":"https:\/\/api.w.org\/{rel}","templated":true}]}}