{"id":7586,"date":"2025-09-19T13:09:02","date_gmt":"2025-09-19T11:09:02","guid":{"rendered":"https:\/\/magiiik.netstory.com.pl\/produkt\/moneta-przez-balon\/"},"modified":"2025-09-19T13:09:33","modified_gmt":"2025-09-19T11:09:33","slug":"moneta-przez-balon","status":"publish","type":"product","link":"https:\/\/magiiik.netstory.com.pl\/?product=moneta-przez-balon","title":{"rendered":"Moneta przez balon"},"content":{"rendered":"<p style=\"text-align: center;\"><span style=\"font-size: large;\"><strong>GENIALNY TRICK! Jeden z najbardziej efektownych TRICK\u00d3W, kt\u00f3re mo\u017cesz zobaczy\u0107 tu\u017c przed oczyma!<\/strong><\/span><\/p>\n<p style=\"text-align: center;\">\u00a0<\/p>\n<p style=\"text-align: center;\"><span style=\"font-size: small;\"><strong>Szklanka. Na szklance naci\u0105gni\u0119ty balon i le\u017c\u0105 3 monety&#8230; Do wyboru&#8230; Widz wybiera monet\u0119&#8230; 2 pozosta\u0142e zdejmujemy z naci\u0105gni\u0119tego na szklank\u0119 balona. A teraz co\u015b niezwyk\u0142ego&#8230; Prosisz, aby widz dotkn\u0105\u0142 swoim palcem monet\u0119, kt\u00f3r\u0105 wybra\u0142! BRZD\u0118K! Moneta znikn\u0119\u0142a i uderzy\u0142a w dno szklanki! BALON JEST CA\u0141Y!!!<\/strong><\/span><\/p>\n<p>\u00a0<\/p>\n<p style=\"text-align: center;\"><span style=\"font-size: large;\"><strong>TO NAPRAWD\u0118 ZDUMIEWAJ\u0104CY TRICK!!!<\/strong><\/span><\/p>\n<p>\u00a0<\/p>\n<p><strong>W zestawie:<\/strong><\/p>\n<p><strong>&#8211; kilka specjalnych balon\u00f3w;<\/strong><\/p>\n<p><strong>&#8211; kieliszek;<\/strong><\/p>\n<p><strong>&#8211; gumka;<\/strong><\/p>\n<p><strong>&#8211; instrukcja z obrazkami w j\u0119zyku angielskim.<\/strong><\/p>\n","protected":false},"excerpt":{"rendered":"<p><strong>Moneta przez balon<\/strong><\/p>\n","protected":false},"featured_media":7587,"comment_status":"closed","ping_status":"open","template":"","meta":[],"product_brand":[],"product_cat":[37],"product_tag":[],"class_list":{"0":"post-7586","1":"product","2":"type-product","3":"status-publish","4":"has-post-thumbnail","6":"product_cat-mikro-iluzja-close-up-monety","8":"first","9":"instock","10":"purchasable","11":"product-type-simple"},"_links":{"self":[{"href":"https:\/\/magiiik.netstory.com.pl\/index.php?rest_route=\/wp\/v2\/product\/7586","targetHints":{"allow":["GET"]}}],"collection":[{"href":"https:\/\/magiiik.netstory.com.pl\/index.php?rest_route=\/wp\/v2\/product"}],"about":[{"href":"https:\/\/magiiik.netstory.com.pl\/index.php?rest_route=\/wp\/v2\/types\/product"}],"replies":[{"embeddable":true,"href":"https:\/\/magiiik.netstory.com.pl\/index.php?rest_route=%2Fwp%2Fv2%2Fcomments&post=7586"}],"wp:featuredmedia":[{"embeddable":true,"href":"https:\/\/magiiik.netstory.com.pl\/index.php?rest_route=\/wp\/v2\/media\/7587"}],"wp:attachment":[{"href":"https:\/\/magiiik.netstory.com.pl\/index.php?rest_route=%2Fwp%2Fv2%2Fmedia&parent=7586"}],"wp:term":[{"taxonomy":"product_brand","embeddable":true,"href":"https:\/\/magiiik.netstory.com.pl\/index.php?rest_route=%2Fwp%2Fv2%2Fproduct_brand&post=7586"},{"taxonomy":"product_cat","embeddable":true,"href":"https:\/\/magiiik.netstory.com.pl\/index.php?rest_route=%2Fwp%2Fv2%2Fproduct_cat&post=7586"},{"taxonomy":"product_tag","embeddable":true,"href":"https:\/\/magiiik.netstory.com.pl\/index.php?rest_route=%2Fwp%2Fv2%2Fproduct_tag&post=7586"}],"curies":[{"name":"wp","href":"https:\/\/api.w.org\/{rel}","templated":true}]}}