{"id":7571,"date":"2025-09-19T13:09:02","date_gmt":"2025-09-19T11:09:02","guid":{"rendered":"https:\/\/magiiik.netstory.com.pl\/produkt\/vanishing-silk-znikajaca-chusteczka-by-vincenzo-di-fatta\/"},"modified":"2025-09-19T13:09:27","modified_gmt":"2025-09-19T11:09:27","slug":"vanishing-silk-znikajaca-chusteczka-by-vincenzo-di-fatta","status":"publish","type":"product","link":"https:\/\/magiiik.netstory.com.pl\/?product=vanishing-silk-znikajaca-chusteczka-by-vincenzo-di-fatta","title":{"rendered":"Vanishing Silk (Znikaj\u0105ca chusteczka) by Vincenzo di Fatta"},"content":{"rendered":"<p style=\"text-align: center;\"><span style=\"font-size: large;\"><strong>TO KLASYCZNY TRICK, KT\u00d3RY DO DZI\u015a ZACHWYCA WIDZ\u00d3W NA CA\u0141YM \u015aWIECIE!<\/strong><\/span><\/p>\n<p>\u00a0<\/p>\n<p><strong><span style=\"font-size: small;\">Prezentujesz widzom jedwabn\u0105, czerwon\u0105 chusteczk\u0119&#8230; Wk\u0142adasz j\u0105 do d\u0142oni, by po chwili rozetrze\u0107 w niej i sprawi\u0107, by chusteczka rozp\u0142yn\u0119\u0142a si\u0119 w powietrzu! To nie koniec! TERAZ CZAS, ABY J\u0104 WYCZAROWA\u0106! Sk\u0105d, gdzie?! To ju\u017c zale\u017cy tylko od Twojej inwencji tw\u00f3rczej!<\/span><\/strong><\/p>\n<p>\u00a0<\/p>\n<p><strong>W zestawie:<\/strong><\/p>\n<p><strong>&#8211; rekwizyt do znikania;<\/strong><\/p>\n<p><strong>&#8211; chusteczka (czerwona);<\/strong><\/p>\n<p><strong>&#8211; instrukcja w j\u0119zyku angielskim.<\/strong><\/p>\n","protected":false},"excerpt":{"rendered":"<p><strong>Znikaj\u0105ca chusteczka<\/strong><\/p>\n","protected":false},"featured_media":7572,"comment_status":"closed","ping_status":"open","template":"","meta":[],"product_brand":[],"product_cat":[36],"product_tag":[],"class_list":{"0":"post-7571","1":"product","2":"type-product","3":"status-publish","4":"has-post-thumbnail","6":"product_cat-akcesoria-thumb-tip-kciuki","8":"first","9":"instock","10":"purchasable","11":"product-type-simple"},"_links":{"self":[{"href":"https:\/\/magiiik.netstory.com.pl\/index.php?rest_route=\/wp\/v2\/product\/7571","targetHints":{"allow":["GET"]}}],"collection":[{"href":"https:\/\/magiiik.netstory.com.pl\/index.php?rest_route=\/wp\/v2\/product"}],"about":[{"href":"https:\/\/magiiik.netstory.com.pl\/index.php?rest_route=\/wp\/v2\/types\/product"}],"replies":[{"embeddable":true,"href":"https:\/\/magiiik.netstory.com.pl\/index.php?rest_route=%2Fwp%2Fv2%2Fcomments&post=7571"}],"wp:featuredmedia":[{"embeddable":true,"href":"https:\/\/magiiik.netstory.com.pl\/index.php?rest_route=\/wp\/v2\/media\/7572"}],"wp:attachment":[{"href":"https:\/\/magiiik.netstory.com.pl\/index.php?rest_route=%2Fwp%2Fv2%2Fmedia&parent=7571"}],"wp:term":[{"taxonomy":"product_brand","embeddable":true,"href":"https:\/\/magiiik.netstory.com.pl\/index.php?rest_route=%2Fwp%2Fv2%2Fproduct_brand&post=7571"},{"taxonomy":"product_cat","embeddable":true,"href":"https:\/\/magiiik.netstory.com.pl\/index.php?rest_route=%2Fwp%2Fv2%2Fproduct_cat&post=7571"},{"taxonomy":"product_tag","embeddable":true,"href":"https:\/\/magiiik.netstory.com.pl\/index.php?rest_route=%2Fwp%2Fv2%2Fproduct_tag&post=7571"}],"curies":[{"name":"wp","href":"https:\/\/api.w.org\/{rel}","templated":true}]}}