{"id":7567,"date":"2025-09-19T13:09:02","date_gmt":"2025-09-19T11:09:02","guid":{"rendered":"https:\/\/magiiik.netstory.com.pl\/produkt\/znikajaca-talia-kart-vanishing-deck\/"},"modified":"2025-09-19T13:09:25","modified_gmt":"2025-09-19T11:09:25","slug":"znikajaca-talia-kart-vanishing-deck","status":"publish","type":"product","link":"https:\/\/magiiik.netstory.com.pl\/?product=znikajaca-talia-kart-vanishing-deck","title":{"rendered":"Znikaj\u0105ca talia kart (Vanishing Deck)"},"content":{"rendered":"<p style=\"text-align: center;\"><span style=\"font-size: 12pt; font-family: arial, helvetica, sans-serif;\">Iluzjonista wyjmuje z kieszeni pude\u0142ko, w kt\u00f3rym znajduje si\u0119 talia kart. Pude\u0142ko ma otw\u00f3r na g\u00f3rze, aby mo\u017cna by\u0142o ca\u0142y czas obserwowa\u0107 tali\u0119 znajduj\u0105c\u0105 si\u0119 w \u015brodku. Wyjmuje j\u0105 teraz z pude\u0142ka i wyci\u0105ga jedn\u0105 kart\u0119. Nic nie wzbudza podejrze\u0144 widz\u00f3w. Z powrotem wsuwa tali\u0119 kart do pude\u0142ka&#8230; Kilka magicznych ruch\u00f3w i&#8230; talia kart znikn\u0119\u0142a!\u00a0<\/span><\/p>\n<p style=\"text-align: center;\"><strong><span style=\"font-size: 12pt; font-family: arial, helvetica, sans-serif;\">Ku zaskoczeniu wszystkich, pude\u0142ko jest naprawd\u0119 puste!<\/span><\/strong><\/p>\n<p style=\"text-align: center;\"><strong><span style=\"font-size: 12pt; font-family: arial, helvetica, sans-serif; color: #808080;\">Iluzjonista ma mo\u017cliwo\u015b\u0107 zamiany talii kart na np. pude\u0142ko zapa\u0142ek, chusteczk\u0119 jedwabn\u0105, g\u0105bczaka itd.\u00a0<\/span><\/strong><\/p>\n<p style=\"text-align: center;\"><span style=\"font-size: 12pt; font-family: arial, helvetica, sans-serif;\">Efekt jest bardzo prosty do wykonania.\u00a0<\/span><\/p>\n<p style=\"text-align: center;\">\u00a0<\/p>\n<p style=\"text-align: center;\"><span style=\"font-size: 12pt; font-family: arial, helvetica, sans-serif;\"><strong><iframe loading=\"lazy\" src=\"http:\/\/www.youtube.com\/embed\/tG3GHrTNiUE\" width=\"425\" height=\"350\" frameborder=\"0\"><\/iframe><\/strong>\u00a0<strong><br \/><\/strong><\/span><\/p>\n<p style=\"text-align: left;\"><strong><span style=\"font-size: 12pt; font-family: arial, helvetica, sans-serif;\">W zestawie:<\/span><\/strong><\/p>\n<p style=\"text-align: left;\"><span style=\"font-size: 12pt; font-family: arial, helvetica, sans-serif;\">&#8211; czarna ramka;<\/span><\/p>\n<p style=\"text-align: left;\"><span style=\"font-size: 12pt; font-family: arial, helvetica, sans-serif;\">&#8211; instrukcja z obrazkami w j\u0119zyku angielskim.<\/span><\/p>\n<p style=\"text-align: left;\">\u00a0<\/p>\n<p style=\"text-align: left;\"><strong><span style=\"font-size: 12pt; font-family: arial, helvetica, sans-serif;\">Polecamy,<\/span><\/strong><\/p>\n<p style=\"text-align: left;\"><strong><span style=\"font-size: 12pt; font-family: arial, helvetica, sans-serif;\">magiiik.pl<\/span><\/strong><\/p>\n","protected":false},"excerpt":{"rendered":"<p><strong>Vanishing Deck of Cards by Royal Magic<\/strong><\/p>\n","protected":false},"featured_media":7568,"comment_status":"closed","ping_status":"open","template":"","meta":[],"product_brand":[],"product_cat":[35],"product_tag":[],"class_list":{"0":"post-7567","1":"product","2":"type-product","3":"status-publish","4":"has-post-thumbnail","6":"product_cat-karty-akcesoria","8":"first","9":"instock","10":"purchasable","11":"product-type-simple"},"_links":{"self":[{"href":"https:\/\/magiiik.netstory.com.pl\/index.php?rest_route=\/wp\/v2\/product\/7567","targetHints":{"allow":["GET"]}}],"collection":[{"href":"https:\/\/magiiik.netstory.com.pl\/index.php?rest_route=\/wp\/v2\/product"}],"about":[{"href":"https:\/\/magiiik.netstory.com.pl\/index.php?rest_route=\/wp\/v2\/types\/product"}],"replies":[{"embeddable":true,"href":"https:\/\/magiiik.netstory.com.pl\/index.php?rest_route=%2Fwp%2Fv2%2Fcomments&post=7567"}],"wp:featuredmedia":[{"embeddable":true,"href":"https:\/\/magiiik.netstory.com.pl\/index.php?rest_route=\/wp\/v2\/media\/7568"}],"wp:attachment":[{"href":"https:\/\/magiiik.netstory.com.pl\/index.php?rest_route=%2Fwp%2Fv2%2Fmedia&parent=7567"}],"wp:term":[{"taxonomy":"product_brand","embeddable":true,"href":"https:\/\/magiiik.netstory.com.pl\/index.php?rest_route=%2Fwp%2Fv2%2Fproduct_brand&post=7567"},{"taxonomy":"product_cat","embeddable":true,"href":"https:\/\/magiiik.netstory.com.pl\/index.php?rest_route=%2Fwp%2Fv2%2Fproduct_cat&post=7567"},{"taxonomy":"product_tag","embeddable":true,"href":"https:\/\/magiiik.netstory.com.pl\/index.php?rest_route=%2Fwp%2Fv2%2Fproduct_tag&post=7567"}],"curies":[{"name":"wp","href":"https:\/\/api.w.org\/{rel}","templated":true}]}}