{"id":7554,"date":"2025-09-19T13:09:02","date_gmt":"2025-09-19T11:09:02","guid":{"rendered":"https:\/\/magiiik.netstory.com.pl\/produkt\/ball-vase-by-royal-magic\/"},"modified":"2025-09-19T13:09:17","modified_gmt":"2025-09-19T11:09:17","slug":"ball-vase-by-royal-magic","status":"publish","type":"product","link":"https:\/\/magiiik.netstory.com.pl\/?product=ball-vase-by-royal-magic","title":{"rendered":"Ball &#038; Vase by Royal Magic"},"content":{"rendered":"<p style=\"text-align: center;\"><span style=\"font-size: 14pt; font-family: arial, helvetica, sans-serif;\">Pokazujesz widzom pust\u0105 waz\u0119 i ma\u0142\u0105 \u017c\u00f3\u0142t\u0105 pi\u0142eczk\u0119&#8230; Ka\u017cdy mo\u017ce j\u0105 dok\u0142adnie obejrze\u0107&#8230; Nagle pi\u0142eczka rozp\u0142ywa si\u0119 w powietrzu i&#8230; <strong>POJAWIA SI\u0118 W WAZIE!<\/strong> Ale to nie koniec! Dok\u0142adnie przed oczami widz\u00f3w przesuwasz waz\u0119, by ka\u017cdy dok\u0142adnie zobaczy\u0142, \u017ce w \u015brodku znajduje si\u0119 ma\u0142a pi\u0142eczka&#8230; Zamykasz waz\u0119&#8230; CZARY MARY, otwierasz i ku zdumieniu wszystkich, pi\u0142eczka znikn\u0119\u0142a, by zaraz pojawi\u0107 si\u0119 w Twoich ustach!!!<\/span><\/p>\n<p style=\"text-align: center;\"><span style=\"font-size: 14pt; font-family: arial, helvetica, sans-serif;\"><iframe loading=\"lazy\" src=\"http:\/\/www.youtube.com\/embed\/ICgFtzYaVxY\" width=\"425\" height=\"350\" frameborder=\"0\"><\/iframe><\/span><\/p>\n<p style=\"text-align: center;\"><span style=\"text-decoration: underline; font-size: 14pt; font-family: arial, helvetica, sans-serif;\"><strong>Perfekcyjnie wykonany trick zadziwi nawet najbardziej wybrednego widza!<\/strong><\/span><\/p>\n<p style=\"text-align: center;\"><span style=\"font-size: 14pt; font-family: arial, helvetica, sans-serif;\"><strong>POLECAMY!!!<\/strong><\/span><\/p>\n<p style=\"text-align: center;\"><span style=\"font-size: 14pt; font-family: arial, helvetica, sans-serif;\"><strong>UWAGA!<\/strong><\/span><\/p>\n<p style=\"text-align: center;\"><span style=\"text-decoration: underline; font-size: 14pt; font-family: arial, helvetica, sans-serif;\"><strong>Na rynku jest wiele podobnych produkt\u00f3w, ale nie kupuj tandety! Ball&amp;vase w naszym sklepie jest najlepszej jako\u015bci, wykonana z bardzo dobrej jako\u015bci plastiku, produkcja w USA, nie chi\u0144ska!<\/strong><\/span><\/p>\n<p style=\"text-align: center;\"><span style=\"font-size: 14pt; font-family: arial, helvetica, sans-serif;\">\u00a0<\/span><\/p>\n<p style=\"text-align: center;\"><span style=\"font-size: 14pt; font-family: arial, helvetica, sans-serif;\"><em><strong>W zestawie:<\/strong><\/em><\/span><\/p>\n<p style=\"text-align: center;\"><span style=\"font-size: 14pt; font-family: arial, helvetica, sans-serif;\"><em><strong>&#8211; niebieska waza;<\/strong><\/em><\/span><\/p>\n<p style=\"text-align: center;\"><span style=\"font-size: 14pt; font-family: arial, helvetica, sans-serif;\"><em><strong>&#8211; \u017c\u00f3\u0142ta pi\u0142eczka;<\/strong><\/em><\/span><\/p>\n<p style=\"text-align: center;\"><span style=\"font-size: 14pt; font-family: arial, helvetica, sans-serif;\"><em><strong>&#8211; instrukcja z obrazkami w j\u0119zyku angielskim.\u00a0<\/strong><\/em><\/span><\/p>\n","protected":false},"excerpt":{"rendered":"<p><strong>Ball &amp; Vase by Royal Magic<\/strong><\/p>\n","protected":false},"featured_media":7555,"comment_status":"closed","ping_status":"open","template":"","meta":[],"product_brand":[],"product_cat":[18],"product_tag":[],"class_list":{"0":"post-7554","1":"product","2":"type-product","3":"status-publish","4":"has-post-thumbnail","6":"product_cat-iluzja-dla-dzieci","8":"first","9":"instock","10":"purchasable","11":"product-type-simple"},"_links":{"self":[{"href":"https:\/\/magiiik.netstory.com.pl\/index.php?rest_route=\/wp\/v2\/product\/7554","targetHints":{"allow":["GET"]}}],"collection":[{"href":"https:\/\/magiiik.netstory.com.pl\/index.php?rest_route=\/wp\/v2\/product"}],"about":[{"href":"https:\/\/magiiik.netstory.com.pl\/index.php?rest_route=\/wp\/v2\/types\/product"}],"replies":[{"embeddable":true,"href":"https:\/\/magiiik.netstory.com.pl\/index.php?rest_route=%2Fwp%2Fv2%2Fcomments&post=7554"}],"wp:featuredmedia":[{"embeddable":true,"href":"https:\/\/magiiik.netstory.com.pl\/index.php?rest_route=\/wp\/v2\/media\/7555"}],"wp:attachment":[{"href":"https:\/\/magiiik.netstory.com.pl\/index.php?rest_route=%2Fwp%2Fv2%2Fmedia&parent=7554"}],"wp:term":[{"taxonomy":"product_brand","embeddable":true,"href":"https:\/\/magiiik.netstory.com.pl\/index.php?rest_route=%2Fwp%2Fv2%2Fproduct_brand&post=7554"},{"taxonomy":"product_cat","embeddable":true,"href":"https:\/\/magiiik.netstory.com.pl\/index.php?rest_route=%2Fwp%2Fv2%2Fproduct_cat&post=7554"},{"taxonomy":"product_tag","embeddable":true,"href":"https:\/\/magiiik.netstory.com.pl\/index.php?rest_route=%2Fwp%2Fv2%2Fproduct_tag&post=7554"}],"curies":[{"name":"wp","href":"https:\/\/api.w.org\/{rel}","templated":true}]}}