{"id":11780,"date":"2025-09-19T13:59:20","date_gmt":"2025-09-19T11:59:20","guid":{"rendered":"https:\/\/magiiik.netstory.com.pl\/produkt\/michael-skinners-ultimate-3-card-monte-red-by-murphys-magic\/"},"modified":"2025-09-19T13:59:36","modified_gmt":"2025-09-19T11:59:36","slug":"michael-skinners-ultimate-3-card-monte-red-by-murphys-magic","status":"publish","type":"product","link":"https:\/\/magiiik.netstory.com.pl\/?product=michael-skinners-ultimate-3-card-monte-red-by-murphys-magic","title":{"rendered":"Michael Skinner&#8217;s Ultimate 3 Card Monte (Red) by Murphy&#8217;s Magic"},"content":{"rendered":"<div id=\"tw-target-text\" class=\"tw-data-text tw-text-large tw-ta\" dir=\"ltr\" style=\"text-align: center;\" data-placeholder=\"T\u0142umaczenie\" data-ved=\"2ahUKEwiTouDrj8GKAxXHQlUIHe_kGPcQ3ewLegQIDBAU\"><strong><span class=\"Y2IQFc\" lang=\"pl\">U3CM to samoczynny cud Michaela Skinnera, NAJLEPSZE 3\u00a0CARD MONTE! <\/span><\/strong><\/div>\n<div class=\"tw-data-text tw-text-large tw-ta\" dir=\"ltr\" style=\"text-align: center;\" data-placeholder=\"T\u0142umaczenie\" data-ved=\"2ahUKEwiTouDrj8GKAxXHQlUIHe_kGPcQ3ewLegQIDBAU\"><span class=\"Y2IQFc\" lang=\"pl\">U3CM jest wykonywany przez profesjonalnych magik\u00f3w na ca\u0142ym \u015bwiecie od dziesi\u0119cioleci &#8211; t<\/span>eraz masz okazj\u0119 samodzielnie dokona\u0107 tego Cudu.<\/div>\n<div class=\"tw-data-text tw-text-large tw-ta\" dir=\"ltr\" style=\"text-align: center;\" data-placeholder=\"T\u0142umaczenie\" data-ved=\"2ahUKEwiTouDrj8GKAxXHQlUIHe_kGPcQ3ewLegQIDBAU\">\u00a0<\/div>\n<div class=\"tw-data-text tw-text-large tw-ta\" dir=\"ltr\" style=\"text-align: center;\" data-placeholder=\"T\u0142umaczenie\" data-ved=\"2ahUKEwiTouDrj8GKAxXHQlUIHe_kGPcQ3ewLegQIDBAU\">Michael Skinner wraz z tysi\u0105cami magik\u00f3w na ca\u0142ym \u015bwiecie usma\u017cy\u0142 publiczno\u015b\u0107 tym wyst\u0119pem!<\/div>\n<div class=\"tw-data-text tw-text-large tw-ta\" dir=\"ltr\" style=\"text-align: center;\" data-placeholder=\"T\u0142umaczenie\" data-ved=\"2ahUKEwiTouDrj8GKAxXHQlUIHe_kGPcQ3ewLegQIDBAU\">Mie\u015bci si\u0119 idealnie w kieszeni lub portfelu. B\u0119dziesz to nosi\u0107 ze sob\u0105 wsz\u0119dzie!<\/div>\n<div class=\"tw-data-text tw-text-large tw-ta\" dir=\"ltr\" style=\"text-align: center;\" data-placeholder=\"T\u0142umaczenie\" data-ved=\"2ahUKEwiTouDrj8GKAxXHQlUIHe_kGPcQ3ewLegQIDBAU\">\u00a0<\/div>\n<div class=\"tw-data-text tw-text-large tw-ta\" dir=\"ltr\" style=\"text-align: center;\" data-placeholder=\"T\u0142umaczenie\" data-ved=\"2ahUKEwiTouDrj8GKAxXHQlUIHe_kGPcQ3ewLegQIDBAU\">ZAWIERA:<\/div>\n<div class=\"tw-data-text tw-text-large tw-ta\" dir=\"ltr\" style=\"text-align: center;\" data-placeholder=\"T\u0142umaczenie\" data-ved=\"2ahUKEwiTouDrj8GKAxXHQlUIHe_kGPcQ3ewLegQIDBAU\">Specjalnie drukowane\u00a0gimmicki<\/div>\n<div class=\"tw-data-text tw-text-large tw-ta\" dir=\"ltr\" style=\"text-align: center;\" data-placeholder=\"T\u0142umaczenie\" data-ved=\"2ahUKEwiTouDrj8GKAxXHQlUIHe_kGPcQ3ewLegQIDBAU\">Karty bicycle\u00a0z wydrukiem przez USPCC<\/div>\n<div class=\"tw-data-text tw-text-large tw-ta\" dir=\"ltr\" style=\"text-align: center;\" data-placeholder=\"T\u0142umaczenie\" data-ved=\"2ahUKEwiTouDrj8GKAxXHQlUIHe_kGPcQ3ewLegQIDBAU\">Instrukta\u017c online<\/div>\n<div class=\"tw-data-text tw-text-large tw-ta\" dir=\"ltr\" style=\"text-align: center;\" data-placeholder=\"T\u0142umaczenie\" data-ved=\"2ahUKEwiTouDrj8GKAxXHQlUIHe_kGPcQ3ewLegQIDBAU\">I PREMIA! Otrzymasz tak\u017ce dodatkowe mo\u017cliwo\u015bci obs\u0142ugi i sposoby na uczynienie tego legendarnego efektu<\/div>\n<div class=\"tw-data-text tw-text-large tw-ta\" dir=\"ltr\" style=\"text-align: center;\" data-placeholder=\"T\u0142umaczenie\" data-ved=\"2ahUKEwiTouDrj8GKAxXHQlUIHe_kGPcQ3ewLegQIDBAU\"><strong>jeszcze bardziej pot\u0119\u017cnym ni\u017c kiedykolwiek!<\/strong><\/div>\n<div class=\"tw-data-text tw-text-large tw-ta\" dir=\"ltr\" style=\"text-align: center;\" data-placeholder=\"T\u0142umaczenie\" data-ved=\"2ahUKEwiTouDrj8GKAxXHQlUIHe_kGPcQ3ewLegQIDBAU\">\u00a0<\/div>\n<div class=\"tw-data-text tw-text-large tw-ta\" dir=\"ltr\" style=\"text-align: center;\" data-placeholder=\"T\u0142umaczenie\" data-ved=\"2ahUKEwiTouDrj8GKAxXHQlUIHe_kGPcQ3ewLegQIDBAU\"><strong><iframe loading=\"lazy\" title=\"YouTube video player\" src=\"\/\/www.youtube.com\/embed\/ZfAPLsrNf_s\" width=\"560\" height=\"315\" frameborder=\"0\" allowfullscreen=\"allowfullscreen\"><\/iframe><\/strong><\/div>\n","protected":false},"excerpt":{"rendered":"<p>U3CM to samoczynny cud Michaela Skinnera, NAJLEPSZE 3\u00a0CARD MONTE! U3CM jest wykonywany przez profesjonalnych magik\u00f3w na ca\u0142ym \u015bwiecie od dziesi\u0119cioleci &#8211; teraz masz okazj\u0119 samodzielnie dokona\u0107 tego Cudu. \u00a0 Michael&#8230;<\/p>\n","protected":false},"featured_media":11781,"comment_status":"closed","ping_status":"open","template":"","meta":[],"product_brand":[],"product_cat":[41],"product_tag":[],"class_list":{"0":"post-11780","1":"product","2":"type-product","3":"status-publish","4":"has-post-thumbnail","6":"product_cat-mikro-iluzja-close-up-efekty-z-kartami","8":"first","9":"instock","10":"purchasable","11":"product-type-simple"},"_links":{"self":[{"href":"https:\/\/magiiik.netstory.com.pl\/index.php?rest_route=\/wp\/v2\/product\/11780","targetHints":{"allow":["GET"]}}],"collection":[{"href":"https:\/\/magiiik.netstory.com.pl\/index.php?rest_route=\/wp\/v2\/product"}],"about":[{"href":"https:\/\/magiiik.netstory.com.pl\/index.php?rest_route=\/wp\/v2\/types\/product"}],"replies":[{"embeddable":true,"href":"https:\/\/magiiik.netstory.com.pl\/index.php?rest_route=%2Fwp%2Fv2%2Fcomments&post=11780"}],"wp:featuredmedia":[{"embeddable":true,"href":"https:\/\/magiiik.netstory.com.pl\/index.php?rest_route=\/wp\/v2\/media\/11781"}],"wp:attachment":[{"href":"https:\/\/magiiik.netstory.com.pl\/index.php?rest_route=%2Fwp%2Fv2%2Fmedia&parent=11780"}],"wp:term":[{"taxonomy":"product_brand","embeddable":true,"href":"https:\/\/magiiik.netstory.com.pl\/index.php?rest_route=%2Fwp%2Fv2%2Fproduct_brand&post=11780"},{"taxonomy":"product_cat","embeddable":true,"href":"https:\/\/magiiik.netstory.com.pl\/index.php?rest_route=%2Fwp%2Fv2%2Fproduct_cat&post=11780"},{"taxonomy":"product_tag","embeddable":true,"href":"https:\/\/magiiik.netstory.com.pl\/index.php?rest_route=%2Fwp%2Fv2%2Fproduct_tag&post=11780"}],"curies":[{"name":"wp","href":"https:\/\/api.w.org\/{rel}","templated":true}]}}