{"id":11772,"date":"2025-09-19T13:59:20","date_gmt":"2025-09-19T11:59:20","guid":{"rendered":"https:\/\/magiiik.netstory.com.pl\/produkt\/easy-bending-silverware-spoons-forks\/"},"modified":"2025-09-19T13:59:23","modified_gmt":"2025-09-19T11:59:23","slug":"easy-bending-silverware-spoons-forks","status":"publish","type":"product","link":"https:\/\/magiiik.netstory.com.pl\/?product=easy-bending-silverware-spoons-forks","title":{"rendered":"Easy Bending Silverware Spoons &#038; Forks"},"content":{"rendered":"<div id=\"tw-target-text\" class=\"tw-data-text tw-text-large tw-ta\" dir=\"ltr\" style=\"text-align: center;\" data-placeholder=\"T\u0142umaczenie\" data-ved=\"2ahUKEwiTouDrj8GKAxXHQlUIHe_kGPcQ3ewLegQIDBAU\"><strong><span class=\"Y2IQFc\" lang=\"pl\">Chcesz zgina\u0107 \u0142y\u017cki i widelce? OTO ROZWI\u0104ZANIE! <\/span><\/strong><\/div>\n<div class=\"tw-data-text tw-text-large tw-ta\" dir=\"ltr\" style=\"text-align: center;\" data-placeholder=\"T\u0142umaczenie\" data-ved=\"2ahUKEwiTouDrj8GKAxXHQlUIHe_kGPcQ3ewLegQIDBAU\">\u00a0<\/div>\n<div class=\"tw-data-text tw-text-large tw-ta\" dir=\"ltr\" style=\"text-align: center;\" data-placeholder=\"T\u0142umaczenie\" data-ved=\"2ahUKEwiTouDrj8GKAxXHQlUIHe_kGPcQ3ewLegQIDBAU\"><span class=\"Y2IQFc\" lang=\"pl\">Te specjalnie zaprojektowane \u0142y\u017cki i widelce mo\u017cna \u0141ATWO wygina\u0107! <\/span><\/div>\n<div class=\"tw-data-text tw-text-large tw-ta\" dir=\"ltr\" style=\"text-align: center;\" data-placeholder=\"T\u0142umaczenie\" data-ved=\"2ahUKEwiTouDrj8GKAxXHQlUIHe_kGPcQ3ewLegQIDBAU\"><span class=\"Y2IQFc\" lang=\"pl\">Kiedy je zginasz na oczach widz\u00f3w, b\u0119d\u0105 zaskoczeni. <\/span><\/div>\n<div class=\"tw-data-text tw-text-large tw-ta\" dir=\"ltr\" style=\"text-align: center;\" data-placeholder=\"T\u0142umaczenie\" data-ved=\"2ahUKEwiTouDrj8GKAxXHQlUIHe_kGPcQ3ewLegQIDBAU\"><span class=\"Y2IQFc\" lang=\"pl\">Wykorzystaj je jako demonstracj\u0119 zdolno\u015bci parapsychicznych, supersi\u0142y, magii itp. <\/span><\/div>\n<div class=\"tw-data-text tw-text-large tw-ta\" dir=\"ltr\" style=\"text-align: center;\" data-placeholder=\"T\u0142umaczenie\" data-ved=\"2ahUKEwiTouDrj8GKAxXHQlUIHe_kGPcQ3ewLegQIDBAU\">\u00a0<\/div>\n<div class=\"tw-data-text tw-text-large tw-ta\" dir=\"ltr\" style=\"text-align: center;\" data-placeholder=\"T\u0142umaczenie\" data-ved=\"2ahUKEwiTouDrj8GKAxXHQlUIHe_kGPcQ3ewLegQIDBAU\"><span class=\"Y2IQFc\" lang=\"pl\">Mo\u017cesz te\u017c da\u0107 swojemu widzowi \u201emoc\u201d na kr\u00f3tk\u0105 chwil\u0119 i pogratulowa\u0107 MU wspania\u0142ych umiej\u0119tno\u015bci! <\/span><\/div>\n<div class=\"tw-data-text tw-text-large tw-ta\" dir=\"ltr\" style=\"text-align: center;\" data-placeholder=\"T\u0142umaczenie\" data-ved=\"2ahUKEwiTouDrj8GKAxXHQlUIHe_kGPcQ3ewLegQIDBAU\">\u00a0<\/div>\n<div class=\"tw-data-text tw-text-large tw-ta\" dir=\"ltr\" style=\"text-align: center;\" data-placeholder=\"T\u0142umaczenie\" data-ved=\"2ahUKEwiTouDrj8GKAxXHQlUIHe_kGPcQ3ewLegQIDBAU\"><span class=\"Y2IQFc\" lang=\"pl\">W opakowaniu znajduje si\u0119 30 widelc\u00f3w i 20 \u0142y\u017cek, ka\u017cdy z 5 r\u00f3\u017cnymi rodzajami wygl\u0105du. <\/span><\/div>\n<div class=\"tw-data-text tw-text-large tw-ta\" dir=\"ltr\" style=\"text-align: center;\" data-placeholder=\"T\u0142umaczenie\" data-ved=\"2ahUKEwiTouDrj8GKAxXHQlUIHe_kGPcQ3ewLegQIDBAU\"><span class=\"Y2IQFc\" lang=\"pl\">\u0141atwe w u\u017cyciu, \u0142atwe do zginania.<\/span><\/div>\n<div class=\"tw-data-text tw-text-large tw-ta\" dir=\"ltr\" style=\"text-align: center;\" data-placeholder=\"T\u0142umaczenie\" data-ved=\"2ahUKEwiTouDrj8GKAxXHQlUIHe_kGPcQ3ewLegQIDBAU\">\u00a0<\/div>\n<div class=\"tw-data-text tw-text-large tw-ta\" dir=\"ltr\" style=\"text-align: center;\" data-placeholder=\"T\u0142umaczenie\" data-ved=\"2ahUKEwiTouDrj8GKAxXHQlUIHe_kGPcQ3ewLegQIDBAU\"><span class=\"Y2IQFc\" lang=\"pl\"><img loading=\"lazy\" decoding=\"async\" src=\"\/userdata\/public\/assets\/\/bend3.png\" alt=\"\" width=\"740\" height=\"416\" \/><\/span><\/div>\n","protected":false},"excerpt":{"rendered":"<p>Chcesz zgina\u0107 \u0142y\u017cki i widelce? OTO ROZWI\u0104ZANIE! \u00a0 Te specjalnie zaprojektowane \u0142y\u017cki i widelce mo\u017cna \u0141ATWO wygina\u0107! Kiedy je zginasz na oczach widz\u00f3w, b\u0119d\u0105 zaskoczeni. Wykorzystaj je jako demonstracj\u0119 zdolno\u015bci&#8230;<\/p>\n","protected":false},"featured_media":11773,"comment_status":"closed","ping_status":"open","template":"","meta":[],"product_brand":[],"product_cat":[24],"product_tag":[],"class_list":{"0":"post-11772","1":"product","2":"type-product","3":"status-publish","4":"has-post-thumbnail","6":"product_cat-mentalizm","8":"first","9":"instock","10":"purchasable","11":"product-type-simple"},"_links":{"self":[{"href":"https:\/\/magiiik.netstory.com.pl\/index.php?rest_route=\/wp\/v2\/product\/11772","targetHints":{"allow":["GET"]}}],"collection":[{"href":"https:\/\/magiiik.netstory.com.pl\/index.php?rest_route=\/wp\/v2\/product"}],"about":[{"href":"https:\/\/magiiik.netstory.com.pl\/index.php?rest_route=\/wp\/v2\/types\/product"}],"replies":[{"embeddable":true,"href":"https:\/\/magiiik.netstory.com.pl\/index.php?rest_route=%2Fwp%2Fv2%2Fcomments&post=11772"}],"wp:featuredmedia":[{"embeddable":true,"href":"https:\/\/magiiik.netstory.com.pl\/index.php?rest_route=\/wp\/v2\/media\/11773"}],"wp:attachment":[{"href":"https:\/\/magiiik.netstory.com.pl\/index.php?rest_route=%2Fwp%2Fv2%2Fmedia&parent=11772"}],"wp:term":[{"taxonomy":"product_brand","embeddable":true,"href":"https:\/\/magiiik.netstory.com.pl\/index.php?rest_route=%2Fwp%2Fv2%2Fproduct_brand&post=11772"},{"taxonomy":"product_cat","embeddable":true,"href":"https:\/\/magiiik.netstory.com.pl\/index.php?rest_route=%2Fwp%2Fv2%2Fproduct_cat&post=11772"},{"taxonomy":"product_tag","embeddable":true,"href":"https:\/\/magiiik.netstory.com.pl\/index.php?rest_route=%2Fwp%2Fv2%2Fproduct_tag&post=11772"}],"curies":[{"name":"wp","href":"https:\/\/api.w.org\/{rel}","templated":true}]}}