{"id":11744,"date":"2025-09-19T13:57:36","date_gmt":"2025-09-19T11:57:36","guid":{"rendered":"https:\/\/magiiik.netstory.com.pl\/produkt\/hopping-keys-by-bond-lee-wenzi-ms-magic\/"},"modified":"2025-09-19T13:58:44","modified_gmt":"2025-09-19T11:58:44","slug":"hopping-keys-by-bond-lee-wenzi-ms-magic","status":"publish","type":"product","link":"https:\/\/magiiik.netstory.com.pl\/?product=hopping-keys-by-bond-lee-wenzi-ms-magic","title":{"rendered":"Hopping Keys by Bond Lee, Wenzi, &#038; MS Magic"},"content":{"rendered":"<div id=\"tw-target-text\" class=\"tw-data-text tw-text-large tw-ta\" dir=\"ltr\" style=\"text-align: center;\" data-placeholder=\"T\u0142umaczenie\" data-ved=\"2ahUKEwiTouDrj8GKAxXHQlUIHe_kGPcQ3ewLegQIDBAU\"><strong><span class=\"Y2IQFc\" lang=\"pl\">Jeden z najlepszych efekt\u00f3w monet<\/span><span class=\"Y2IQFc\" lang=\"pl\">, teraz\u00a0do osi\u0105gni\u0119cia za pomoc\u0105 zestawu kluczy! <\/span><\/strong><\/div>\n<div class=\"tw-data-text tw-text-large tw-ta\" dir=\"ltr\" style=\"text-align: center;\" data-placeholder=\"T\u0142umaczenie\" data-ved=\"2ahUKEwiTouDrj8GKAxXHQlUIHe_kGPcQ3ewLegQIDBAU\">\u00a0<\/div>\n<div class=\"tw-data-text tw-text-large tw-ta\" dir=\"ltr\" style=\"text-align: center;\" data-placeholder=\"T\u0142umaczenie\" data-ved=\"2ahUKEwiTouDrj8GKAxXHQlUIHe_kGPcQ3ewLegQIDBAU\"><span class=\"Y2IQFc\" lang=\"pl\">Magik pokazuje dwa klucze: jeden z\u0142oty, drugi srebrny. <\/span><\/div>\n<div class=\"tw-data-text tw-text-large tw-ta\" dir=\"ltr\" style=\"text-align: center;\" data-placeholder=\"T\u0142umaczenie\" data-ved=\"2ahUKEwiTouDrj8GKAxXHQlUIHe_kGPcQ3ewLegQIDBAU\"><span class=\"Y2IQFc\" lang=\"pl\">Wk\u0142ada jeden z kluczy do kieszeni, ale klucz w magiczny spos\u00f3b wraca do jego d\u0142oni. <\/span><\/div>\n<div class=\"tw-data-text tw-text-large tw-ta\" dir=\"ltr\" style=\"text-align: center;\" data-placeholder=\"T\u0142umaczenie\" data-ved=\"2ahUKEwiTouDrj8GKAxXHQlUIHe_kGPcQ3ewLegQIDBAU\">\u00a0<\/div>\n<div class=\"tw-data-text tw-text-large tw-ta\" dir=\"ltr\" style=\"text-align: center;\" data-placeholder=\"T\u0142umaczenie\" data-ved=\"2ahUKEwiTouDrj8GKAxXHQlUIHe_kGPcQ3ewLegQIDBAU\"><span class=\"Y2IQFc\" lang=\"pl\">Jest w stanie wykonywa\u0107 t\u0119 magi\u0119 w k\u00f3\u0142ko, a\u017c na ko\u0144cu oba klucze w magiczny spos\u00f3b znikaj\u0105 ca\u0142kowicie! <\/span><\/div>\n<div class=\"tw-data-text tw-text-large tw-ta\" dir=\"ltr\" style=\"text-align: center;\" data-placeholder=\"T\u0142umaczenie\" data-ved=\"2ahUKEwiTouDrj8GKAxXHQlUIHe_kGPcQ3ewLegQIDBAU\">\u00a0<\/div>\n<div class=\"tw-data-text tw-text-large tw-ta\" dir=\"ltr\" style=\"text-align: center;\" data-placeholder=\"T\u0142umaczenie\" data-ved=\"2ahUKEwiTouDrj8GKAxXHQlUIHe_kGPcQ3ewLegQIDBAU\"><span class=\"Y2IQFc\" lang=\"pl\">Dzi\u0119ki temu zestawowi mo\u017cesz osi\u0105gn\u0105\u0107 wiele efekt\u00f3w: zmiany kolor\u00f3w, transpozycje, podzia\u0142y i wiele innych. <\/span><\/div>\n<div class=\"tw-data-text tw-text-large tw-ta\" dir=\"ltr\" style=\"text-align: center;\" data-placeholder=\"T\u0142umaczenie\" data-ved=\"2ahUKEwiTouDrj8GKAxXHQlUIHe_kGPcQ3ewLegQIDBAU\"><span class=\"Y2IQFc\" lang=\"pl\">Praktyczna, mocna i \u0142atwa do wykonania interaktywna magia, kt\u00f3r\u0105 mo\u017cna nosi\u0107 na breloczku do kluczy. <\/span><\/div>\n<div class=\"tw-data-text tw-text-large tw-ta\" dir=\"ltr\" style=\"text-align: center;\" data-placeholder=\"T\u0142umaczenie\" data-ved=\"2ahUKEwiTouDrj8GKAxXHQlUIHe_kGPcQ3ewLegQIDBAU\">\u00a0<\/div>\n<div class=\"tw-data-text tw-text-large tw-ta\" dir=\"ltr\" style=\"text-align: center;\" data-placeholder=\"T\u0142umaczenie\" data-ved=\"2ahUKEwiTouDrj8GKAxXHQlUIHe_kGPcQ3ewLegQIDBAU\"><strong><span class=\"Y2IQFc\" lang=\"pl\">HOPPING KEYS: <\/span><\/strong><\/div>\n<div class=\"tw-data-text tw-text-large tw-ta\" dir=\"ltr\" style=\"text-align: center;\" data-placeholder=\"T\u0142umaczenie\" data-ved=\"2ahUKEwiTouDrj8GKAxXHQlUIHe_kGPcQ3ewLegQIDBAU\"><span class=\"Y2IQFc\" lang=\"pl\">pozycja obowi\u0105zkowa dla ka\u017cdego iluzjonisty! <\/span><\/div>\n<div class=\"tw-data-text tw-text-large tw-ta\" dir=\"ltr\" style=\"text-align: center;\" data-placeholder=\"T\u0142umaczenie\" data-ved=\"2ahUKEwiTouDrj8GKAxXHQlUIHe_kGPcQ3ewLegQIDBAU\"><strong><span class=\"Y2IQFc\" lang=\"pl\">Mocne i nieograniczone mo\u017cliwo\u015bci Cud na breloczku&#8230;<\/span><\/strong><\/div>\n<div class=\"tw-data-text tw-text-large tw-ta\" dir=\"ltr\" style=\"text-align: center;\" data-placeholder=\"T\u0142umaczenie\" data-ved=\"2ahUKEwiTouDrj8GKAxXHQlUIHe_kGPcQ3ewLegQIDBAU\">\u00a0<\/div>\n<div class=\"tw-data-text tw-text-large tw-ta\" dir=\"ltr\" style=\"text-align: center;\" data-placeholder=\"T\u0142umaczenie\" data-ved=\"2ahUKEwiTouDrj8GKAxXHQlUIHe_kGPcQ3ewLegQIDBAU\"><strong><span class=\"Y2IQFc\" lang=\"pl\"><iframe loading=\"lazy\" title=\"YouTube video player\" src=\"\/\/www.youtube.com\/embed\/bArteaiDUHE\" width=\"560\" height=\"315\" frameborder=\"0\" allowfullscreen=\"allowfullscreen\"><\/iframe><\/span><\/strong><\/div>\n","protected":false},"excerpt":{"rendered":"<p>Jeden z najlepszych efekt\u00f3w monet, teraz\u00a0do osi\u0105gni\u0119cia za pomoc\u0105 zestawu kluczy! \u00a0 Magik pokazuje dwa klucze: jeden z\u0142oty, drugi srebrny. Wk\u0142ada jeden z kluczy do kieszeni, ale klucz w magiczny&#8230;<\/p>\n","protected":false},"featured_media":11745,"comment_status":"closed","ping_status":"open","template":"","meta":[],"product_brand":[],"product_cat":[37],"product_tag":[],"class_list":{"0":"post-11744","1":"product","2":"type-product","3":"status-publish","4":"has-post-thumbnail","6":"product_cat-mikro-iluzja-close-up-monety","8":"first","9":"instock","10":"purchasable","11":"product-type-simple"},"_links":{"self":[{"href":"https:\/\/magiiik.netstory.com.pl\/index.php?rest_route=\/wp\/v2\/product\/11744","targetHints":{"allow":["GET"]}}],"collection":[{"href":"https:\/\/magiiik.netstory.com.pl\/index.php?rest_route=\/wp\/v2\/product"}],"about":[{"href":"https:\/\/magiiik.netstory.com.pl\/index.php?rest_route=\/wp\/v2\/types\/product"}],"replies":[{"embeddable":true,"href":"https:\/\/magiiik.netstory.com.pl\/index.php?rest_route=%2Fwp%2Fv2%2Fcomments&post=11744"}],"wp:featuredmedia":[{"embeddable":true,"href":"https:\/\/magiiik.netstory.com.pl\/index.php?rest_route=\/wp\/v2\/media\/11745"}],"wp:attachment":[{"href":"https:\/\/magiiik.netstory.com.pl\/index.php?rest_route=%2Fwp%2Fv2%2Fmedia&parent=11744"}],"wp:term":[{"taxonomy":"product_brand","embeddable":true,"href":"https:\/\/magiiik.netstory.com.pl\/index.php?rest_route=%2Fwp%2Fv2%2Fproduct_brand&post=11744"},{"taxonomy":"product_cat","embeddable":true,"href":"https:\/\/magiiik.netstory.com.pl\/index.php?rest_route=%2Fwp%2Fv2%2Fproduct_cat&post=11744"},{"taxonomy":"product_tag","embeddable":true,"href":"https:\/\/magiiik.netstory.com.pl\/index.php?rest_route=%2Fwp%2Fv2%2Fproduct_tag&post=11744"}],"curies":[{"name":"wp","href":"https:\/\/api.w.org\/{rel}","templated":true}]}}