{"id":11698,"date":"2025-09-19T13:57:36","date_gmt":"2025-09-19T11:57:36","guid":{"rendered":"https:\/\/magiiik.netstory.com.pl\/produkt\/diminishing-milk-glasses-by-uday\/"},"modified":"2025-09-19T13:57:48","modified_gmt":"2025-09-19T11:57:48","slug":"diminishing-milk-glasses-by-uday","status":"publish","type":"product","link":"https:\/\/magiiik.netstory.com.pl\/?product=diminishing-milk-glasses-by-uday","title":{"rendered":"Diminishing Milk Glasses by Uday"},"content":{"rendered":"<div id=\"tw-target-text\" class=\"tw-data-text tw-text-large tw-ta\" dir=\"ltr\" style=\"text-align: center;\" data-placeholder=\"T\u0142umaczenie\" data-ved=\"2ahUKEwiTouDrj8GKAxXHQlUIHe_kGPcQ3ewLegQIDBAU\"><span class=\"Y2IQFc\" lang=\"pl\">Pokazane\u00a0s\u0105 przezroczyste\u00a0naczynia w czterech r\u00f3\u017cnych rozmiarach. <\/span><\/div>\n<div class=\"tw-data-text tw-text-large tw-ta\" dir=\"ltr\" style=\"text-align: center;\" data-placeholder=\"T\u0142umaczenie\" data-ved=\"2ahUKEwiTouDrj8GKAxXHQlUIHe_kGPcQ3ewLegQIDBAU\"><span class=\"Y2IQFc\" lang=\"pl\">Mleko wlewa si\u0119 do najmniejszej szklanki. <\/span><\/div>\n<div class=\"tw-data-text tw-text-large tw-ta\" dir=\"ltr\" style=\"text-align: center;\" data-placeholder=\"T\u0142umaczenie\" data-ved=\"2ahUKEwiTouDrj8GKAxXHQlUIHe_kGPcQ3ewLegQIDBAU\"><span class=\"Y2IQFc\" lang=\"pl\">Nast\u0119pnie przelewa si\u0119 do drugiej szklanki tak, aby ca\u0142kowicie j\u0105 wype\u0142ni\u0107! <\/span><\/div>\n<div class=\"tw-data-text tw-text-large tw-ta\" dir=\"ltr\" style=\"text-align: center;\" data-placeholder=\"T\u0142umaczenie\" data-ved=\"2ahUKEwiTouDrj8GKAxXHQlUIHe_kGPcQ3ewLegQIDBAU\">\u00a0<\/div>\n<div class=\"tw-data-text tw-text-large tw-ta\" dir=\"ltr\" style=\"text-align: center;\" data-placeholder=\"T\u0142umaczenie\" data-ved=\"2ahUKEwiTouDrj8GKAxXHQlUIHe_kGPcQ3ewLegQIDBAU\"><span class=\"Y2IQFc\" lang=\"pl\">Nast\u0119pnie wlewa si\u0119 do trzeciej szklanki, a\u00a0mleko nadal wype\u0142nia ca\u0142o\u015b\u0107! <\/span><\/div>\n<div class=\"tw-data-text tw-text-large tw-ta\" dir=\"ltr\" style=\"text-align: center;\" data-placeholder=\"T\u0142umaczenie\" data-ved=\"2ahUKEwiTouDrj8GKAxXHQlUIHe_kGPcQ3ewLegQIDBAU\"><span class=\"Y2IQFc\" lang=\"pl\">Nast\u0119pnie mleko wlewa si\u0119 do najwi\u0119kszej szklanki, tak aby wype\u0142ni\u0142a j\u0105 ca\u0142kowicie!!! <\/span><\/div>\n<div class=\"tw-data-text tw-text-large tw-ta\" dir=\"ltr\" style=\"text-align: center;\" data-placeholder=\"T\u0142umaczenie\" data-ved=\"2ahUKEwiTouDrj8GKAxXHQlUIHe_kGPcQ3ewLegQIDBAU\">\u00a0<\/div>\n<div class=\"tw-data-text tw-text-large tw-ta\" dir=\"ltr\" style=\"text-align: center;\" data-placeholder=\"T\u0142umaczenie\" data-ved=\"2ahUKEwiTouDrj8GKAxXHQlUIHe_kGPcQ3ewLegQIDBAU\"><span class=\"Y2IQFc\" lang=\"pl\">Ten sam efekt mo\u017cna wykaza\u0107 r\u00f3wnie\u017c w odwrotnej kolejno\u015bci.\u00a0<\/span><\/div>\n<div class=\"tw-data-text tw-text-large tw-ta\" dir=\"ltr\" style=\"text-align: center;\" data-placeholder=\"T\u0142umaczenie\" data-ved=\"2ahUKEwiTouDrj8GKAxXHQlUIHe_kGPcQ3ewLegQIDBAU\">\u00a0<\/div>\n<div class=\"tw-data-text tw-text-large tw-ta\" dir=\"ltr\" style=\"text-align: center;\" data-placeholder=\"T\u0142umaczenie\" data-ved=\"2ahUKEwiTouDrj8GKAxXHQlUIHe_kGPcQ3ewLegQIDBAU\"><span class=\"Y2IQFc\" lang=\"pl\"><iframe loading=\"lazy\" title=\"YouTube video player\" src=\"\/\/www.youtube.com\/embed\/QjUbSL_Pnxs\" width=\"560\" height=\"315\" frameborder=\"0\" allowfullscreen=\"allowfullscreen\"><\/iframe><\/span><\/div>\n","protected":false},"excerpt":{"rendered":"<p>Pokazane\u00a0s\u0105 przezroczyste\u00a0naczynia w czterech r\u00f3\u017cnych rozmiarach. Mleko wlewa si\u0119 do najmniejszej szklanki. Nast\u0119pnie przelewa si\u0119 do drugiej szklanki tak, aby ca\u0142kowicie j\u0105 wype\u0142ni\u0107! \u00a0 Nast\u0119pnie wlewa si\u0119 do trzeciej szklanki,&#8230;<\/p>\n","protected":false},"featured_media":11699,"comment_status":"closed","ping_status":"open","template":"","meta":[],"product_brand":[],"product_cat":[18],"product_tag":[],"class_list":{"0":"post-11698","1":"product","2":"type-product","3":"status-publish","4":"has-post-thumbnail","6":"product_cat-iluzja-dla-dzieci","8":"first","9":"instock","10":"purchasable","11":"product-type-simple"},"_links":{"self":[{"href":"https:\/\/magiiik.netstory.com.pl\/index.php?rest_route=\/wp\/v2\/product\/11698","targetHints":{"allow":["GET"]}}],"collection":[{"href":"https:\/\/magiiik.netstory.com.pl\/index.php?rest_route=\/wp\/v2\/product"}],"about":[{"href":"https:\/\/magiiik.netstory.com.pl\/index.php?rest_route=\/wp\/v2\/types\/product"}],"replies":[{"embeddable":true,"href":"https:\/\/magiiik.netstory.com.pl\/index.php?rest_route=%2Fwp%2Fv2%2Fcomments&post=11698"}],"wp:featuredmedia":[{"embeddable":true,"href":"https:\/\/magiiik.netstory.com.pl\/index.php?rest_route=\/wp\/v2\/media\/11699"}],"wp:attachment":[{"href":"https:\/\/magiiik.netstory.com.pl\/index.php?rest_route=%2Fwp%2Fv2%2Fmedia&parent=11698"}],"wp:term":[{"taxonomy":"product_brand","embeddable":true,"href":"https:\/\/magiiik.netstory.com.pl\/index.php?rest_route=%2Fwp%2Fv2%2Fproduct_brand&post=11698"},{"taxonomy":"product_cat","embeddable":true,"href":"https:\/\/magiiik.netstory.com.pl\/index.php?rest_route=%2Fwp%2Fv2%2Fproduct_cat&post=11698"},{"taxonomy":"product_tag","embeddable":true,"href":"https:\/\/magiiik.netstory.com.pl\/index.php?rest_route=%2Fwp%2Fv2%2Fproduct_tag&post=11698"}],"curies":[{"name":"wp","href":"https:\/\/api.w.org\/{rel}","templated":true}]}}