{"id":11674,"date":"2025-09-19T13:56:18","date_gmt":"2025-09-19T11:56:18","guid":{"rendered":"https:\/\/magiiik.netstory.com.pl\/produkt\/n10-black-by-n2g\/"},"modified":"2025-09-19T13:57:20","modified_gmt":"2025-09-19T11:57:20","slug":"n10-black-by-n2g","status":"publish","type":"product","link":"https:\/\/magiiik.netstory.com.pl\/?product=n10-black-by-n2g","title":{"rendered":"N10 (BLACK) by N2G"},"content":{"rendered":"<div id=\"tw-target-text\" class=\"tw-data-text tw-text-large tw-ta\" dir=\"ltr\" style=\"text-align: center;\" data-placeholder=\"T\u0142umaczenie\" data-ved=\"2ahUKEwiTouDrj8GKAxXHQlUIHe_kGPcQ3ewLegQIDBAU\"><span class=\"Y2IQFc\" lang=\"pl\">W ci\u0105gu ostatniej dekady N2G konsekwentnie produkowa\u0142 wysokiej jako\u015bci rekwizyty do monet, <\/span><\/div>\n<div class=\"tw-data-text tw-text-large tw-ta\" dir=\"ltr\" style=\"text-align: center;\" data-placeholder=\"T\u0142umaczenie\" data-ved=\"2ahUKEwiTouDrj8GKAxXHQlUIHe_kGPcQ3ewLegQIDBAU\"><span class=\"Y2IQFc\" lang=\"pl\">dostarczaj\u0105c magikom na ca\u0142ym \u015bwiecie wykwintne i trwa\u0142e staro\u017cytne chi\u0144skie rekwizyty do monet, co spotka\u0142o si\u0119 z ich uznaniem. <\/span><\/div>\n<div class=\"tw-data-text tw-text-large tw-ta\" dir=\"ltr\" style=\"text-align: center;\" data-placeholder=\"T\u0142umaczenie\" data-ved=\"2ahUKEwiTouDrj8GKAxXHQlUIHe_kGPcQ3ewLegQIDBAU\">\u00a0<\/div>\n<div class=\"tw-data-text tw-text-large tw-ta\" dir=\"ltr\" style=\"text-align: center;\" data-placeholder=\"T\u0142umaczenie\" data-ved=\"2ahUKEwiTouDrj8GKAxXHQlUIHe_kGPcQ3ewLegQIDBAU\"><strong><span class=\"Y2IQFc\" lang=\"pl\">W dziesi\u0105t\u0105 rocznic\u0119 przybycia N2G na \u015bwiat z dum\u0105 przedstawiamy nowy rekwizyt do monet &#8211; N10!\u00a0 <\/span><\/strong><\/div>\n<div class=\"tw-data-text tw-text-large tw-ta\" dir=\"ltr\" style=\"text-align: center;\" data-placeholder=\"T\u0142umaczenie\" data-ved=\"2ahUKEwiTouDrj8GKAxXHQlUIHe_kGPcQ3ewLegQIDBAU\">\u00a0<\/div>\n<div class=\"tw-data-text tw-text-large tw-ta\" dir=\"ltr\" style=\"text-align: center;\" data-placeholder=\"T\u0142umaczenie\" data-ved=\"2ahUKEwiTouDrj8GKAxXHQlUIHe_kGPcQ3ewLegQIDBAU\"><span class=\"Y2IQFc\" lang=\"pl\">N10 to zdecydowanie efekt magii monet, jakiego nigdy wcze\u015bniej nie widzia\u0142e\u015b. Minimoneta i moneta o standardowym rozmiarze s\u0105 bardzo zintegrowane wizualnie, co stanowi magiczny cud wizualny. <\/span><\/div>\n<div class=\"tw-data-text tw-text-large tw-ta\" dir=\"ltr\" style=\"text-align: center;\" data-placeholder=\"T\u0142umaczenie\" data-ved=\"2ahUKEwiTouDrj8GKAxXHQlUIHe_kGPcQ3ewLegQIDBAU\"><span class=\"Y2IQFc\" lang=\"pl\">Ten magiczny efekt mo\u017cna nawet wykona\u0107 w r\u0119kach publiczno\u015bci, wi\u0119c jest bardzo wizualny. <\/span><\/div>\n<div class=\"tw-data-text tw-text-large tw-ta\" dir=\"ltr\" style=\"text-align: center;\" data-placeholder=\"T\u0142umaczenie\" data-ved=\"2ahUKEwiTouDrj8GKAxXHQlUIHe_kGPcQ3ewLegQIDBAU\">\u00a0<\/div>\n<div class=\"tw-data-text tw-text-large tw-ta\" dir=\"ltr\" style=\"text-align: center;\" data-placeholder=\"T\u0142umaczenie\" data-ved=\"2ahUKEwiTouDrj8GKAxXHQlUIHe_kGPcQ3ewLegQIDBAU\"><span class=\"Y2IQFc\" lang=\"pl\">Mo\u017cesz tak\u017ce dokona\u0107 tego cudu w odwrotnej kolejno\u015bci, wizualnie usuwaj\u0105c ma\u0142\u0105 monet\u0119 zapiecz\u0119towan\u0105 w monecie zwyk\u0142ego rozmiaru. <\/span><\/div>\n<div class=\"tw-data-text tw-text-large tw-ta\" dir=\"ltr\" style=\"text-align: center;\" data-placeholder=\"T\u0142umaczenie\" data-ved=\"2ahUKEwiTouDrj8GKAxXHQlUIHe_kGPcQ3ewLegQIDBAU\"><span class=\"Y2IQFc\" lang=\"pl\">To magiczna scena niczym ucieczka Houdiniego. <\/span><\/div>\n<div class=\"tw-data-text tw-text-large tw-ta\" dir=\"ltr\" style=\"text-align: center;\" data-placeholder=\"T\u0142umaczenie\" data-ved=\"2ahUKEwiTouDrj8GKAxXHQlUIHe_kGPcQ3ewLegQIDBAU\">\u00a0<\/div>\n<div class=\"tw-data-text tw-text-large tw-ta\" dir=\"ltr\" style=\"text-align: center;\" data-placeholder=\"T\u0142umaczenie\" data-ved=\"2ahUKEwiTouDrj8GKAxXHQlUIHe_kGPcQ3ewLegQIDBAU\"><span class=\"Y2IQFc\" lang=\"pl\">N10 zawiera specjaln\u0105 monet\u0119, monet\u0119 o standardowym rozmiarze i minimonet\u0119 potrzebn\u0105 do wyst\u0119p\u00f3w, a tak\u017ce specjalny gad\u017cet, dzi\u0119ki kt\u00f3remu Twoja magia b\u0119dzie czystsza. <\/span><\/div>\n<div class=\"tw-data-text tw-text-large tw-ta\" dir=\"ltr\" style=\"text-align: center;\" data-placeholder=\"T\u0142umaczenie\" data-ved=\"2ahUKEwiTouDrj8GKAxXHQlUIHe_kGPcQ3ewLegQIDBAU\">\u00a0<\/div>\n<div class=\"tw-data-text tw-text-large tw-ta\" dir=\"ltr\" style=\"text-align: center;\" data-placeholder=\"T\u0142umaczenie\" data-ved=\"2ahUKEwiTouDrj8GKAxXHQlUIHe_kGPcQ3ewLegQIDBAU\"><span class=\"Y2IQFc\" lang=\"pl\">Wysokiej jako\u015bci monety i instrukcje online. Na co czekasz? Przyjd\u017a i poznaj legend\u0119 tej dekady. Nie przegap &#8211; N10!<\/span><\/div>\n<div class=\"tw-data-text tw-text-large tw-ta\" dir=\"ltr\" style=\"text-align: center;\" data-placeholder=\"T\u0142umaczenie\" data-ved=\"2ahUKEwiTouDrj8GKAxXHQlUIHe_kGPcQ3ewLegQIDBAU\">\u00a0<\/div>\n<div class=\"tw-data-text tw-text-large tw-ta\" dir=\"ltr\" style=\"text-align: center;\" data-placeholder=\"T\u0142umaczenie\" data-ved=\"2ahUKEwiTouDrj8GKAxXHQlUIHe_kGPcQ3ewLegQIDBAU\"><span class=\"Y2IQFc\" lang=\"pl\"><iframe loading=\"lazy\" title=\"YouTube video player\" src=\"\/\/www.youtube.com\/embed\/Bkwmf7STG-0\" width=\"560\" height=\"315\" frameborder=\"0\" allowfullscreen=\"allowfullscreen\"><\/iframe><\/span><\/div>\n","protected":false},"excerpt":{"rendered":"<p>W ci\u0105gu ostatniej dekady N2G konsekwentnie produkowa\u0142 wysokiej jako\u015bci rekwizyty do monet, dostarczaj\u0105c magikom na ca\u0142ym \u015bwiecie wykwintne i trwa\u0142e staro\u017cytne chi\u0144skie rekwizyty do monet, co spotka\u0142o si\u0119 z ich&#8230;<\/p>\n","protected":false},"featured_media":11675,"comment_status":"closed","ping_status":"open","template":"","meta":[],"product_brand":[],"product_cat":[37],"product_tag":[],"class_list":{"0":"post-11674","1":"product","2":"type-product","3":"status-publish","4":"has-post-thumbnail","6":"product_cat-mikro-iluzja-close-up-monety","8":"first","9":"instock","10":"purchasable","11":"product-type-simple"},"_links":{"self":[{"href":"https:\/\/magiiik.netstory.com.pl\/index.php?rest_route=\/wp\/v2\/product\/11674","targetHints":{"allow":["GET"]}}],"collection":[{"href":"https:\/\/magiiik.netstory.com.pl\/index.php?rest_route=\/wp\/v2\/product"}],"about":[{"href":"https:\/\/magiiik.netstory.com.pl\/index.php?rest_route=\/wp\/v2\/types\/product"}],"replies":[{"embeddable":true,"href":"https:\/\/magiiik.netstory.com.pl\/index.php?rest_route=%2Fwp%2Fv2%2Fcomments&post=11674"}],"wp:featuredmedia":[{"embeddable":true,"href":"https:\/\/magiiik.netstory.com.pl\/index.php?rest_route=\/wp\/v2\/media\/11675"}],"wp:attachment":[{"href":"https:\/\/magiiik.netstory.com.pl\/index.php?rest_route=%2Fwp%2Fv2%2Fmedia&parent=11674"}],"wp:term":[{"taxonomy":"product_brand","embeddable":true,"href":"https:\/\/magiiik.netstory.com.pl\/index.php?rest_route=%2Fwp%2Fv2%2Fproduct_brand&post=11674"},{"taxonomy":"product_cat","embeddable":true,"href":"https:\/\/magiiik.netstory.com.pl\/index.php?rest_route=%2Fwp%2Fv2%2Fproduct_cat&post=11674"},{"taxonomy":"product_tag","embeddable":true,"href":"https:\/\/magiiik.netstory.com.pl\/index.php?rest_route=%2Fwp%2Fv2%2Fproduct_tag&post=11674"}],"curies":[{"name":"wp","href":"https:\/\/api.w.org\/{rel}","templated":true}]}}