{"id":11633,"date":"2025-09-19T13:56:18","date_gmt":"2025-09-19T11:56:18","guid":{"rendered":"https:\/\/magiiik.netstory.com.pl\/produkt\/smart-cubes-plus-medium-parlor-by-taiwan-ben\/"},"modified":"2025-09-19T13:56:34","modified_gmt":"2025-09-19T11:56:34","slug":"smart-cubes-plus-medium-parlor-by-taiwan-ben","status":"publish","type":"product","link":"https:\/\/magiiik.netstory.com.pl\/?product=smart-cubes-plus-medium-parlor-by-taiwan-ben","title":{"rendered":"Smart Cubes PLUS (Medium \/ Parlor) by Taiwan Ben"},"content":{"rendered":"<p style=\"text-align: center;\"><span style=\"font-size: 12pt; font-family: arial, helvetica, sans-serif;\">Iluzjonista przedstawia widzom dwie kolumny kostek z cyframi od 1 do 6.\u00a0<\/span><\/p>\n<p style=\"text-align: center;\"><span style=\"font-size: 12pt; font-family: arial, helvetica, sans-serif;\">W jednej kolumnie numery s\u0105 od g\u00f3ry do do\u0142u, w drugiej na odwr\u00f3t &#8211; od do\u0142u do g\u00f3ry. Magik przykrywa jedn\u0105 z nich i natychmiast numery dopasowuj\u0105 si\u0119 do uk\u0142adu z drugiej kolumny. Teraz kolejno\u015b\u0107 numeryczna jest identyczna w pierwszym i drugim przypadku.\u00a0<\/span><\/p>\n<p style=\"text-align: center;\"><span style=\"font-size: 12pt; font-family: arial, helvetica, sans-serif;\">Iluzjonista przekazuje jedn\u0105 kolumn\u0119 widzowi i prosi, aby w plastikowej tubie uk\u0142ada\u0142, wed\u0142ug w\u0142asnego uznania kostki. Magik zakrywa swoj\u0105 kolumn\u0119 i natychmiast uk\u0142ada si\u0119 ona w takiej kolejno\u015bci numerycznej, jak u widza. Bez wzgl\u0119du na to, w jaki spos\u00f3b widz zbuduje swoj\u0105 kolumn\u0119, w magiczny spos\u00f3b kolumna magika ma ten sam uk\u0142ad.\u00a0<\/span><\/p>\n<p style=\"text-align: center;\"><span style=\"font-size: 12pt; font-family: arial, helvetica, sans-serif;\"><iframe loading=\"lazy\" src=\"\/\/www.youtube.com\/embed\/9cg77wmcxNE\" width=\"557\" height=\"422\"><\/iframe><\/span><\/p>\n<p style=\"text-align: center;\"><span style=\"font-size: 12pt; font-family: arial, helvetica, sans-serif;\">W zestawie otrzymasz wszystko, co potrzebujesz do wykonania tego efektu oraz szczeg\u00f3\u0142owe DVD instrukta\u017cowe.<\/span><\/p>\n<p style=\"text-align: center;\"><strong><span style=\"font-size: 12pt; font-family: arial, helvetica, sans-serif;\">Polecamy,<\/span><\/strong><\/p>\n<p style=\"text-align: center;\"><strong><span style=\"font-size: 12pt; font-family: arial, helvetica, sans-serif;\">magiiik.pl<\/span><\/strong><\/p>\n<p>\u00a0<\/p>\n","protected":false},"excerpt":{"rendered":"<p><strong>Smart Cubes (Large \/ Stage) by Taiwan Ben\u00a0<\/strong><\/p>\n","protected":false},"featured_media":11634,"comment_status":"closed","ping_status":"open","template":"","meta":[],"product_brand":[],"product_cat":[65],"product_tag":[],"class_list":{"0":"post-11633","1":"product","2":"type-product","3":"status-publish","4":"has-post-thumbnail","6":"product_cat-iluzja-sceniczna-iluzja-sceniczna","8":"first","9":"instock","10":"purchasable","11":"product-type-simple"},"_links":{"self":[{"href":"https:\/\/magiiik.netstory.com.pl\/index.php?rest_route=\/wp\/v2\/product\/11633","targetHints":{"allow":["GET"]}}],"collection":[{"href":"https:\/\/magiiik.netstory.com.pl\/index.php?rest_route=\/wp\/v2\/product"}],"about":[{"href":"https:\/\/magiiik.netstory.com.pl\/index.php?rest_route=\/wp\/v2\/types\/product"}],"replies":[{"embeddable":true,"href":"https:\/\/magiiik.netstory.com.pl\/index.php?rest_route=%2Fwp%2Fv2%2Fcomments&post=11633"}],"wp:featuredmedia":[{"embeddable":true,"href":"https:\/\/magiiik.netstory.com.pl\/index.php?rest_route=\/wp\/v2\/media\/11634"}],"wp:attachment":[{"href":"https:\/\/magiiik.netstory.com.pl\/index.php?rest_route=%2Fwp%2Fv2%2Fmedia&parent=11633"}],"wp:term":[{"taxonomy":"product_brand","embeddable":true,"href":"https:\/\/magiiik.netstory.com.pl\/index.php?rest_route=%2Fwp%2Fv2%2Fproduct_brand&post=11633"},{"taxonomy":"product_cat","embeddable":true,"href":"https:\/\/magiiik.netstory.com.pl\/index.php?rest_route=%2Fwp%2Fv2%2Fproduct_cat&post=11633"},{"taxonomy":"product_tag","embeddable":true,"href":"https:\/\/magiiik.netstory.com.pl\/index.php?rest_route=%2Fwp%2Fv2%2Fproduct_tag&post=11633"}],"curies":[{"name":"wp","href":"https:\/\/api.w.org\/{rel}","templated":true}]}}