{"id":11631,"date":"2025-09-19T13:56:18","date_gmt":"2025-09-19T11:56:18","guid":{"rendered":"https:\/\/magiiik.netstory.com.pl\/produkt\/ding-dong-gabczaki-penis-kolor-czarny\/"},"modified":"2025-09-19T13:56:33","modified_gmt":"2025-09-19T11:56:33","slug":"ding-dong-gabczaki-penis-kolor-czarny","status":"publish","type":"product","link":"https:\/\/magiiik.netstory.com.pl\/?product=ding-dong-gabczaki-penis-kolor-czarny","title":{"rendered":"Ding Dong (g\u0105bczaki, penis) KOLOR CZARNY"},"content":{"rendered":"<p style=\"text-align: center;\"><span style=\"font-size: 14pt; font-family: arial, helvetica, sans-serif;\">Iluzjonista prezentuje standardow\u0105 rutyn\u0119 z g\u0105bczakami. Pojawia i znika pi\u0142eczki w r\u0119ku widza.\u00a0<\/span><\/p>\n<p style=\"text-align: center;\"><span style=\"font-size: 12pt; font-family: arial, helvetica, sans-serif;\">Dwie pi\u0142eczki umieszczane s\u0105 w d\u0142oni widza, w r\u0119ku magika znika jeden g\u0105bczak. Gdy widz otwiera swoj\u0105 d\u0142o\u0144, okazuje si\u0119, \u017ce u niego s\u0105 3 pi\u0142eczki! Za ostatnim razem, kiedy umieszczane s\u0105 pi\u0142eczki w d\u0142oni widza, magik zadaje pytanie: &#8222;Jak my\u015blisz, ile tym razem pojawi si\u0119 u Ciebie pi\u0142eczek?&#8221;. Bez wzgl\u0119du na odpowied\u017a, kiedy ten otworzy d\u0142o\u0144, zobaczy na niej wielkiego czerwonego penisa!<\/span><\/p>\n<p style=\"text-align: center;\"><strong><span style=\"font-size: 12pt; font-family: arial, helvetica, sans-serif;\">W zestawie otrzymasz penisa z g\u0105bki oraz 4 2-calowe g\u0105bczaki SuperSoft.<\/span><\/strong><\/p>\n<p>\u00a0<\/p>\n<p>\u00a0<\/p>\n","protected":false},"excerpt":{"rendered":"<p><strong>Ding Dong (4x g\u0105bczaki + penis) w kolorze czarnym.<\/strong><\/p>\n","protected":false},"featured_media":11632,"comment_status":"closed","ping_status":"open","template":"","meta":[],"product_brand":[],"product_cat":[33],"product_tag":[],"class_list":{"0":"post-11631","1":"product","2":"type-product","3":"status-publish","4":"has-post-thumbnail","6":"product_cat-akcesoria-sponge-gabczaki","8":"first","9":"instock","10":"purchasable","11":"product-type-simple"},"_links":{"self":[{"href":"https:\/\/magiiik.netstory.com.pl\/index.php?rest_route=\/wp\/v2\/product\/11631","targetHints":{"allow":["GET"]}}],"collection":[{"href":"https:\/\/magiiik.netstory.com.pl\/index.php?rest_route=\/wp\/v2\/product"}],"about":[{"href":"https:\/\/magiiik.netstory.com.pl\/index.php?rest_route=\/wp\/v2\/types\/product"}],"replies":[{"embeddable":true,"href":"https:\/\/magiiik.netstory.com.pl\/index.php?rest_route=%2Fwp%2Fv2%2Fcomments&post=11631"}],"wp:featuredmedia":[{"embeddable":true,"href":"https:\/\/magiiik.netstory.com.pl\/index.php?rest_route=\/wp\/v2\/media\/11632"}],"wp:attachment":[{"href":"https:\/\/magiiik.netstory.com.pl\/index.php?rest_route=%2Fwp%2Fv2%2Fmedia&parent=11631"}],"wp:term":[{"taxonomy":"product_brand","embeddable":true,"href":"https:\/\/magiiik.netstory.com.pl\/index.php?rest_route=%2Fwp%2Fv2%2Fproduct_brand&post=11631"},{"taxonomy":"product_cat","embeddable":true,"href":"https:\/\/magiiik.netstory.com.pl\/index.php?rest_route=%2Fwp%2Fv2%2Fproduct_cat&post=11631"},{"taxonomy":"product_tag","embeddable":true,"href":"https:\/\/magiiik.netstory.com.pl\/index.php?rest_route=%2Fwp%2Fv2%2Fproduct_tag&post=11631"}],"curies":[{"name":"wp","href":"https:\/\/api.w.org\/{rel}","templated":true}]}}