{"id":11622,"date":"2025-09-19T13:56:18","date_gmt":"2025-09-19T11:56:18","guid":{"rendered":"https:\/\/magiiik.netstory.com.pl\/produkt\/gotowce-ofertowe\/"},"modified":"2025-09-19T13:56:23","modified_gmt":"2025-09-19T11:56:23","slug":"gotowce-ofertowe","status":"publish","type":"product","link":"https:\/\/magiiik.netstory.com.pl\/?product=gotowce-ofertowe","title":{"rendered":"Gotowce ofertowe"},"content":{"rendered":"<div class=\"x1e56ztr\" data-block=\"true\" data-editor=\"4phb1\" data-offset-key=\"5h39m-0-0\">\n<div class=\"_1mf _1mj\" style=\"text-align: center;\" data-offset-key=\"5h39m-0-0\"><span data-offset-key=\"5h39m-0-0\"><span data-text=\"true\">GOTOWCE DO POBRANIA! <\/span><\/span><\/div>\n<div class=\"_1mf _1mj\" style=\"text-align: center;\" data-offset-key=\"5h39m-0-0\">\u00a0<\/div>\n<div class=\"_1mf _1mj\" style=\"text-align: center;\" data-offset-key=\"5h39m-0-0\"><span data-offset-key=\"5h39m-0-0\"><span data-text=\"true\">10x Wst\u0119p do oferty e-<\/span><\/span><span data-offset-key=\"5h39m-1-0\"><span data-text=\"true\">mail<\/span><\/span><\/div><\/div>\n<div class=\"x1e56ztr\" style=\"text-align: center;\" data-block=\"true\" data-editor=\"4phb1\" data-offset-key=\"1c275-0-0\">\n<div class=\"_1mf _1mj\" data-offset-key=\"1c275-0-0\"><span data-offset-key=\"1c275-0-0\"><span data-text=\"true\"> 25x Najmocniejszych argument\u00f3w dla klienta <\/span><\/span><\/div>\n<div class=\"_1mf _1mj\" data-offset-key=\"1c275-0-0\"><span data-offset-key=\"1c275-0-0\"><span data-text=\"true\">15x Najcz\u0119\u015bciej zadawanych pyta\u0144 przez klient\u00f3w i odpowiedzi do nich <\/span><\/span><\/div>\n<div class=\"_1mf _1mj\" data-offset-key=\"1c275-0-0\"><span data-offset-key=\"1c275-0-0\"><span data-text=\"true\">30x nag\u0142\u00f3wk\u00f3w wraz z opisami do nich <\/span><\/span><\/div>\n<div class=\"_1mf _1mj\" data-offset-key=\"1c275-0-0\"><span data-offset-key=\"1c275-0-0\"><span data-text=\"true\">20x hase\u0142 reklamowych <\/span><\/span><\/div><\/div>\n<div class=\"x1e56ztr\" data-block=\"true\" data-editor=\"4phb1\" data-offset-key=\"869gh-0-0\">\n<div class=\"_1mf _1mj\" style=\"text-align: center;\" data-offset-key=\"869gh-0-0\"><span data-offset-key=\"869gh-0-0\"><span data-text=\"true\">10 podsumowa\u0144 oferty zach\u0119caj\u0105cych do kontaktu i zakupu <\/span><\/span><\/div>\n<div class=\"_1mf _1mj\" style=\"text-align: center;\" data-offset-key=\"869gh-0-0\">\u00a0<\/div>\n<div class=\"_1mf _1mj\" style=\"text-align: center;\" data-offset-key=\"869gh-0-0\"><strong><span data-offset-key=\"869gh-0-0\"><span data-text=\"true\">+ Opis: co dok\u0142adnie i gdzie wklei\u0107 BONUS! 3 gotowe oferty KOPIUJ &#8211; WKLEJ dla pierwszych 10 os\u00f3b!<\/span><\/span><\/strong><\/div>\n<div class=\"_1mf _1mj\" style=\"text-align: center;\" data-offset-key=\"869gh-0-0\">\u00a0<\/div>\n<div class=\"_1mf _1mj\" style=\"text-align: center;\" data-offset-key=\"869gh-0-0\"><strong><span data-offset-key=\"869gh-0-0\"><span data-text=\"true\"><img loading=\"lazy\" decoding=\"async\" src=\"\/userdata\/public\/assets\/\/481822551_652952243861307_958578410765465412_n.jpg\" alt=\"\" width=\"492\" height=\"419\" \/><\/span><\/span><\/strong><\/div><\/div>\n","protected":false},"excerpt":{"rendered":"<p>GOTOWCE DO POBRANIA! \u00a0 10x Wst\u0119p do oferty e-mail 25x Najmocniejszych argument\u00f3w dla klienta 15x Najcz\u0119\u015bciej zadawanych pyta\u0144 przez klient\u00f3w i odpowiedzi do nich 30x nag\u0142\u00f3wk\u00f3w wraz z opisami do&#8230;<\/p>\n","protected":false},"featured_media":11623,"comment_status":"closed","ping_status":"open","template":"","meta":[],"product_brand":[],"product_cat":[31],"product_tag":[],"class_list":{"0":"post-11622","1":"product","2":"type-product","3":"status-publish","4":"has-post-thumbnail","6":"product_cat-na-specjalne-zamowienie","8":"first","9":"instock","10":"purchasable","11":"product-type-simple"},"_links":{"self":[{"href":"https:\/\/magiiik.netstory.com.pl\/index.php?rest_route=\/wp\/v2\/product\/11622","targetHints":{"allow":["GET"]}}],"collection":[{"href":"https:\/\/magiiik.netstory.com.pl\/index.php?rest_route=\/wp\/v2\/product"}],"about":[{"href":"https:\/\/magiiik.netstory.com.pl\/index.php?rest_route=\/wp\/v2\/types\/product"}],"replies":[{"embeddable":true,"href":"https:\/\/magiiik.netstory.com.pl\/index.php?rest_route=%2Fwp%2Fv2%2Fcomments&post=11622"}],"wp:featuredmedia":[{"embeddable":true,"href":"https:\/\/magiiik.netstory.com.pl\/index.php?rest_route=\/wp\/v2\/media\/11623"}],"wp:attachment":[{"href":"https:\/\/magiiik.netstory.com.pl\/index.php?rest_route=%2Fwp%2Fv2%2Fmedia&parent=11622"}],"wp:term":[{"taxonomy":"product_brand","embeddable":true,"href":"https:\/\/magiiik.netstory.com.pl\/index.php?rest_route=%2Fwp%2Fv2%2Fproduct_brand&post=11622"},{"taxonomy":"product_cat","embeddable":true,"href":"https:\/\/magiiik.netstory.com.pl\/index.php?rest_route=%2Fwp%2Fv2%2Fproduct_cat&post=11622"},{"taxonomy":"product_tag","embeddable":true,"href":"https:\/\/magiiik.netstory.com.pl\/index.php?rest_route=%2Fwp%2Fv2%2Fproduct_tag&post=11622"}],"curies":[{"name":"wp","href":"https:\/\/api.w.org\/{rel}","templated":true}]}}