{"id":11620,"date":"2025-09-19T13:56:18","date_gmt":"2025-09-19T11:56:18","guid":{"rendered":"https:\/\/magiiik.netstory.com.pl\/produkt\/mirror-glass-pro-by-bazar-de-magia\/"},"modified":"2025-09-19T13:56:22","modified_gmt":"2025-09-19T11:56:22","slug":"mirror-glass-pro-by-bazar-de-magia","status":"publish","type":"product","link":"https:\/\/magiiik.netstory.com.pl\/?product=mirror-glass-pro-by-bazar-de-magia","title":{"rendered":"Mirror Glass PRO By Bazar de Magia"},"content":{"rendered":"<div id=\"tw-target-text\" class=\"tw-data-text tw-text-large tw-ta\" dir=\"ltr\" style=\"text-align: center;\" data-placeholder=\"T\u0142umaczenie\" data-ved=\"2ahUKEwi4s4TDvM6IAxUWA9sEHQC9EwYQ3ewLegQIBxAU\"><span class=\"Y2IQFc\" lang=\"pl\">Magik pokazuje pust\u0105 przezroczyst\u0105 szklank\u0119, nalewa do niej sok pomara\u0144czowy. <\/span><\/div>\n<div class=\"tw-data-text tw-text-large tw-ta\" dir=\"ltr\" style=\"text-align: center;\" data-placeholder=\"T\u0142umaczenie\" data-ved=\"2ahUKEwi4s4TDvM6IAxUWA9sEHQC9EwYQ3ewLegQIBxAU\"><span class=\"Y2IQFc\" lang=\"pl\">Po odwr\u00f3ceniu szklanki do g\u00f3ry nogami zamiast niej spada pomara\u0144czowy jedwab!<\/span><\/div>\n<div class=\"tw-data-text tw-text-large tw-ta\" dir=\"ltr\" style=\"text-align: center;\" data-placeholder=\"T\u0142umaczenie\" data-ved=\"2ahUKEwi4s4TDvM6IAxUWA9sEHQC9EwYQ3ewLegQIBxAU\">\u00a0<\/div>\n<div class=\"tw-data-text tw-text-large tw-ta\" dir=\"ltr\" style=\"text-align: center;\" data-placeholder=\"T\u0142umaczenie\" data-ved=\"2ahUKEwi4s4TDvM6IAxUWA9sEHQC9EwYQ3ewLegQIBxAU\"><span class=\"Y2IQFc\" lang=\"pl\">Klasyczna sztuczka magiczna pozwalaj\u0105ca na sto kolejnych zastosowa\u0144<\/span><span class=\"Y2IQFc\" lang=\"pl\">! <\/span><\/div>\n<div class=\"tw-data-text tw-text-large tw-ta\" dir=\"ltr\" style=\"text-align: center;\" data-placeholder=\"T\u0142umaczenie\" data-ved=\"2ahUKEwi4s4TDvM6IAxUWA9sEHQC9EwYQ3ewLegQIBxAU\"><span class=\"Y2IQFc\" lang=\"pl\">Mo\u017cna sprawi\u0107, \u017ce rzeczy znikn\u0105, mo\u017cna wyprodukowa\u0107 inne, zmieni\u0107 kolory itp. <\/span><\/div>\n<div class=\"tw-data-text tw-text-large tw-ta\" dir=\"ltr\" style=\"text-align: center;\" data-placeholder=\"T\u0142umaczenie\" data-ved=\"2ahUKEwi4s4TDvM6IAxUWA9sEHQC9EwYQ3ewLegQIBxAU\">\u00a0<\/div>\n<div class=\"tw-data-text tw-text-large tw-ta\" dir=\"ltr\" style=\"text-align: center;\" data-placeholder=\"T\u0142umaczenie\" data-ved=\"2ahUKEwi4s4TDvM6IAxUWA9sEHQC9EwYQ3ewLegQIBxAU\"><span class=\"Y2IQFc\" lang=\"pl\">Wszystko to tylko za pomoc\u0105 jednej szklanki. <\/span><\/div>\n<div class=\"tw-data-text tw-text-large tw-ta\" dir=\"ltr\" style=\"text-align: center;\" data-placeholder=\"T\u0142umaczenie\" data-ved=\"2ahUKEwi4s4TDvM6IAxUWA9sEHQC9EwYQ3ewLegQIBxAU\">\u00a0<\/div>\n<div class=\"tw-data-text tw-text-large tw-ta\" dir=\"ltr\" style=\"text-align: center;\" data-placeholder=\"T\u0142umaczenie\" data-ved=\"2ahUKEwi4s4TDvM6IAxUWA9sEHQC9EwYQ3ewLegQIBxAU\"><span class=\"Y2IQFc\" lang=\"pl\">Wykonane z poliw\u0119glanu; dokr\u0119cone, zdejmowane, o du\u017cej pojemno\u015bci. <\/span><\/div>\n<div class=\"tw-data-text tw-text-large tw-ta\" dir=\"ltr\" style=\"text-align: center;\" data-placeholder=\"T\u0142umaczenie\" data-ved=\"2ahUKEwi4s4TDvM6IAxUWA9sEHQC9EwYQ3ewLegQIBxAU\"><span class=\"Y2IQFc\" lang=\"pl\">Prawdziwe profesjonalne szk\u0142o lustrzane.<\/span><\/div>\n<div class=\"tw-data-text tw-text-large tw-ta\" dir=\"ltr\" style=\"text-align: center;\" data-placeholder=\"T\u0142umaczenie\" data-ved=\"2ahUKEwi4s4TDvM6IAxUWA9sEHQC9EwYQ3ewLegQIBxAU\">\u00a0<\/div>\n<div class=\"tw-data-text tw-text-large tw-ta\" dir=\"ltr\" style=\"text-align: center;\" data-placeholder=\"T\u0142umaczenie\" data-ved=\"2ahUKEwi4s4TDvM6IAxUWA9sEHQC9EwYQ3ewLegQIBxAU\"><span class=\"Y2IQFc\" lang=\"pl\"><iframe loading=\"lazy\" title=\"YouTube video player\" src=\"\/\/www.youtube.com\/embed\/a7Wb_KhVzKI\" width=\"560\" height=\"315\" frameborder=\"0\" allowfullscreen=\"allowfullscreen\"><\/iframe><\/span><\/div>\n","protected":false},"excerpt":{"rendered":"<p>Magik pokazuje pust\u0105 przezroczyst\u0105 szklank\u0119, nalewa do niej sok pomara\u0144czowy. Po odwr\u00f3ceniu szklanki do g\u00f3ry nogami zamiast niej spada pomara\u0144czowy jedwab! \u00a0 Klasyczna sztuczka magiczna pozwalaj\u0105ca na sto kolejnych zastosowa\u0144!&#8230;<\/p>\n","protected":false},"featured_media":11621,"comment_status":"closed","ping_status":"open","template":"","meta":[],"product_brand":[],"product_cat":[65],"product_tag":[],"class_list":{"0":"post-11620","1":"product","2":"type-product","3":"status-publish","4":"has-post-thumbnail","6":"product_cat-iluzja-sceniczna-iluzja-sceniczna","8":"first","9":"instock","10":"purchasable","11":"product-type-simple"},"_links":{"self":[{"href":"https:\/\/magiiik.netstory.com.pl\/index.php?rest_route=\/wp\/v2\/product\/11620","targetHints":{"allow":["GET"]}}],"collection":[{"href":"https:\/\/magiiik.netstory.com.pl\/index.php?rest_route=\/wp\/v2\/product"}],"about":[{"href":"https:\/\/magiiik.netstory.com.pl\/index.php?rest_route=\/wp\/v2\/types\/product"}],"replies":[{"embeddable":true,"href":"https:\/\/magiiik.netstory.com.pl\/index.php?rest_route=%2Fwp%2Fv2%2Fcomments&post=11620"}],"wp:featuredmedia":[{"embeddable":true,"href":"https:\/\/magiiik.netstory.com.pl\/index.php?rest_route=\/wp\/v2\/media\/11621"}],"wp:attachment":[{"href":"https:\/\/magiiik.netstory.com.pl\/index.php?rest_route=%2Fwp%2Fv2%2Fmedia&parent=11620"}],"wp:term":[{"taxonomy":"product_brand","embeddable":true,"href":"https:\/\/magiiik.netstory.com.pl\/index.php?rest_route=%2Fwp%2Fv2%2Fproduct_brand&post=11620"},{"taxonomy":"product_cat","embeddable":true,"href":"https:\/\/magiiik.netstory.com.pl\/index.php?rest_route=%2Fwp%2Fv2%2Fproduct_cat&post=11620"},{"taxonomy":"product_tag","embeddable":true,"href":"https:\/\/magiiik.netstory.com.pl\/index.php?rest_route=%2Fwp%2Fv2%2Fproduct_tag&post=11620"}],"curies":[{"name":"wp","href":"https:\/\/api.w.org\/{rel}","templated":true}]}}