{"id":11616,"date":"2025-09-19T13:56:18","date_gmt":"2025-09-19T11:56:18","guid":{"rendered":"https:\/\/magiiik.netstory.com.pl\/produkt\/x-light-by-kingsley-xu\/"},"modified":"2025-09-19T13:56:18","modified_gmt":"2025-09-19T11:56:18","slug":"x-light-by-kingsley-xu","status":"publish","type":"product","link":"https:\/\/magiiik.netstory.com.pl\/?product=x-light-by-kingsley-xu","title":{"rendered":"X Light by Kingsley Xu"},"content":{"rendered":"<div id=\"tw-target-text\" class=\"tw-data-text tw-text-large tw-ta\" dir=\"ltr\" style=\"text-align: center;\" data-placeholder=\"T\u0142umaczenie\" data-ved=\"2ahUKEwi4s4TDvM6IAxUWA9sEHQC9EwYQ3ewLegQIBxAU\"><span class=\"Y2IQFc\" lang=\"pl\">Machnij magiczn\u0105 r\u00f3\u017cd\u017ck\u0105, a z wdzi\u0119kiem pojawi si\u0119 delikatne pi\u00f3ro!<\/span><\/div>\n<div class=\"tw-data-text tw-text-large tw-ta\" dir=\"ltr\" data-placeholder=\"T\u0142umaczenie\" data-ved=\"2ahUKEwi4s4TDvM6IAxUWA9sEHQC9EwYQ3ewLegQIBxAU\">\u00a0<\/div>\n<div class=\"tw-data-text tw-text-large tw-ta\" dir=\"ltr\" data-placeholder=\"T\u0142umaczenie\" data-ved=\"2ahUKEwi4s4TDvM6IAxUWA9sEHQC9EwYQ3ewLegQIBxAU\"><span class=\"Y2IQFc\" lang=\"pl\">Poczuj urok X Light, gdzie innowacja i magia \u0142\u0105cz\u0105 si\u0119, tworz\u0105c urzekaj\u0105c\u0105 magi\u0119 sceniczn\u0105. <\/span><\/div>\n<div class=\"tw-data-text tw-text-large tw-ta\" dir=\"ltr\" data-placeholder=\"T\u0142umaczenie\" data-ved=\"2ahUKEwi4s4TDvM6IAxUWA9sEHQC9EwYQ3ewLegQIBxAU\">\u00a0<\/div>\n<div class=\"tw-data-text tw-text-large tw-ta\" dir=\"ltr\" data-placeholder=\"T\u0142umaczenie\" data-ved=\"2ahUKEwi4s4TDvM6IAxUWA9sEHQC9EwYQ3ewLegQIBxAU\"><span class=\"Y2IQFc\" lang=\"pl\">Wyobra\u017a sobie tak\u0105 sytuacj\u0119: trzymasz magiczn\u0105 r\u00f3\u017cd\u017ck\u0119 i elegancko przesuwasz j\u0105 w powietrzu, wyczarowuj\u0105c delikatny blask. Gdy \u015bwiat\u0142o si\u0119 pojawia, w jego blasku materializuje si\u0119 pi\u00f3ro, zawieszone w powietrzu. <\/span><\/div>\n<div class=\"tw-data-text tw-text-large tw-ta\" dir=\"ltr\" data-placeholder=\"T\u0142umaczenie\" data-ved=\"2ahUKEwi4s4TDvM6IAxUWA9sEHQC9EwYQ3ewLegQIBxAU\">\u00a0<\/div>\n<div class=\"tw-data-text tw-text-large tw-ta\" dir=\"ltr\" data-placeholder=\"T\u0142umaczenie\" data-ved=\"2ahUKEwi4s4TDvM6IAxUWA9sEHQC9EwYQ3ewLegQIBxAU\"><span class=\"Y2IQFc\" lang=\"pl\">Widzowie s\u0105 \u015bwiadkami, jak pi\u00f3ro powoli materializuje si\u0119 w delikatnym blasku. Ca\u0142o\u015b\u0107 przypomina starannie wykonany monta\u017c wideo, oferuj\u0105c widzom wyj\u0105tkowe i urzekaj\u0105ce magiczne prze\u017cycie w prawdziwym \u017cyciu. <\/span><\/div>\n<div class=\"tw-data-text tw-text-large tw-ta\" dir=\"ltr\" data-placeholder=\"T\u0142umaczenie\" data-ved=\"2ahUKEwi4s4TDvM6IAxUWA9sEHQC9EwYQ3ewLegQIBxAU\">\u00a0<\/div>\n<div class=\"tw-data-text tw-text-large tw-ta\" dir=\"ltr\" data-placeholder=\"T\u0142umaczenie\" data-ved=\"2ahUKEwi4s4TDvM6IAxUWA9sEHQC9EwYQ3ewLegQIBxAU\"><span class=\"Y2IQFc\" lang=\"pl\">Co wi\u0119cej, mo\u017cesz bezproblemowo zintegrowa\u0107 X Light z wieloma programami scenicznymi, niezale\u017cnie od tego, czy dotycz\u0105 one znikaj\u0105cych pi\u00f3r, znikaj\u0105cych jedwabnych szali, czy nawet jedwabnych szalik\u00f3w zmieniaj\u0105cych kolor. <\/span><\/div>\n<div class=\"tw-data-text tw-text-large tw-ta\" dir=\"ltr\" data-placeholder=\"T\u0142umaczenie\" data-ved=\"2ahUKEwi4s4TDvM6IAxUWA9sEHQC9EwYQ3ewLegQIBxAU\">\u00a0<\/div>\n<div class=\"tw-data-text tw-text-large tw-ta\" dir=\"ltr\" data-placeholder=\"T\u0142umaczenie\" data-ved=\"2ahUKEwi4s4TDvM6IAxUWA9sEHQC9EwYQ3ewLegQIBxAU\"><span class=\"Y2IQFc\" lang=\"pl\">Kluczowe informacje:<\/span><\/div>\n<div class=\"tw-data-text tw-text-large tw-ta\" dir=\"ltr\" data-placeholder=\"T\u0142umaczenie\" data-ved=\"2ahUKEwi4s4TDvM6IAxUWA9sEHQC9EwYQ3ewLegQIBxAU\"><span class=\"Y2IQFc\" lang=\"pl\">Wysoki poziom rzemios\u0142a dla magii scenicznej <\/span><\/div>\n<div class=\"tw-data-text tw-text-large tw-ta\" dir=\"ltr\" data-placeholder=\"T\u0142umaczenie\" data-ved=\"2ahUKEwi4s4TDvM6IAxUWA9sEHQC9EwYQ3ewLegQIBxAU\"><span class=\"Y2IQFc\" lang=\"pl\">Zawiera podstawowe techniki, uporz\u0105dkowane sekwencje i profesjonalne rutyny. <\/span><\/div>\n<div class=\"tw-data-text tw-text-large tw-ta\" dir=\"ltr\" data-placeholder=\"T\u0142umaczenie\" data-ved=\"2ahUKEwi4s4TDvM6IAxUWA9sEHQC9EwYQ3ewLegQIBxAU\"><span class=\"Y2IQFc\" lang=\"pl\">\u0141atwa obs\u0142uga i pot\u0119\u017cny efekt <\/span><\/div>\n<div class=\"tw-data-text tw-text-large tw-ta\" dir=\"ltr\" data-placeholder=\"T\u0142umaczenie\" data-ved=\"2ahUKEwi4s4TDvM6IAxUWA9sEHQC9EwYQ3ewLegQIBxAU\"><span class=\"Y2IQFc\" lang=\"pl\">Konfiguracja w zaledwie 38 sekund <\/span><\/div>\n<div class=\"tw-data-text tw-text-large tw-ta\" dir=\"ltr\" data-placeholder=\"T\u0142umaczenie\" data-ved=\"2ahUKEwi4s4TDvM6IAxUWA9sEHQC9EwYQ3ewLegQIBxAU\"><span class=\"Y2IQFc\" lang=\"pl\">Mo\u017cliwo\u015b\u0107 dostosowania do r\u00f3\u017cnych wyst\u0119p\u00f3w: ma\u0142ych teatr\u00f3w, wyst\u0119p\u00f3w scenicznych lub kr\u00f3tkich nagra\u0144 wideo <\/span><\/div>\n<div class=\"tw-data-text tw-text-large tw-ta\" dir=\"ltr\" data-placeholder=\"T\u0142umaczenie\" data-ved=\"2ahUKEwi4s4TDvM6IAxUWA9sEHQC9EwYQ3ewLegQIBxAU\">\u00a0<\/div>\n<div class=\"tw-data-text tw-text-large tw-ta\" dir=\"ltr\" data-placeholder=\"T\u0142umaczenie\" data-ved=\"2ahUKEwi4s4TDvM6IAxUWA9sEHQC9EwYQ3ewLegQIBxAU\"><span class=\"Y2IQFc\" lang=\"pl\">Co jest wliczone w cen\u0119? <\/span><\/div>\n<div class=\"tw-data-text tw-text-large tw-ta\" dir=\"ltr\" data-placeholder=\"T\u0142umaczenie\" data-ved=\"2ahUKEwi4s4TDvM6IAxUWA9sEHQC9EwYQ3ewLegQIBxAU\"><span class=\"Y2IQFc\" lang=\"pl\">Solidna i trwa\u0142a magiczna r\u00f3\u017cd\u017cka wydrukowana w 3D <\/span><\/div>\n<div class=\"tw-data-text tw-text-large tw-ta\" dir=\"ltr\" data-placeholder=\"T\u0142umaczenie\" data-ved=\"2ahUKEwi4s4TDvM6IAxUWA9sEHQC9EwYQ3ewLegQIBxAU\"><span class=\"Y2IQFc\" lang=\"pl\">Bia\u0142e pi\u00f3rko <\/span><\/div>\n<div class=\"tw-data-text tw-text-large tw-ta\" dir=\"ltr\" data-placeholder=\"T\u0142umaczenie\" data-ved=\"2ahUKEwi4s4TDvM6IAxUWA9sEHQC9EwYQ3ewLegQIBxAU\"><span class=\"Y2IQFc\" lang=\"pl\">Wiele drobnych pi\u00f3r <\/span><\/div>\n<div class=\"tw-data-text tw-text-large tw-ta\" dir=\"ltr\" data-placeholder=\"T\u0142umaczenie\" data-ved=\"2ahUKEwi4s4TDvM6IAxUWA9sEHQC9EwYQ3ewLegQIBxAU\"><span class=\"Y2IQFc\" lang=\"pl\">Wysokiej jako\u015bci mechanizm \u015bci\u0105gaj\u0105cy <\/span><\/div>\n<div class=\"tw-data-text tw-text-large tw-ta\" dir=\"ltr\" data-placeholder=\"T\u0142umaczenie\" data-ved=\"2ahUKEwi4s4TDvM6IAxUWA9sEHQC9EwYQ3ewLegQIBxAU\">\u00a0<\/div>\n<div class=\"tw-data-text tw-text-large tw-ta\" dir=\"ltr\" data-placeholder=\"T\u0142umaczenie\" data-ved=\"2ahUKEwi4s4TDvM6IAxUWA9sEHQC9EwYQ3ewLegQIBxAU\"><span class=\"Y2IQFc\" lang=\"pl\">Bia\u0142y jedwab Uwaga: ten produkt umo\u017cliwia wykonanie Luminacji Magicznej R\u00f3\u017cd\u017cki oraz produkcj\u0119\/znikanie\/transformacj\u0119 efekt\u00f3w pi\u00f3r\/jedwabiu. <\/span><\/div>\n<div class=\"tw-data-text tw-text-large tw-ta\" dir=\"ltr\" data-placeholder=\"T\u0142umaczenie\" data-ved=\"2ahUKEwi4s4TDvM6IAxUWA9sEHQC9EwYQ3ewLegQIBxAU\"><span class=\"Y2IQFc\" lang=\"pl\">Niekt\u00f3re efekty pokazane w zwiastunie obejmuj\u0105 integracj\u0119 tego produktu z innymi typowymi efektami scenicznymi, takimi jak Pojawiaj\u0105ca si\u0119 R\u00f3\u017cd\u017cka lub wytwarzanie dymu. Wymagane sztuczki dla tych dodatkowych efekt\u00f3w, takie jak maszyna do dymu, NIE s\u0105 do\u0142\u0105czone do tego produktu.<\/span><\/div>\n<div class=\"tw-data-text tw-text-large tw-ta\" dir=\"ltr\" data-placeholder=\"T\u0142umaczenie\" data-ved=\"2ahUKEwi4s4TDvM6IAxUWA9sEHQC9EwYQ3ewLegQIBxAU\">\u00a0<\/div>\n<div class=\"tw-data-text tw-text-large tw-ta\" dir=\"ltr\" style=\"text-align: center;\" data-placeholder=\"T\u0142umaczenie\" data-ved=\"2ahUKEwi4s4TDvM6IAxUWA9sEHQC9EwYQ3ewLegQIBxAU\"><span class=\"Y2IQFc\" lang=\"pl\"><iframe loading=\"lazy\" title=\"YouTube video player\" src=\"\/\/www.youtube.com\/embed\/AqDiKvcWck8\" width=\"560\" height=\"315\" frameborder=\"0\" allowfullscreen=\"allowfullscreen\"><\/iframe><\/span><\/div>\n","protected":false},"excerpt":{"rendered":"<p>Machnij magiczn\u0105 r\u00f3\u017cd\u017ck\u0105, a z wdzi\u0119kiem pojawi si\u0119 delikatne pi\u00f3ro! \u00a0 Poczuj urok X Light, gdzie innowacja i magia \u0142\u0105cz\u0105 si\u0119, tworz\u0105c urzekaj\u0105c\u0105 magi\u0119 sceniczn\u0105. \u00a0 Wyobra\u017a sobie tak\u0105 sytuacj\u0119:&#8230;<\/p>\n","protected":false},"featured_media":11617,"comment_status":"closed","ping_status":"open","template":"","meta":[],"product_brand":[],"product_cat":[65],"product_tag":[],"class_list":{"0":"post-11616","1":"product","2":"type-product","3":"status-publish","4":"has-post-thumbnail","6":"product_cat-iluzja-sceniczna-iluzja-sceniczna","8":"first","9":"instock","10":"purchasable","11":"product-type-simple"},"_links":{"self":[{"href":"https:\/\/magiiik.netstory.com.pl\/index.php?rest_route=\/wp\/v2\/product\/11616","targetHints":{"allow":["GET"]}}],"collection":[{"href":"https:\/\/magiiik.netstory.com.pl\/index.php?rest_route=\/wp\/v2\/product"}],"about":[{"href":"https:\/\/magiiik.netstory.com.pl\/index.php?rest_route=\/wp\/v2\/types\/product"}],"replies":[{"embeddable":true,"href":"https:\/\/magiiik.netstory.com.pl\/index.php?rest_route=%2Fwp%2Fv2%2Fcomments&post=11616"}],"wp:featuredmedia":[{"embeddable":true,"href":"https:\/\/magiiik.netstory.com.pl\/index.php?rest_route=\/wp\/v2\/media\/11617"}],"wp:attachment":[{"href":"https:\/\/magiiik.netstory.com.pl\/index.php?rest_route=%2Fwp%2Fv2%2Fmedia&parent=11616"}],"wp:term":[{"taxonomy":"product_brand","embeddable":true,"href":"https:\/\/magiiik.netstory.com.pl\/index.php?rest_route=%2Fwp%2Fv2%2Fproduct_brand&post=11616"},{"taxonomy":"product_cat","embeddable":true,"href":"https:\/\/magiiik.netstory.com.pl\/index.php?rest_route=%2Fwp%2Fv2%2Fproduct_cat&post=11616"},{"taxonomy":"product_tag","embeddable":true,"href":"https:\/\/magiiik.netstory.com.pl\/index.php?rest_route=%2Fwp%2Fv2%2Fproduct_tag&post=11616"}],"curies":[{"name":"wp","href":"https:\/\/api.w.org\/{rel}","templated":true}]}}