{"id":11603,"date":"2025-09-19T13:55:09","date_gmt":"2025-09-19T11:55:09","guid":{"rendered":"https:\/\/magiiik.netstory.com.pl\/produkt\/super-visual-silk-to-rose-by-juan-pablo\/"},"modified":"2025-09-19T13:56:00","modified_gmt":"2025-09-19T11:56:00","slug":"super-visual-silk-to-rose-by-juan-pablo","status":"publish","type":"product","link":"https:\/\/magiiik.netstory.com.pl\/?product=super-visual-silk-to-rose-by-juan-pablo","title":{"rendered":"Super Visual Silk To Rose by Juan Pablo"},"content":{"rendered":"<div class=\"auto-hide-last-sibling-br paragraph_9dc5f paragraph-element\" style=\"text-align: center;\">SUPER VISUAL SILK TO ROSE to najszybszy, naj\u0142atwiejszy i najbardziej wizualny spos\u00f3b na przekszta\u0142cenie chusteczki w r\u00f3\u017c\u0119!<\/div>\n<p style=\"text-align: center;\">\u00a0<\/p>\n<div class=\"auto-hide-last-sibling-br paragraph_9dc5f paragraph-element\" style=\"text-align: center;\">Efekt polega na tym, \u017ce kawa\u0142ek jedwabiu magicznie i wizualnie staje si\u0119 r\u00f3\u017c\u0105.<\/div>\n<div class=\"auto-hide-last-sibling-br paragraph_9dc5f paragraph-element\" style=\"text-align: center;\">Produkt oferuje trzy r\u00f3\u017cne sposoby przekszta\u0142cenia..<\/div>\n<div class=\"auto-hide-last-sibling-br paragraph_9dc5f paragraph-element\" style=\"text-align: center;\">Mo\u017cesz wymy\u015bli\u0107 inne sposoby osi\u0105gni\u0119cia efektu, poniewa\u017c produkt jest bardzo wszechstronny.<\/div>\n<p style=\"text-align: center;\">\u00a0<\/p>\n<div class=\"auto-hide-last-sibling-br paragraph_9dc5f paragraph-element\" style=\"text-align: center;\">SUPER VISUAL SILK TO ROSE jest wykonany z doskona\u0142ej jako\u015bci i wygl\u0105da jak absolutnie prawdziwa r\u00f3\u017ca. Dodatkowo system posiada mechanizm hamuj\u0105cy, dzi\u0119ki czemu efekt mo\u017cna wykona\u0107 nie tylko na pocz\u0105tku wyst\u0119pu, ale tak\u017ce w dowolnym momencie w trakcie pokazu.<\/div>\n<div class=\"auto-hide-last-sibling-br paragraph_9dc5f paragraph-element\" style=\"text-align: center;\">\u00a0<\/div>\n<div class=\"auto-hide-last-sibling-br paragraph_9dc5f paragraph-element\" style=\"text-align: center;\">Mechanizm jest zaprojektowany tak, aby produkt by\u0142 super trwa\u0142y przez d\u0142ugi czas.<\/div>\n<p style=\"text-align: center;\">\u00a0<\/p>\n<div class=\"auto-hide-last-sibling-br paragraph_9dc5f paragraph-element\" style=\"text-align: center;\">Przygotowanie do wykonania efektu zajmuje tylko 5 sekund, co pozwala praktycznie natychmiast wykona\u0107 efekt przy tylko 5-sekundowym przygotowaniu i by\u0107 gotowym do dzia\u0142ania.<\/div>\n<p style=\"text-align: center;\">\u00a0<\/p>\n<div class=\"auto-hide-last-sibling-br paragraph_9dc5f paragraph-element\" style=\"text-align: center;\">Fakt, \u017ce produkt jest przygotowywany w 5 sekund, pozwoli ci na wielokrotne pr\u00f3by bez konieczno\u015bci sp\u0119dzania czasu na przygotowywaniu efektu.<\/div>\n<p style=\"text-align: center;\">\u00a0<\/p>\n<div class=\"auto-hide-last-sibling-br paragraph_9dc5f paragraph-element\" style=\"text-align: center;\">Jest to efekt, kt\u00f3ry mo\u017cna wykona\u0107 zar\u00f3wno z bliska, jak i na scenie, poniewa\u017c pojawiaj\u0105ca si\u0119 r\u00f3\u017ca wygl\u0105da bardzo realistycznie.<\/div>\n<div class=\"auto-hide-last-sibling-br paragraph_9dc5f paragraph-element\" style=\"text-align: center;\">\u00a0<\/div>\n<div class=\"auto-hide-last-sibling-br paragraph_9dc5f paragraph-element\" style=\"text-align: center;\"><iframe loading=\"lazy\" title=\"YouTube video player\" src=\"\/\/www.youtube.com\/embed\/OwoXtYK-IAw\" width=\"560\" height=\"315\" frameborder=\"0\" allowfullscreen=\"allowfullscreen\"><\/iframe><\/div>\n","protected":false},"excerpt":{"rendered":"<p>SUPER VISUAL SILK TO ROSE to najszybszy, naj\u0142atwiejszy i najbardziej wizualny spos\u00f3b na przekszta\u0142cenie chusteczki w r\u00f3\u017c\u0119! \u00a0 Efekt polega na tym, \u017ce kawa\u0142ek jedwabiu magicznie i wizualnie staje si\u0119&#8230;<\/p>\n","protected":false},"featured_media":11604,"comment_status":"closed","ping_status":"open","template":"","meta":[],"product_brand":[],"product_cat":[65],"product_tag":[],"class_list":{"0":"post-11603","1":"product","2":"type-product","3":"status-publish","4":"has-post-thumbnail","6":"product_cat-iluzja-sceniczna-iluzja-sceniczna","8":"first","9":"instock","10":"purchasable","11":"product-type-simple"},"_links":{"self":[{"href":"https:\/\/magiiik.netstory.com.pl\/index.php?rest_route=\/wp\/v2\/product\/11603","targetHints":{"allow":["GET"]}}],"collection":[{"href":"https:\/\/magiiik.netstory.com.pl\/index.php?rest_route=\/wp\/v2\/product"}],"about":[{"href":"https:\/\/magiiik.netstory.com.pl\/index.php?rest_route=\/wp\/v2\/types\/product"}],"replies":[{"embeddable":true,"href":"https:\/\/magiiik.netstory.com.pl\/index.php?rest_route=%2Fwp%2Fv2%2Fcomments&post=11603"}],"wp:featuredmedia":[{"embeddable":true,"href":"https:\/\/magiiik.netstory.com.pl\/index.php?rest_route=\/wp\/v2\/media\/11604"}],"wp:attachment":[{"href":"https:\/\/magiiik.netstory.com.pl\/index.php?rest_route=%2Fwp%2Fv2%2Fmedia&parent=11603"}],"wp:term":[{"taxonomy":"product_brand","embeddable":true,"href":"https:\/\/magiiik.netstory.com.pl\/index.php?rest_route=%2Fwp%2Fv2%2Fproduct_brand&post=11603"},{"taxonomy":"product_cat","embeddable":true,"href":"https:\/\/magiiik.netstory.com.pl\/index.php?rest_route=%2Fwp%2Fv2%2Fproduct_cat&post=11603"},{"taxonomy":"product_tag","embeddable":true,"href":"https:\/\/magiiik.netstory.com.pl\/index.php?rest_route=%2Fwp%2Fv2%2Fproduct_tag&post=11603"}],"curies":[{"name":"wp","href":"https:\/\/api.w.org\/{rel}","templated":true}]}}