{"id":11600,"date":"2025-09-19T13:55:09","date_gmt":"2025-09-19T11:55:09","guid":{"rendered":"https:\/\/magiiik.netstory.com.pl\/produkt\/anything-by-alen-l-bond-lee-iarvel-magic\/"},"modified":"2025-09-19T13:55:57","modified_gmt":"2025-09-19T11:55:57","slug":"anything-by-alen-l-bond-lee-iarvel-magic","status":"publish","type":"product","link":"https:\/\/magiiik.netstory.com.pl\/?product=anything-by-alen-l-bond-lee-iarvel-magic","title":{"rendered":"ANYTHING by Alen L, Bond Lee &#038; Iarvel Magic"},"content":{"rendered":"<div class=\"auto-hide-last-sibling-br paragraph_9dc5f paragraph-element\" style=\"text-align: center;\">Przedstawiamy Anything autorstwa Alena L. i Bonda Lee. Wyprodukowane przez MS Magic.<\/div>\n<p style=\"text-align: center;\">\u00a0<\/p>\n<div class=\"auto-hide-last-sibling-br paragraph_9dc5f paragraph-element\" style=\"text-align: center;\">Anything to moc zmiany rzeczywisto\u015bci.<\/div>\n<p style=\"text-align: center;\">\u00a0<\/p>\n<div class=\"auto-hide-last-sibling-br paragraph_9dc5f paragraph-element\" style=\"text-align: center;\">Wyobra\u017a sobie, \u017ce mo\u017cesz zmieni\u0107 cokolwiek w co\u015b innego &#8211; tak to w\u0142a\u015bnie wygl\u0105da.<\/div>\n<div class=\"auto-hide-last-sibling-br paragraph_9dc5f paragraph-element\" style=\"text-align: center;\">Transformacja, produkcja, znikni\u0119cie, przepowiednia \u2013 wszystko to mo\u017cesz osi\u0105gn\u0105\u0107 za pomoc\u0105 jednego rekwizytu.<\/div>\n<p style=\"text-align: center;\">\u00a0<\/p>\n<div class=\"auto-hide-last-sibling-br paragraph_9dc5f paragraph-element\" style=\"text-align: center;\">Mo\u017cesz u\u017cy\u0107 dowolnego ma\u0142ego przedmiotu, kt\u00f3ry pasuje: karty, monety, klucza, kostki, kawa\u0142ka papieru i wielu innych. Naprawd\u0119 super wizualny efekt; naprawd\u0119 pot\u0119\u017cna magia.<\/div>\n<p style=\"text-align: center;\">\u00a0<\/p>\n<div class=\"auto-hide-last-sibling-br paragraph_9dc5f paragraph-element\" style=\"text-align: center;\">Rzeczywisto\u015b\u0107 czasem jest iluzj\u0105.<\/div>\n<p style=\"text-align: center;\">\u00a0<\/p>\n<div class=\"auto-hide-last-sibling-br paragraph_9dc5f paragraph-element\" style=\"text-align: center;\">Witamy w \u015bwiecie Anything.<\/div>\n<div class=\"auto-hide-last-sibling-br paragraph_9dc5f paragraph-element\" style=\"text-align: center;\">\u00a0<\/div>\n<div class=\"auto-hide-last-sibling-br paragraph_9dc5f paragraph-element\" style=\"text-align: center;\"><iframe loading=\"lazy\" title=\"YouTube video player\" src=\"\/\/www.youtube.com\/embed\/rzilaIS3PqE\" width=\"560\" height=\"315\" frameborder=\"0\" allowfullscreen=\"allowfullscreen\"><\/iframe><\/div>\n","protected":false},"excerpt":{"rendered":"<p>Przedstawiamy Anything autorstwa Alena L. i Bonda Lee. Wyprodukowane przez MS Magic. \u00a0 Anything to moc zmiany rzeczywisto\u015bci. \u00a0 Wyobra\u017a sobie, \u017ce mo\u017cesz zmieni\u0107 cokolwiek w co\u015b innego &#8211; tak&#8230;<\/p>\n","protected":false},"featured_media":11601,"comment_status":"closed","ping_status":"open","template":"","meta":[],"product_brand":[],"product_cat":[41],"product_tag":[],"class_list":{"0":"post-11600","1":"product","2":"type-product","3":"status-publish","4":"has-post-thumbnail","6":"product_cat-mikro-iluzja-close-up-efekty-z-kartami","8":"first","9":"instock","10":"purchasable","11":"product-type-simple"},"_links":{"self":[{"href":"https:\/\/magiiik.netstory.com.pl\/index.php?rest_route=\/wp\/v2\/product\/11600","targetHints":{"allow":["GET"]}}],"collection":[{"href":"https:\/\/magiiik.netstory.com.pl\/index.php?rest_route=\/wp\/v2\/product"}],"about":[{"href":"https:\/\/magiiik.netstory.com.pl\/index.php?rest_route=\/wp\/v2\/types\/product"}],"replies":[{"embeddable":true,"href":"https:\/\/magiiik.netstory.com.pl\/index.php?rest_route=%2Fwp%2Fv2%2Fcomments&post=11600"}],"wp:featuredmedia":[{"embeddable":true,"href":"https:\/\/magiiik.netstory.com.pl\/index.php?rest_route=\/wp\/v2\/media\/11601"}],"wp:attachment":[{"href":"https:\/\/magiiik.netstory.com.pl\/index.php?rest_route=%2Fwp%2Fv2%2Fmedia&parent=11600"}],"wp:term":[{"taxonomy":"product_brand","embeddable":true,"href":"https:\/\/magiiik.netstory.com.pl\/index.php?rest_route=%2Fwp%2Fv2%2Fproduct_brand&post=11600"},{"taxonomy":"product_cat","embeddable":true,"href":"https:\/\/magiiik.netstory.com.pl\/index.php?rest_route=%2Fwp%2Fv2%2Fproduct_cat&post=11600"},{"taxonomy":"product_tag","embeddable":true,"href":"https:\/\/magiiik.netstory.com.pl\/index.php?rest_route=%2Fwp%2Fv2%2Fproduct_tag&post=11600"}],"curies":[{"name":"wp","href":"https:\/\/api.w.org\/{rel}","templated":true}]}}