{"id":11592,"date":"2025-09-19T13:55:09","date_gmt":"2025-09-19T11:55:09","guid":{"rendered":"https:\/\/magiiik.netstory.com.pl\/produkt\/refilled-by-henry-harrius\/"},"modified":"2025-09-19T13:55:50","modified_gmt":"2025-09-19T11:55:50","slug":"refilled-by-henry-harrius","status":"publish","type":"product","link":"https:\/\/magiiik.netstory.com.pl\/?product=refilled-by-henry-harrius","title":{"rendered":"Refilled by Henry Harrius"},"content":{"rendered":"<div class=\"auto-hide-last-sibling-br paragraph_9dc5f paragraph-element\" style=\"text-align: center;\">Henry Harrius w ko\u0144cu ujawnia jeden z sekret\u00f3w swojego komercyjnego show: REFILLED.<\/div>\n<p style=\"text-align: center;\">\u00a0<\/p>\n<div class=\"auto-hide-last-sibling-br paragraph_9dc5f paragraph-element\" style=\"text-align: center;\">Najpierw przedstawiasz pust\u0105 szklan\u0105 butelk\u0119 (corona), papierow\u0105 torb\u0119 i otwieracz jako &#8222;magiczn\u0105 r\u00f3\u017cd\u017ck\u0119&#8221;.<\/div>\n<div class=\"auto-hide-last-sibling-br paragraph_9dc5f paragraph-element\" style=\"text-align: center;\">Po kilku \u017cartach, kt\u00f3re naturalnie wplataj\u0105 si\u0119 w rutyn\u0119, butelka magicznie nape\u0142nia si\u0119 w ca\u0142kowicie zapiecz\u0119towanym stanie!<\/div>\n<div class=\"auto-hide-last-sibling-br paragraph_9dc5f paragraph-element\" style=\"text-align: center;\">Piwo mo\u017cna natychmiast wr\u0119czy\u0107, a Twoi widzowie mog\u0105 cieszy\u0107 si\u0119 reszt\u0105 Twojego show, pij\u0105c je.<\/div>\n<div class=\"auto-hide-last-sibling-br paragraph_9dc5f paragraph-element\" style=\"text-align: center;\">\u00a0<\/div>\n<div class=\"auto-hide-last-sibling-br paragraph_9dc5f paragraph-element\" style=\"text-align: center;\">Dzi\u0119ki sprytnie dopracowanej rutynie, widz mo\u017ce teraz dotyka\u0107, a nawet s\u0142ysze\u0107 pust\u0105 butelk\u0119 przed efektem. To naprawd\u0119 dodaje g\u0142\u0119bi iluzji i znacznie zwi\u0119ksza pot\u0119g\u0119 &#8222;magii&#8221;.<\/div>\n<p style=\"text-align: center;\">\u00a0<\/p>\n<div class=\"auto-hide-last-sibling-br paragraph_9dc5f paragraph-element\" style=\"text-align: center;\">Refilled to pi\u0119kna wariacja na temat klasycznej znikaj\u0105cej butelki Norm Nielsen. Za zgod\u0105 Norm Nielsen Magic, zesp\u00f3\u0142 HHP opracowa\u0142 <strong>NAJREALISTYCZNIEJSZY<\/strong> gimmick butelki, jaki mo\u017cna znale\u017a\u0107 na rynku.<\/div>\n<div class=\"auto-hide-last-sibling-br paragraph_9dc5f paragraph-element\" style=\"text-align: center;\">\u00a0<\/div>\n<div class=\"auto-hide-last-sibling-br paragraph_9dc5f paragraph-element\" style=\"text-align: center;\">Ta praktyczna, a jednocze\u015bnie pot\u0119\u017cna rutyna jest idealna do ka\u017cdego wyst\u0119pu w salonie, na scenie, a nawet w pokazach zoom.<\/div>\n<p style=\"text-align: center;\">\u00a0<\/p>\n<div class=\"auto-hide-last-sibling-br paragraph_9dc5f paragraph-element\" style=\"text-align: center;\"><em>&#8222;Znikni\u0119cie butelki w papierowej torbie to popularny element. Henry wpad\u0142 na wspania\u0142\u0105 wersj\u0119, kt\u00f3ra zar\u00f3wno pot\u0119guje iluzj\u0119, jak i dodaje nowe zaskakuj\u0105ce zako\u0144czenie.&#8221;<\/em><\/div>\n<div class=\"auto-hide-last-sibling-br paragraph_9dc5f paragraph-element\" style=\"text-align: center;\"><strong>Tom Stone<\/strong><\/div>\n<p style=\"text-align: center;\">\u00a0<\/p>\n<div class=\"auto-hide-last-sibling-br paragraph_9dc5f paragraph-element\" style=\"text-align: center;\"><em>&#8222;Ostatnie ulepszenia Henry&#8217;ego dotycz\u0105ce znikaj\u0105cej butelki przybli\u017caj\u0105 go o krok do bycia geniuszem. <\/em><\/div>\n<div class=\"auto-hide-last-sibling-br paragraph_9dc5f paragraph-element\" style=\"text-align: center;\"><em>Ta wersja natychmiast trafia do moich ukrytych cud\u00f3w.&#8221;<\/em><\/div>\n<div class=\"auto-hide-last-sibling-br paragraph_9dc5f paragraph-element\" style=\"text-align: center;\"><strong>Shawn Farquhar<\/strong><\/div>\n<p style=\"text-align: center;\">\u00a0<\/p>\n<div class=\"auto-hide-last-sibling-br paragraph_9dc5f paragraph-element\" style=\"text-align: center;\"><em>&#8222;To najlepszy, najbardziej realistyczny rekwizyt tego rodzaju z zako\u0144czeniem, z kt\u00f3rego ka\u017cdy profesjonalista b\u0119dzie dumny. <\/em><\/div>\n<div class=\"auto-hide-last-sibling-br paragraph_9dc5f paragraph-element\" style=\"text-align: center;\"><em>Ja na pewno b\u0119d\u0119.&#8221;<\/em><\/div>\n<div class=\"auto-hide-last-sibling-br paragraph_9dc5f paragraph-element\" style=\"text-align: center;\"><strong>Eric Jones<\/strong><\/div>\n<p style=\"text-align: center;\">\u00a0<\/p>\n<div class=\"auto-hide-last-sibling-br paragraph_9dc5f paragraph-element\" style=\"text-align: center;\"><em>&#8222;Bardzo prosty (i genialnie wykonany) rekwizyt oraz bardzo prosta rutyna wystarcz\u0105 Henry&#8217;emu, <\/em><\/div>\n<div class=\"auto-hide-last-sibling-br paragraph_9dc5f paragraph-element\" style=\"text-align: center;\"><em>aby nasze umys\u0142y \u0142atwo zosta\u0142y oszukane. Na zdrowie!&#8221;<\/em><\/div>\n<div class=\"auto-hide-last-sibling-br paragraph_9dc5f paragraph-element\" style=\"text-align: center;\"><strong>Pit Hartling<\/strong><\/div>\n<p>Co jest w zestawie?<\/p>\n<p>\u00a0<\/p>\n<ul class=\"auto-hide-last-sibling-br\">\n<li>Precyzyjnie wykonany gimmick butelki<\/li>\n<li>20 zestaw\u00f3w naklejek (na co najmniej 100 wyst\u0119p\u00f3w)<\/li>\n<li>Drewniany otwieracz do butelek<\/li>\n<\/ul>\n<p style=\"text-align: center;\"><iframe loading=\"lazy\" title=\"YouTube video player\" src=\"\/\/www.youtube.com\/embed\/dafHMn9Zyeg\" width=\"560\" height=\"315\" frameborder=\"0\" allowfullscreen=\"allowfullscreen\"><\/iframe><\/p>\n","protected":false},"excerpt":{"rendered":"<p>Henry Harrius w ko\u0144cu ujawnia jeden z sekret\u00f3w swojego komercyjnego show: REFILLED. \u00a0 Najpierw przedstawiasz pust\u0105 szklan\u0105 butelk\u0119 (corona), papierow\u0105 torb\u0119 i otwieracz jako &#8222;magiczn\u0105 r\u00f3\u017cd\u017ck\u0119&#8221;. Po kilku \u017cartach, kt\u00f3re&#8230;<\/p>\n","protected":false},"featured_media":11593,"comment_status":"closed","ping_status":"open","template":"","meta":[],"product_brand":[],"product_cat":[65],"product_tag":[],"class_list":{"0":"post-11592","1":"product","2":"type-product","3":"status-publish","4":"has-post-thumbnail","6":"product_cat-iluzja-sceniczna-iluzja-sceniczna","8":"first","9":"instock","10":"purchasable","11":"product-type-simple"},"_links":{"self":[{"href":"https:\/\/magiiik.netstory.com.pl\/index.php?rest_route=\/wp\/v2\/product\/11592","targetHints":{"allow":["GET"]}}],"collection":[{"href":"https:\/\/magiiik.netstory.com.pl\/index.php?rest_route=\/wp\/v2\/product"}],"about":[{"href":"https:\/\/magiiik.netstory.com.pl\/index.php?rest_route=\/wp\/v2\/types\/product"}],"replies":[{"embeddable":true,"href":"https:\/\/magiiik.netstory.com.pl\/index.php?rest_route=%2Fwp%2Fv2%2Fcomments&post=11592"}],"wp:featuredmedia":[{"embeddable":true,"href":"https:\/\/magiiik.netstory.com.pl\/index.php?rest_route=\/wp\/v2\/media\/11593"}],"wp:attachment":[{"href":"https:\/\/magiiik.netstory.com.pl\/index.php?rest_route=%2Fwp%2Fv2%2Fmedia&parent=11592"}],"wp:term":[{"taxonomy":"product_brand","embeddable":true,"href":"https:\/\/magiiik.netstory.com.pl\/index.php?rest_route=%2Fwp%2Fv2%2Fproduct_brand&post=11592"},{"taxonomy":"product_cat","embeddable":true,"href":"https:\/\/magiiik.netstory.com.pl\/index.php?rest_route=%2Fwp%2Fv2%2Fproduct_cat&post=11592"},{"taxonomy":"product_tag","embeddable":true,"href":"https:\/\/magiiik.netstory.com.pl\/index.php?rest_route=%2Fwp%2Fv2%2Fproduct_tag&post=11592"}],"curies":[{"name":"wp","href":"https:\/\/api.w.org\/{rel}","templated":true}]}}