{"id":11588,"date":"2025-09-19T13:55:09","date_gmt":"2025-09-19T11:55:09","guid":{"rendered":"https:\/\/magiiik.netstory.com.pl\/produkt\/wand-to-flower-by-jl-magic\/"},"modified":"2025-09-19T13:55:47","modified_gmt":"2025-09-19T11:55:47","slug":"wand-to-flower-by-jl-magic","status":"publish","type":"product","link":"https:\/\/magiiik.netstory.com.pl\/?product=wand-to-flower-by-jl-magic","title":{"rendered":"Wand to flower by JL MAGIC"},"content":{"rendered":"<div class=\"auto-hide-last-sibling-br paragraph_9dc5f paragraph-element\" style=\"text-align: center;\">&#8222;Wand to Flower&#8221; od JL Magic.<\/div>\n<div class=\"auto-hide-last-sibling-br paragraph_9dc5f paragraph-element\" style=\"text-align: center;\">Magik pokazuje pust\u0105 doniczk\u0119 i wrzuca do niej czerwone &#8222;ziarno&#8221;.<\/div>\n<div class=\"auto-hide-last-sibling-br paragraph_9dc5f paragraph-element\" style=\"text-align: center;\">Po machni\u0119ciu magiczn\u0105 r\u00f3\u017cd\u017ck\u0105, ziarno natychmiast zakwita w pi\u0119kny kwiat!<\/div>\n<div class=\"auto-hide-last-sibling-br paragraph_9dc5f paragraph-element\" style=\"text-align: center;\">Wyj\u0105tkowo \u0142atwe do wykonania przez dzieci od 4 roku \u017cycia.<\/div>\n<p>\u00a0<\/p>\n<ul class=\"auto-hide-last-sibling-br\">\n<li>\u0141atwe do wykonania i ustawienia<\/li>\n<li>Nie wymaga \u017cadnych umiej\u0119tno\u015bci<\/li>\n<li>Wykonane z wysokiej jako\u015bci materia\u0142\u00f3w<\/li>\n<\/ul>\n<p>\u00a0<\/p>\n<p style=\"text-align: center;\"><iframe loading=\"lazy\" title=\"YouTube video player\" src=\"\/\/www.youtube.com\/embed\/iN-Xm_ejUgM\" width=\"560\" height=\"315\" frameborder=\"0\" allowfullscreen=\"allowfullscreen\"><\/iframe><\/p>\n","protected":false},"excerpt":{"rendered":"<p>&#8222;Wand to Flower&#8221; od JL Magic. Magik pokazuje pust\u0105 doniczk\u0119 i wrzuca do niej czerwone &#8222;ziarno&#8221;. Po machni\u0119ciu magiczn\u0105 r\u00f3\u017cd\u017ck\u0105, ziarno natychmiast zakwita w pi\u0119kny kwiat! Wyj\u0105tkowo \u0142atwe do wykonania&#8230;<\/p>\n","protected":false},"featured_media":11589,"comment_status":"closed","ping_status":"open","template":"","meta":[],"product_brand":[],"product_cat":[18],"product_tag":[],"class_list":{"0":"post-11588","1":"product","2":"type-product","3":"status-publish","4":"has-post-thumbnail","6":"product_cat-iluzja-dla-dzieci","8":"first","9":"instock","10":"purchasable","11":"product-type-simple"},"_links":{"self":[{"href":"https:\/\/magiiik.netstory.com.pl\/index.php?rest_route=\/wp\/v2\/product\/11588","targetHints":{"allow":["GET"]}}],"collection":[{"href":"https:\/\/magiiik.netstory.com.pl\/index.php?rest_route=\/wp\/v2\/product"}],"about":[{"href":"https:\/\/magiiik.netstory.com.pl\/index.php?rest_route=\/wp\/v2\/types\/product"}],"replies":[{"embeddable":true,"href":"https:\/\/magiiik.netstory.com.pl\/index.php?rest_route=%2Fwp%2Fv2%2Fcomments&post=11588"}],"wp:featuredmedia":[{"embeddable":true,"href":"https:\/\/magiiik.netstory.com.pl\/index.php?rest_route=\/wp\/v2\/media\/11589"}],"wp:attachment":[{"href":"https:\/\/magiiik.netstory.com.pl\/index.php?rest_route=%2Fwp%2Fv2%2Fmedia&parent=11588"}],"wp:term":[{"taxonomy":"product_brand","embeddable":true,"href":"https:\/\/magiiik.netstory.com.pl\/index.php?rest_route=%2Fwp%2Fv2%2Fproduct_brand&post=11588"},{"taxonomy":"product_cat","embeddable":true,"href":"https:\/\/magiiik.netstory.com.pl\/index.php?rest_route=%2Fwp%2Fv2%2Fproduct_cat&post=11588"},{"taxonomy":"product_tag","embeddable":true,"href":"https:\/\/magiiik.netstory.com.pl\/index.php?rest_route=%2Fwp%2Fv2%2Fproduct_tag&post=11588"}],"curies":[{"name":"wp","href":"https:\/\/api.w.org\/{rel}","templated":true}]}}