{"id":11586,"date":"2025-09-19T13:55:09","date_gmt":"2025-09-19T11:55:09","guid":{"rendered":"https:\/\/magiiik.netstory.com.pl\/produkt\/classic-drooping-flower\/"},"modified":"2025-09-19T13:55:45","modified_gmt":"2025-09-19T11:55:45","slug":"classic-drooping-flower","status":"publish","type":"product","link":"https:\/\/magiiik.netstory.com.pl\/?product=classic-drooping-flower","title":{"rendered":"Classic Drooping Flower"},"content":{"rendered":"<div id=\"tw-target-text\" class=\"tw-data-text tw-text-large tw-ta\" dir=\"ltr\" style=\"text-align: center;\" data-placeholder=\"T\u0142umaczenie\" data-ved=\"2ahUKEwiy5fyT04CIAxWRQFUIHQSKABYQ3ewLegQIBxAU\"><span class=\"Y2IQFc\" lang=\"pl\">Ten numer zawsze wywo\u0142uje \u015bmiech zabawn\u0105 prezentacj\u0105!<\/span><\/div>\n<div class=\"tw-data-text tw-text-large tw-ta\" dir=\"ltr\" style=\"text-align: center;\" data-placeholder=\"T\u0142umaczenie\" data-ved=\"2ahUKEwiy5fyT04CIAxWRQFUIHQSKABYQ3ewLegQIBxAU\">\u00a0<\/div>\n<div class=\"tw-data-text tw-text-large tw-ta\" dir=\"ltr\" style=\"text-align: center;\" data-placeholder=\"T\u0142umaczenie\" data-ved=\"2ahUKEwiy5fyT04CIAxWRQFUIHQSKABYQ3ewLegQIBxAU\"><span class=\"Y2IQFc\" lang=\"pl\"><iframe loading=\"lazy\" title=\"YouTube video player\" src=\"\/\/www.youtube.com\/embed\/V-HVAQmNCtU\" width=\"560\" height=\"315\" frameborder=\"0\" allowfullscreen=\"allowfullscreen\"><\/iframe><\/span><\/div>\n<div class=\"tw-data-text tw-text-large tw-ta\" dir=\"ltr\" style=\"text-align: center;\" data-placeholder=\"T\u0142umaczenie\" data-ved=\"2ahUKEwiy5fyT04CIAxWRQFUIHQSKABYQ3ewLegQIBxAU\">\u00a0<\/div>\n<div class=\"tw-data-text tw-text-large tw-ta\" dir=\"ltr\" data-placeholder=\"T\u0142umaczenie\" data-ved=\"2ahUKEwiy5fyT04CIAxWRQFUIHQSKABYQ3ewLegQIBxAU\">\u00a0<\/div>\n","protected":false},"excerpt":{"rendered":"<p>Ten numer zawsze wywo\u0142uje \u015bmiech zabawn\u0105 prezentacj\u0105! \u00a0 \u00a0 \u00a0<\/p>\n","protected":false},"featured_media":11587,"comment_status":"closed","ping_status":"open","template":"","meta":[],"product_brand":[],"product_cat":[18],"product_tag":[],"class_list":{"0":"post-11586","1":"product","2":"type-product","3":"status-publish","4":"has-post-thumbnail","6":"product_cat-iluzja-dla-dzieci","8":"first","9":"instock","10":"purchasable","11":"product-type-simple"},"_links":{"self":[{"href":"https:\/\/magiiik.netstory.com.pl\/index.php?rest_route=\/wp\/v2\/product\/11586","targetHints":{"allow":["GET"]}}],"collection":[{"href":"https:\/\/magiiik.netstory.com.pl\/index.php?rest_route=\/wp\/v2\/product"}],"about":[{"href":"https:\/\/magiiik.netstory.com.pl\/index.php?rest_route=\/wp\/v2\/types\/product"}],"replies":[{"embeddable":true,"href":"https:\/\/magiiik.netstory.com.pl\/index.php?rest_route=%2Fwp%2Fv2%2Fcomments&post=11586"}],"wp:featuredmedia":[{"embeddable":true,"href":"https:\/\/magiiik.netstory.com.pl\/index.php?rest_route=\/wp\/v2\/media\/11587"}],"wp:attachment":[{"href":"https:\/\/magiiik.netstory.com.pl\/index.php?rest_route=%2Fwp%2Fv2%2Fmedia&parent=11586"}],"wp:term":[{"taxonomy":"product_brand","embeddable":true,"href":"https:\/\/magiiik.netstory.com.pl\/index.php?rest_route=%2Fwp%2Fv2%2Fproduct_brand&post=11586"},{"taxonomy":"product_cat","embeddable":true,"href":"https:\/\/magiiik.netstory.com.pl\/index.php?rest_route=%2Fwp%2Fv2%2Fproduct_cat&post=11586"},{"taxonomy":"product_tag","embeddable":true,"href":"https:\/\/magiiik.netstory.com.pl\/index.php?rest_route=%2Fwp%2Fv2%2Fproduct_tag&post=11586"}],"curies":[{"name":"wp","href":"https:\/\/api.w.org\/{rel}","templated":true}]}}