{"id":11584,"date":"2025-09-19T13:55:09","date_gmt":"2025-09-19T11:55:09","guid":{"rendered":"https:\/\/magiiik.netstory.com.pl\/produkt\/lit-match-producer\/"},"modified":"2025-09-19T13:55:45","modified_gmt":"2025-09-19T11:55:45","slug":"lit-match-producer","status":"publish","type":"product","link":"https:\/\/magiiik.netstory.com.pl\/?product=lit-match-producer","title":{"rendered":"Lit Match Producer"},"content":{"rendered":"<div id=\"tw-target-text\" class=\"tw-data-text tw-text-large tw-ta\" dir=\"ltr\" style=\"text-align: center;\" data-placeholder=\"T\u0142umaczenie\" data-ved=\"2ahUKEwiy5fyT04CIAxWRQFUIHQSKABYQ3ewLegQIBxAU\"><span class=\"Y2IQFc\" lang=\"pl\">Sztuczka z zapalon\u0105 zapa\u0142k\u0105 pomaga wykonawcy w dowolnym momencie jego wyst\u0119pu wyprodukowa\u0107 zapalon\u0105 zapa\u0142k\u0119. <\/span><\/div>\n<div class=\"tw-data-text tw-text-large tw-ta\" dir=\"ltr\" style=\"text-align: center;\" data-placeholder=\"T\u0142umaczenie\" data-ved=\"2ahUKEwiy5fyT04CIAxWRQFUIHQSKABYQ3ewLegQIBxAU\"><span class=\"Y2IQFc\" lang=\"pl\">Mo\u017ce go wyprodukowa\u0107 z kieszeni, pod klap\u0119, r\u0119kaw lub gdziekolwiek zechce. <\/span><\/div>\n<div class=\"tw-data-text tw-text-large tw-ta\" dir=\"ltr\" style=\"text-align: center;\" data-placeholder=\"T\u0142umaczenie\" data-ved=\"2ahUKEwiy5fyT04CIAxWRQFUIHQSKABYQ3ewLegQIBxAU\"><span class=\"Y2IQFc\" lang=\"pl\">Mo\u017ce u\u017cy\u0107 ognia do zapalenia papierosa lub \u015bwiecy i kontynuowa\u0107 sw\u00f3j pokaz. <\/span><\/div>\n<div class=\"tw-data-text tw-text-large tw-ta\" dir=\"ltr\" style=\"text-align: center;\" data-placeholder=\"T\u0142umaczenie\" data-ved=\"2ahUKEwiy5fyT04CIAxWRQFUIHQSKABYQ3ewLegQIBxAU\">\u00a0<\/div>\n<div class=\"tw-data-text tw-text-large tw-ta\" dir=\"ltr\" style=\"text-align: center;\" data-placeholder=\"T\u0142umaczenie\" data-ved=\"2ahUKEwiy5fyT04CIAxWRQFUIHQSKABYQ3ewLegQIBxAU\"><span class=\"Y2IQFc\" lang=\"pl\">Dostarczamy solidnie zbudowane cztery gimmicki Lit Match Producer w jednym zestawie.<\/span><\/div>\n","protected":false},"excerpt":{"rendered":"<p>Sztuczka z zapalon\u0105 zapa\u0142k\u0105 pomaga wykonawcy w dowolnym momencie jego wyst\u0119pu wyprodukowa\u0107 zapalon\u0105 zapa\u0142k\u0119. Mo\u017ce go wyprodukowa\u0107 z kieszeni, pod klap\u0119, r\u0119kaw lub gdziekolwiek zechce. Mo\u017ce u\u017cy\u0107 ognia do zapalenia&#8230;<\/p>\n","protected":false},"featured_media":11585,"comment_status":"closed","ping_status":"open","template":"","meta":[],"product_brand":[],"product_cat":[71],"product_tag":[],"class_list":{"0":"post-11584","1":"product","2":"type-product","3":"status-publish","4":"has-post-thumbnail","6":"product_cat-iluzja-sceniczna-manipulacje","8":"first","9":"instock","10":"purchasable","11":"product-type-simple"},"_links":{"self":[{"href":"https:\/\/magiiik.netstory.com.pl\/index.php?rest_route=\/wp\/v2\/product\/11584","targetHints":{"allow":["GET"]}}],"collection":[{"href":"https:\/\/magiiik.netstory.com.pl\/index.php?rest_route=\/wp\/v2\/product"}],"about":[{"href":"https:\/\/magiiik.netstory.com.pl\/index.php?rest_route=\/wp\/v2\/types\/product"}],"replies":[{"embeddable":true,"href":"https:\/\/magiiik.netstory.com.pl\/index.php?rest_route=%2Fwp%2Fv2%2Fcomments&post=11584"}],"wp:featuredmedia":[{"embeddable":true,"href":"https:\/\/magiiik.netstory.com.pl\/index.php?rest_route=\/wp\/v2\/media\/11585"}],"wp:attachment":[{"href":"https:\/\/magiiik.netstory.com.pl\/index.php?rest_route=%2Fwp%2Fv2%2Fmedia&parent=11584"}],"wp:term":[{"taxonomy":"product_brand","embeddable":true,"href":"https:\/\/magiiik.netstory.com.pl\/index.php?rest_route=%2Fwp%2Fv2%2Fproduct_brand&post=11584"},{"taxonomy":"product_cat","embeddable":true,"href":"https:\/\/magiiik.netstory.com.pl\/index.php?rest_route=%2Fwp%2Fv2%2Fproduct_cat&post=11584"},{"taxonomy":"product_tag","embeddable":true,"href":"https:\/\/magiiik.netstory.com.pl\/index.php?rest_route=%2Fwp%2Fv2%2Fproduct_tag&post=11584"}],"curies":[{"name":"wp","href":"https:\/\/api.w.org\/{rel}","templated":true}]}}